{"id":15744,"date":"2018-04-11T08:57:59","date_gmt":"2018-04-11T08:57:59","guid":{"rendered":"https:\/\/www.ufifilters.com\/business\/high-tech\/"},"modified":"2024-05-08T10:31:52","modified_gmt":"2024-05-08T08:31:52","slug":"high-tech","status":"publish","type":"page","link":"https:\/\/www.ufifilters.com\/fr\/business\/high-tech\/","title":{"rendered":"High-Tech"},"content":{"rendered":"<div class=\"wpb-content-wrapper\"><p>[vc_section full_width=\u00a0\u00bbstretch_row\u00a0\u00bb el_class=\u00a0\u00bbsection-high-tech-1 section-slider slider-left\u00a0\u00bb css=\u00a0\u00bb.vc_custom_1529572204395{padding-top: 75px !important;}\u00a0\u00bb el_id=\u00a0\u00bbracing\u00a0\u00bb][vc_row][vc_column width=\u00a0\u00bb1\/2&Prime; el_class=\u00a0\u00bbshadow-slider\u00a0\u00bb]<h2 class=\"boc_heading  al_left  \"  style=\"margin-bottom: 5px;margin-top: 0px;color: #333333;\"><span>Racing<\/span><\/h2>[vc_single_image image=\u00a0\u00bb27746&Prime; css=\u00a0\u00bb.vc_custom_1657526590880{padding-top: 30px !important;padding-right: 30px !important;padding-bottom: 30px !important;padding-left: 30px !important;}\u00a0\u00bb][\/vc_column][vc_column width=\u00a0\u00bb1\/2&Prime;][vc_column_text]C&rsquo;est la passion, alli\u00e9e \u00e0 la recherche continue pour le d\u00e9veloppement des technologies les plus avanc\u00e9es, qui anime l&rsquo;\u00e9quipe de la Division <strong>High Tech d&rsquo;UFI Filters<\/strong>, sp\u00e9cialis\u00e9e dans la production de solutions de filtration aux performances \u00abextr\u00eames\u00bb, comme celles n\u00e9cessaires par exemple en Formule 1. <strong>9 \u00e9quipes de F1 sur 10<\/strong> ont choisi nos produits: <strong>Ferrari, Mercedes et autres<\/strong>. Nos techniciens travaillent en \u00e9troite collaboration avec nos clients pour d\u00e9velopper des technologies de filtration optimales, travaillant en <strong>co-conception<\/strong> avec les ing\u00e9nieurs concepteurs des diff\u00e9rents fabricants. Le partenariat avec le monde de la course est n\u00e9 d\u00e9j\u00e0 dans les ann\u00e9es 70: le premier succ\u00e8s a eu lieu en <strong>1978<\/strong> lorsque <strong>UFI Filters<\/strong> a <strong>remport\u00e9<\/strong> <strong>son premier Grand Prix<\/strong> en Grande-Bretagne avec la Ferrari 312 T3 de Carlos Reutemann. En <strong>1979<\/strong>, UFI Filters<strong> remporte son premier championnat du monde de F1<\/strong>, gr\u00e2ce au travail d&rsquo;\u00e9quipe d&rsquo;UFI avec l&rsquo;\u00e9curie Ferrari F1. Une s\u00e9rie de r\u00e9sultats positifs qui se poursuivent aujourd&rsquo;hui avec la fourniture d&rsquo;environ 10.000 pi\u00e8ces par an, y compris les filtres hydrauliques, les filtres \u00e0 huile, les filtres \u00e0 carburant, la derni\u00e8re chance et les filtres \u00e0 air, pour les meilleures \u00e9quipes, non seulement dans les s\u00e9ries les plus connues, mais aussi dans d&rsquo;autres comp\u00e9titions telles que les championnats <strong>Formula2, MotoGp, Moto2, Moto3, GT2, GT3, GTE, LMP et Superbike<\/strong>. Le savoir-faire de notre division High Tech est un facteur cl\u00e9 pour la production automobile traditionnelle d&rsquo;UFI Filters, dans laquelle est vers\u00e9e l&rsquo;exp\u00e9rience acquise dans le monde de la course.[\/vc_column_text]<a\thref=\"\" \n\t\t\t\tclass=\"button btn_medium btn_theme_color btn_rounded btn_normal_style    view-more\"  target='_self'><span>D\u00c9COUVRIR<\/span><\/a>[\/vc_column][\/vc_row][vc_row el_class=\u00a0\u00bbimg-hidden\u00a0\u00bb][vc_column][vc_single_image alignment=\u00a0\u00bbcenter\u00a0\u00bb onclick=\u00a0\u00bbimg_link_large\u00a0\u00bb img_link_target=\u00a0\u00bb_blank\u00a0\u00bb image=\u00a0\u00bb27826&Prime;]<a\thref=\"#\" \n\t\t\t\tclass=\"button btn_medium btn_theme_color btn_rounded btn_normal_style    view-less\"  target='_self'><span>DIMINUER<\/span><\/a>[\/vc_column][\/vc_row][\/vc_section][vc_section full_width=\u00a0\u00bbstretch_row\u00a0\u00bb el_class=\u00a0\u00bbsection-high-tech-1 section-slider slider-right\u00a0\u00bb css=\u00a0\u00bb.vc_custom_1529572226853{margin-bottom: 75px !important;padding-top: 75px !important;}\u00a0\u00bb el_id=\u00a0\u00bbaero-space\u00a0\u00bb][vc_row][vc_column width=\u00a0\u00bb1\/2&Prime; el_class=\u00a0\u00bbshadow-slider\u00a0\u00bb]<h2 class=\"boc_heading  al_right  \"  style=\"margin-bottom: 20px;margin-top: 0px;color: #333;\"><span>Aero-Space<\/span><\/h2>[vc_single_image image=\u00a0\u00bb27742&Prime; css=\u00a0\u00bb.vc_custom_1657526617259{padding-top: 30px !important;padding-right: 30px !important;padding-bottom: 30px !important;padding-left: 30px !important;}\u00a0\u00bb][\/vc_column][vc_column width=\u00a0\u00bb1\/2&Prime;][vc_column_text]La <strong>Division High Tech du Groupe UFI FILTERS<\/strong> s&rsquo;occupe de la conception et de la fabrication de syst\u00e8mes de filtration d&rsquo;air, d&rsquo;huile et de carburant pour les v\u00e9hicules <strong>a\u00e9rospatiaux, militaires et marins du secteur de la d\u00e9fense<\/strong>. De notre exp\u00e9rience dans le monde de la course et de l&rsquo;\u00e9quipement d&rsquo;origine pour le secteur automobile, nous produisons des composants hautement technologiques, cr\u00e9\u00e9s avec savoir-faire, pour assurer une capacit\u00e9 de filtration, des performances et une fiabilit\u00e9 maximales dans les m\u00e9canismes d\u00e9licats et complexes tels que la bo\u00eete de vitesses d&rsquo;un h\u00e9licopt\u00e8re. Un exemple de produit de haute technologie est le <strong>filtre \u00e0 huile UFI Filters pour le circuit de lubrification du rotor principal<\/strong> fourni au plus important constructeur d&rsquo;<strong>h\u00e9licopt\u00e8res<\/strong> en Europe (Leonardo).[\/vc_column_text]<a\thref=\"#\" \n\t\t\t\tclass=\"button btn_medium btn_theme_color btn_rounded btn_normal_style    view-more\"  target='_self'><span>D\u00c9COUVRIR<\/span><\/a>[\/vc_column][\/vc_row][vc_row el_class=\u00a0\u00bbimg-hidden\u00a0\u00bb][vc_column][vc_single_image alignment=\u00a0\u00bbcenter\u00a0\u00bb onclick=\u00a0\u00bbimg_link_large\u00a0\u00bb img_link_target=\u00a0\u00bb_blank\u00a0\u00bb image=\u00a0\u00bb27822&Prime;]<a\thref=\"#\" \n\t\t\t\tclass=\"button btn_medium btn_theme_color btn_rounded btn_normal_style    view-less\"  target='_self'><span>DIMINUER<\/span><\/a>[\/vc_column][\/vc_row][\/vc_section]<\/p>\n<\/div>","protected":false},"excerpt":{"rendered":"<p>[vc_section full_width=\u00a0\u00bbstretch_row\u00a0\u00bb el_class=\u00a0\u00bbsection-high-tech-1 section-slider slider-left\u00a0\u00bb css=\u00a0\u00bb.vc_custom_1529572204395{padding-top: 75px !important;}\u00a0\u00bb el_id=\u00a0\u00bbracing\u00a0\u00bb][vc_row][vc_column width=\u00a0\u00bb1\/2&Prime; el_class=\u00a0\u00bbshadow-slider\u00a0\u00bb][vc_single_image image=\u00a0\u00bb27746&Prime; css=\u00a0\u00bb.vc_custom_1657526590880{padding-top: 30px !important;padding-right: 30px !important;padding-bottom: 30px !important;padding-left: 30px<\/p>\n<div class=\"h10\"><\/div>\n<p><a class=\"more-link1\" href=\"https:\/\/www.ufifilters.com\/fr\/business\/high-tech\/\">Tout lire<\/a><\/p>\n","protected":false},"author":6,"featured_media":0,"parent":15278,"menu_order":0,"comment_status":"closed","ping_status":"closed","template":"","meta":{"_acf_changed":false,"footnotes":""},"class_list":["post-15744","page","type-page","status-publish","hentry"],"acf":[],"aioseo_notices":[],"_links":{"self":[{"href":"https:\/\/www.ufifilters.com\/fr\/wp-json\/wp\/v2\/pages\/15744","targetHints":{"allow":["GET"]}}],"collection":[{"href":"https:\/\/www.ufifilters.com\/fr\/wp-json\/wp\/v2\/pages"}],"about":[{"href":"https:\/\/www.ufifilters.com\/fr\/wp-json\/wp\/v2\/types\/page"}],"author":[{"embeddable":true,"href":"https:\/\/www.ufifilters.com\/fr\/wp-json\/wp\/v2\/users\/6"}],"replies":[{"embeddable":true,"href":"https:\/\/www.ufifilters.com\/fr\/wp-json\/wp\/v2\/comments?post=15744"}],"version-history":[{"count":7,"href":"https:\/\/www.ufifilters.com\/fr\/wp-json\/wp\/v2\/pages\/15744\/revisions"}],"predecessor-version":[{"id":39567,"href":"https:\/\/www.ufifilters.com\/fr\/wp-json\/wp\/v2\/pages\/15744\/revisions\/39567"}],"up":[{"embeddable":true,"href":"https:\/\/www.ufifilters.com\/fr\/wp-json\/wp\/v2\/pages\/15278"}],"wp:attachment":[{"href":"https:\/\/www.ufifilters.com\/fr\/wp-json\/wp\/v2\/media?parent=15744"}],"curies":[{"name":"wp","href":"https:\/\/api.w.org\/{rel}","templated":true}]}}