{"id":15736,"date":"2018-04-11T08:57:29","date_gmt":"2018-04-11T08:57:29","guid":{"rendered":"https:\/\/www.ufifilters.com\/business\/hydraulic\/"},"modified":"2022-07-18T10:43:47","modified_gmt":"2022-07-18T08:43:47","slug":"hydraulique","status":"publish","type":"page","link":"https:\/\/www.ufifilters.com\/fr\/business\/hydraulique\/","title":{"rendered":"Filtration Hydraulique"},"content":{"rendered":"<div class=\"wpb-content-wrapper\"><p>[vc_section el_class=\u00a0\u00bbSection-aftermarket-1&Prime; css=\u00a0\u00bb.vc_custom_1529571982380{margin-bottom: 80px !important;}\u00a0\u00bb el_id=\u00a0\u00bbmobile\u00a0\u00bb][vc_row][vc_column][vc_column_text]<span class=\"JLqJ4b ChMk0b\" data-language-for-alternatives=\"fr\" data-language-to-translate-into=\"it\" data-phrase-index=\"0\">Depuis 1992, la <strong>division hydraulique UFI<\/strong> est la division du groupe UFI sp\u00e9cifiquement d\u00e9di\u00e9e \u00e0 la <strong>filtration hydraulique<\/strong>, sp\u00e9cialis\u00e9e dans la conception, la production et la commercialisation d&rsquo;une gamme compl\u00e8te de <strong>filtres hydrauliques fiables et hautement efficaces pour les applications mobiles et industrielles<\/strong>.<\/span> <span class=\"JLqJ4b ChMk0b\" data-language-for-alternatives=\"fr\" data-language-to-translate-into=\"it\" data-phrase-index=\"1\"><strong>Plus de 6000 r\u00e9f\u00e9rences sont disponibles dans le catalogue<\/strong> hydraulique UFI.<\/span>[\/vc_column_text][\/vc_column][\/vc_row][vc_row el_class=\u00a0\u00bbrow-1&Prime;][vc_column width=\u00a0\u00bb1\/2&Prime; el_class=\u00a0\u00bbdrawer-left\u00a0\u00bb]<h2 class=\"boc_heading  al_left  \"  style=\"margin-bottom: 10px;margin-top: 0px;color: #222222;\"><span>Mobile<\/span><\/h2>[vc_single_image alignment=\u00a0\u00bbcenter\u00a0\u00bb image=\u00a0\u00bb27738&Prime;][\/vc_column][vc_column width=\u00a0\u00bb1\/2&Prime; el_class=\u00a0\u00bbdrawer-right\u00a0\u00bb][vc_column_text]<strong>Solutions de filtration con\u00e7ues pour le secteur mobile<\/strong>. La fourniture d&rsquo;une \u00e9nergie hydraulique fiable aux v\u00e9hicules de l&rsquo;industrie de la construction garantit leur utilisation ainsi que leurs niveaux de productivit\u00e9, \u00e9vitant ainsi les probl\u00e8mes co\u00fbteux associ\u00e9s aux temps d&rsquo;arr\u00eat, \u00e0 l&rsquo;entretien et aux r\u00e9parations impr\u00e9vus. Lorsqu&rsquo;ils sont correctement prot\u00e9g\u00e9s contre la contamination, les composants du circuit hydraulique permettent aux syst\u00e8mes de fluides de v\u00e9hicules d&rsquo;atteindre des performances incroyables de puissance et d&rsquo;agilit\u00e9 dans une large gamme d&rsquo;applications et d&rsquo;environnements de travail.<br \/>\nLa qualit\u00e9 de la filtration est cruciale pour obtenir et maintenir ce niveau d&rsquo;efficacit\u00e9 au sein du syst\u00e8me hydraulique. En fait, les pannes hydrauliques sont g\u00e9n\u00e9ralement caus\u00e9es par la contamination des fluides.<\/p>\n<p>LA <strong>DIVISION HYDRAULIQUE UFI<\/strong>, gr\u00e2ce au savoir-faire et \u00e0 la longue exp\u00e9rience sp\u00e9cifique du secteur, apporte \u00e0 ses clients les connaissances et technologies adapt\u00e9es pour faire face et g\u00e9rer efficacement les probl\u00e8mes de filtration des applications mobiles gr\u00e2ce \u00e0 une large gamme de produits, ainsi que 6000 r\u00e9f\u00e9rences dans le catalogue.[\/vc_column_text]<a\thref=\"http:\/\/www.ufihyd.com\" \n\t\t\t\tclass=\"button btn_medium btn_theme_color btn_rounded btn_normal_style    botton-logo-blue\"  target='_blank'><span>D\u00c9COUVRIR<\/span><\/a><a\thref=\"http:\/\/www.sofima-hyd.com\" \n\t\t\t\tclass=\"button btn_medium btn_theme_color btn_rounded btn_normal_style    botton-logo-red\"  target='_blank'><span>D\u00c9COUVRIR<\/span><\/a>[\/vc_column][\/vc_row][\/vc_section][vc_section el_class=\u00a0\u00bbSection-aftermarket-2&Prime; css=\u00a0\u00bb.vc_custom_1529572002218{margin-bottom: 100px !important;}\u00a0\u00bb el_id=\u00a0\u00bbstationary\u00a0\u00bb][vc_row el_class=\u00a0\u00bbrow-1&Prime;][vc_column width=\u00a0\u00bb1\/2&Prime; el_class=\u00a0\u00bbdrawer-left\u00a0\u00bb][vc_column_text]<strong>Solutions de filtration pour applications hydrauliques stationnaires.<\/strong><\/p>\n<p>En plus de 25 ans d&rsquo;activit\u00e9, la division hydraulique du groupe UFI s&rsquo;est forg\u00e9 une solide r\u00e9putation non seulement dans le secteur du mobile mais aussi dans les secteurs des machines \u00e0 commande num\u00e9rique, des presses, des applications \u00e9oliennes et des syst\u00e8mes hydrauliques industriels en g\u00e9n\u00e9ral.<\/p>\n<p>La large gamme de filtres hydrauliques produits par <strong>UFI HYDRAULICS <\/strong>(plus de 6000 codes) r\u00e9pond aux exigences de chaque syst\u00e8me industriel en garantissant une protection maximale, un rendement \u00e9lev\u00e9 et une stabilit\u00e9 constante.<\/p>\n<p>Gr\u00e2ce \u00e0 la qualit\u00e9 des fluides utilis\u00e9s, les \u00e9l\u00e9ments hydrauliques pour applications stationnaires garantissent des performances \u00e9lev\u00e9es et une capacit\u00e9 de stockage \u00e9lev\u00e9e, synonyme d&rsquo;allongement de la dur\u00e9e de vie de l&rsquo;\u00e9l\u00e9ment lui-m\u00eame et de r\u00e9duction de la fr\u00e9quence de maintenance de service, comme l&rsquo;exige le march\u00e9.[\/vc_column_text]<a\thref=\"http:\/\/www.ufihyd.com\" \n\t\t\t\tclass=\"button btn_medium btn_theme_color btn_rounded btn_normal_style    botton-logo-blue\"  target='_blank'><span>D\u00c9COUVRIR<\/span><\/a><a\thref=\"http:\/\/www.sofima-hyd.com\" \n\t\t\t\tclass=\"button btn_medium btn_theme_color btn_rounded btn_normal_style    botton-logo-red\"  target='_blank'><span>D\u00c9COUVRIR<\/span><\/a>[\/vc_column][vc_column width=\u00a0\u00bb1\/2&Prime; el_class=\u00a0\u00bbdrawer-right\u00a0\u00bb]<h2 class=\"boc_heading  al_right  \"  style=\"margin-bottom: 10px;margin-top: 0px;color: #222222;\"><span>Stationary<\/span><\/h2>[vc_single_image alignment=\u00a0\u00bbcenter\u00a0\u00bb image=\u00a0\u00bb27734&Prime;][\/vc_column][\/vc_row][\/vc_section]<\/p>\n<\/div>","protected":false},"excerpt":{"rendered":"<p>[vc_section el_class=\u00a0\u00bbSection-aftermarket-1&Prime; css=\u00a0\u00bb.vc_custom_1529571982380{margin-bottom: 80px !important;}\u00a0\u00bb el_id=\u00a0\u00bbmobile\u00a0\u00bb][vc_row][vc_column][vc_column_text]Depuis 1992, la division hydraulique UFI est la division du groupe UFI sp\u00e9cifiquement d\u00e9di\u00e9e \u00e0<\/p>\n<div class=\"h10\"><\/div>\n<p><a class=\"more-link1\" href=\"https:\/\/www.ufifilters.com\/fr\/business\/hydraulique\/\">Tout lire<\/a><\/p>\n","protected":false},"author":6,"featured_media":0,"parent":15278,"menu_order":0,"comment_status":"closed","ping_status":"closed","template":"","meta":{"_acf_changed":false,"footnotes":""},"class_list":["post-15736","page","type-page","status-publish","hentry"],"acf":[],"aioseo_notices":[],"_links":{"self":[{"href":"https:\/\/www.ufifilters.com\/fr\/wp-json\/wp\/v2\/pages\/15736","targetHints":{"allow":["GET"]}}],"collection":[{"href":"https:\/\/www.ufifilters.com\/fr\/wp-json\/wp\/v2\/pages"}],"about":[{"href":"https:\/\/www.ufifilters.com\/fr\/wp-json\/wp\/v2\/types\/page"}],"author":[{"embeddable":true,"href":"https:\/\/www.ufifilters.com\/fr\/wp-json\/wp\/v2\/users\/6"}],"replies":[{"embeddable":true,"href":"https:\/\/www.ufifilters.com\/fr\/wp-json\/wp\/v2\/comments?post=15736"}],"version-history":[{"count":4,"href":"https:\/\/www.ufifilters.com\/fr\/wp-json\/wp\/v2\/pages\/15736\/revisions"}],"predecessor-version":[{"id":28535,"href":"https:\/\/www.ufifilters.com\/fr\/wp-json\/wp\/v2\/pages\/15736\/revisions\/28535"}],"up":[{"embeddable":true,"href":"https:\/\/www.ufifilters.com\/fr\/wp-json\/wp\/v2\/pages\/15278"}],"wp:attachment":[{"href":"https:\/\/www.ufifilters.com\/fr\/wp-json\/wp\/v2\/media?parent=15736"}],"curies":[{"name":"wp","href":"https:\/\/api.w.org\/{rel}","templated":true}]}}