{"id":15727,"date":"2018-04-11T08:57:17","date_gmt":"2018-04-11T08:57:17","guid":{"rendered":"https:\/\/www.ufifilters.com\/business\/aftermarket\/"},"modified":"2022-07-11T10:24:30","modified_gmt":"2022-07-11T08:24:30","slug":"aftermarket","status":"publish","type":"page","link":"https:\/\/www.ufifilters.com\/fr\/business\/aftermarket\/","title":{"rendered":"Aftermarket"},"content":{"rendered":"<div class=\"wpb-content-wrapper\"><p>[vc_section el_class=\u00a0\u00bbSection-aftermarket-1&Prime; css=\u00a0\u00bb.vc_custom_1655138400447{margin-bottom: 80px !important;}\u00a0\u00bb el_id=\u00a0\u00bbufi_aftermarket_light_vehicles\u00a0\u00bb][vc_row el_class=\u00a0\u00bbrow-1&Prime;][vc_column width=\u00a0\u00bb1\/2&Prime; el_class=\u00a0\u00bbdrawer-left shadow-slider\u00a0\u00bb]<h2 class=\"boc_heading  al_left  \"  style=\"margin-bottom: 10px;margin-top: 0px;color: #222222;\"><span>UFI March\u00e9 secondaire v\u00e9hicules l\u00e9gers<\/span><\/h2>[vc_single_image image=\u00a0\u00bb27698&Prime;][\/vc_column][vc_column width=\u00a0\u00bb1\/2&Prime; el_class=\u00a0\u00bbdrawer-right\u00a0\u00bb][vc_column_text]Le <strong>march\u00e9 secondaire de UFI Filters<\/strong> s\u2019occupe de la distribution de la rechange avec une strat\u00e9gie claire de d\u00e9veloppement \u00e0 l\u2019\u00e9chelle mondiale. L&rsquo;objectif de tout le personnel et de faire de son mieux : du d\u00e9veloppement des produits au marketing, avec un soutien constant \u00e0 la force de vente ; de la logistique, avec un service attentif, rapide et flexible au service qualit\u00e9, afin que <strong>le niveau de qualit\u00e9 de l&rsquo;\u00e9quipement d&rsquo;origine reste le m\u00eame pour les pi\u00e8ces de rechange de la marque UFI.<\/strong> Les <strong>19 bureaux de vente<\/strong> de UFI Aftermarket garantissent une pr\u00e9sence diffuse en Europe, en Chine, en Inde, en Am\u00e9rique du Nord et du Sud, en Afrique, au Moyen-Orient et en Oc\u00e9anie. <strong>Plus de 70 pays de par le monde<\/strong> o\u00f9 les produits UFI sont commercialis\u00e9s en partenariat avec les distributeurs les plus importants. La <strong>gamme du catalogue UFI<\/strong> comprend plus de <strong>2 400 r\u00e9f\u00e9rences pour voitures, v\u00e9hicules utilitaires l\u00e9gers et motos<\/strong> et garantit la <strong>couverture de plus de 98 % du parc automobile europ\u00e9en<\/strong> pour chaque famille de produits.[\/vc_column_text]<a\thref=\"https:\/\/ufi-aftermarket.com\/fr\/\" \n\t\t\t\tclass=\"button btn_medium btn_theme_color btn_rounded btn_normal_style    \"  target='_blank'><span>D\u00c9COUVRIR<\/span><\/a>[\/vc_column][\/vc_row][\/vc_section][vc_section el_class=\u00a0\u00bbSection-aftermarket-2&Prime; css=\u00a0\u00bb.vc_custom_1633614699386{margin-bottom: 80px !important;}\u00a0\u00bb el_id=\u00a0\u00bbufi_aftermarket_heavy_duty\u00a0\u00bb][vc_row el_class=\u00a0\u00bbrow-1&Prime;][vc_column width=\u00a0\u00bb1\/2&Prime; el_class=\u00a0\u00bbdrawer-left\u00a0\u00bb][vc_column_text]<strong>La gamme Aftermarket UFI Filters<\/strong> pour les applications <strong>Heavy Duty (poids lourds)<\/strong> augmente de mani\u00e8re constante : elle compte plus de 1 200 r\u00e9f\u00e9rences pour des applications routi\u00e8res (camions et bus), non routi\u00e8res (machines agricoles et engins de chantier) et pour les circuits ol\u00e9odynamiques. Elle offre des solutions \u00e0 la fine pointe de la technologie pour les moteurs les plus exigeants qui n\u00e9cessitent une fiabilit\u00e9 et une s\u00e9curit\u00e9 maximales. UFI Filters offre trois atouts fondamentaux:<\/p>\n<ul>\n<li><strong>La qualit\u00e9 originale du produit<\/strong>, gr\u00e2ce au savoir-faire acquis dans le domaine de l\u2019\u00e9quipement d\u2019origine, Les syst\u00e8mes de filtration UFI sont en effet choisis par les constructeurs qui repr\u00e9sentent 50% de la production mondiale des poids lourds. Les filtres UFI Heavy Duty ont \u00e9galement fait partie de l\u2019\u00e9quipement des 3 derniers gagnants du Camion international de l\u2019ann\u00e9e.<\/li>\n<li><strong>L\u2019exp\u00e9rience dans l&rsquo;\u00e9tude et la production en interne de mat\u00e9riaux filtrants innovants<\/strong>, qui appartiennent \u00e0 la marque FormulaUFI, les six formulations exclusives qui d\u00e9tiennent tous les secrets de la filtration.<\/li>\n<li><strong>Une \u00e9quipe d\u00e9di\u00e9e au secteur des poids lourds,<\/strong> pour la production, la commercialisation et le service \u00e0 la client\u00e8le.<\/li>\n<\/ul>\n<p>[\/vc_column_text]<a\thref=\"https:\/\/ufi-aftermarket.com\/fr\/\" \n\t\t\t\tclass=\"button btn_medium btn_theme_color btn_rounded btn_normal_style    \"  target='_blank'><span>D\u00c9COUVRIR<\/span><\/a>[\/vc_column][vc_column width=\u00a0\u00bb1\/2&Prime; el_class=\u00a0\u00bbdrawer-right shadow-slider\u00a0\u00bb]<h2 class=\"boc_heading  al_right  \"  style=\"margin-bottom: 10px;margin-top: 0px;color: #222222;\"><span>UFI Aftermarket Poids Lourds<\/span><\/h2>[vc_single_image alignment=\u00a0\u00bbright\u00a0\u00bb image=\u00a0\u00bb27694&Prime;][\/vc_column][\/vc_row][\/vc_section][vc_section el_class=\u00a0\u00bbSection-aftermarket-1&Prime; el_id=\u00a0\u00bbsofima_aftermarket\u00a0\u00bb][vc_row el_class=\u00a0\u00bbrow-1&Prime;][vc_column width=\u00a0\u00bb1\/2&Prime; el_class=\u00a0\u00bbdrawer-left shadow-slider\u00a0\u00bb]<h2 class=\"boc_heading  al_left  \"  style=\"margin-bottom: 10px;margin-top: 0px;color: #222222;\"><span>SOFIMA Aftermarket<\/span><\/h2>[vc_single_image image=\u00a0\u00bb27730&Prime;][\/vc_column][vc_column width=\u00a0\u00bb1\/2&Prime; el_class=\u00a0\u00bbdrawer-right\u00a0\u00bb][vc_column_text]<strong>SOFIMA<\/strong> est la marque\u00a0 Aftermarket du Groupe UFI commercialis\u00e9e pour le r\u00e9seau de la rechange ind\u00e9pendante depuis les ann\u00e9es 80. Elle garantit les m\u00eames niveaux de qualit\u00e9, innovation et technologies choisis pour la premi\u00e8re monte. La <strong>gamme<\/strong> du catalogue <strong>SOFIMA comprend plus de 3000 r\u00e9f\u00e9rences<\/strong>\u00a0 et garantit la <strong>couverture de plus de 98 % du parc automobile europ\u00e9en<\/strong> pour chaque famille de produits. Nous avons 17 bureaux de vente Aftermarket du Groupe dans le monde, qui assurent notre pr\u00e9sence diffuse en Europe, Chine, Am\u00e9rique du Nord, Afrique du Nord et Moyen Orient.[\/vc_column_text]<a\thref=\"https:\/\/sofima-aftermarket.com\/en\/\" \n\t\t\t\tclass=\"button btn_medium btn_theme_color btn_rounded btn_normal_style    \"  target='_blank'><span>D\u00c9COUVRIR<\/span><\/a>[\/vc_column][\/vc_row][\/vc_section]<\/p>\n<\/div>","protected":false},"excerpt":{"rendered":"<p>[vc_section el_class=\u00a0\u00bbSection-aftermarket-1&Prime; css=\u00a0\u00bb.vc_custom_1655138400447{margin-bottom: 80px !important;}\u00a0\u00bb el_id=\u00a0\u00bbufi_aftermarket_light_vehicles\u00a0\u00bb][vc_row el_class=\u00a0\u00bbrow-1&Prime;][vc_column width=\u00a0\u00bb1\/2&Prime; el_class=\u00a0\u00bbdrawer-left shadow-slider\u00a0\u00bb][vc_single_image image=\u00a0\u00bb27698&Prime;][\/vc_column][vc_column width=\u00a0\u00bb1\/2&Prime; el_class=\u00a0\u00bbdrawer-right\u00a0\u00bb][vc_column_text]Le march\u00e9 secondaire de UFI Filters s\u2019occupe de<\/p>\n<div class=\"h10\"><\/div>\n<p><a class=\"more-link1\" href=\"https:\/\/www.ufifilters.com\/fr\/business\/aftermarket\/\">Tout lire<\/a><\/p>\n","protected":false},"author":6,"featured_media":0,"parent":15278,"menu_order":0,"comment_status":"closed","ping_status":"closed","template":"","meta":{"_acf_changed":false,"footnotes":""},"class_list":["post-15727","page","type-page","status-publish","hentry"],"acf":[],"aioseo_notices":[],"_links":{"self":[{"href":"https:\/\/www.ufifilters.com\/fr\/wp-json\/wp\/v2\/pages\/15727","targetHints":{"allow":["GET"]}}],"collection":[{"href":"https:\/\/www.ufifilters.com\/fr\/wp-json\/wp\/v2\/pages"}],"about":[{"href":"https:\/\/www.ufifilters.com\/fr\/wp-json\/wp\/v2\/types\/page"}],"author":[{"embeddable":true,"href":"https:\/\/www.ufifilters.com\/fr\/wp-json\/wp\/v2\/users\/6"}],"replies":[{"embeddable":true,"href":"https:\/\/www.ufifilters.com\/fr\/wp-json\/wp\/v2\/comments?post=15727"}],"version-history":[{"count":4,"href":"https:\/\/www.ufifilters.com\/fr\/wp-json\/wp\/v2\/pages\/15727\/revisions"}],"predecessor-version":[{"id":27844,"href":"https:\/\/www.ufifilters.com\/fr\/wp-json\/wp\/v2\/pages\/15727\/revisions\/27844"}],"up":[{"embeddable":true,"href":"https:\/\/www.ufifilters.com\/fr\/wp-json\/wp\/v2\/pages\/15278"}],"wp:attachment":[{"href":"https:\/\/www.ufifilters.com\/fr\/wp-json\/wp\/v2\/media?parent=15727"}],"curies":[{"name":"wp","href":"https:\/\/api.w.org\/{rel}","templated":true}]}}