{"id":15386,"date":"2018-03-29T11:30:55","date_gmt":"2018-03-29T11:30:55","guid":{"rendered":"https:\/\/www.ufifilters.com\/il-gruppo\/"},"modified":"2025-07-11T14:10:16","modified_gmt":"2025-07-11T12:10:16","slug":"le-groupe","status":"publish","type":"page","link":"https:\/\/www.ufifilters.com\/fr\/le-groupe\/","title":{"rendered":"Le Groupe"},"content":{"rendered":"<div class=\"wpb-content-wrapper\"><p>[vc_section full_width=\u00a0\u00bbstretch_row\u00a0\u00bb css=\u00a0\u00bb.vc_custom_1523448224671{margin-top: 0px !important;margin-bottom: 60px !important;padding-top: 60px !important;padding-bottom: 60px !important;background: #ffffff url(http:\/\/www.ufifilters.com\/wp-content\/uploads\/2018\/04\/bg-group-1.png?id=276) !important;background-position: center !important;background-repeat: no-repeat !important;background-size: cover !important;}\u00a0\u00bb el_id=\u00a0\u00bbsection-group-1&Prime;][vc_row css=\u00a0\u00bb.vc_custom_1524566171976{margin-bottom: 0px !important;}\u00a0\u00bb el_id=\u00a0\u00bbprofile\u00a0\u00bb][vc_column]<h2 class=\"boc_heading title-section al_left  \"  style=\"margin-bottom: 20px;margin-top: 0px;color: #222222;font-size: 35px;\"><span>Qui sommes-nous<\/span><\/h2>[vc_column_text css=\u00a0\u00bb\u00a0\u00bb]<img loading=\"lazy\" decoding=\"async\" class=\"alignright wp-image-269 size-full img-shadow\" src=\"http:\/\/www.ufifilters.com\/wp-content\/uploads\/2018\/04\/group1.jpg\" alt=\"\" width=\"569\" height=\"313\" srcset=\"https:\/\/www.ufifilters.com\/wp-content\/uploads\/2018\/04\/group1.jpg 569w, https:\/\/www.ufifilters.com\/wp-content\/uploads\/2018\/04\/group1-300x165.jpg 300w\" sizes=\"auto, (max-width: 569px) 100vw, 569px\" \/>Fond\u00e9e en 1971, UFI Filters <strong>est le leader mondial des technologies de la filtration et de la gestion thermique<\/strong>. Ses produits sont utilis\u00e9s dans de tr\u00e8s nombreux domaines &#8211; <strong>automobile, a\u00e9rospatial et nautique et m\u00eame dans les applications hydrauliques personnalis\u00e9es et sp\u00e9cifiques pour l\u2019industrie<\/strong>. Renomm\u00e9s pour leurs caract\u00e9ristiques novatrices, les produits et les comp\u00e9tences techniques de UFI sont pr\u00e9sents dans d\u2019innombrables secteurs, des voitures de course Ferrari et d&rsquo;autres importantes \u00e9curies de F1 au v\u00e9hicule spatial europ\u00e9en ExoMars.<\/p>\n<div class=\"show_more\"><p class=\"wpsm-show\" style=\"color: #cc0000; font-size: 100%; text-align: left;\"> VENEZ D\u00c9COUVRIR<\/p><div class=\"wpsm-content\">\n<p>&nbsp;<\/p>\n<p>UFI fournit au secteur automobile <strong>une gamme compl\u00e8te de filtres \u00e0 air, huile, carburant, d\u2019habitacle tout comme des filtres hydrauliques et pour le refroidissement<\/strong>, tout comme des syst\u00e8mes de <strong>gestion thermique<\/strong>, satisfaisant ainsi les exigences de pratiquement tous les constructeurs d\u2019automobiles, de motocyclettes, de v\u00e9hicules commerciaux, industriels et agricoles. Sur le march\u00e9 de l\u2019<strong>\u00c9quipement d\u2019origine<\/strong>, UFI est le leader de la filtration. Chaque famille de filtres, commercialis\u00e9e avec nos <strong>deux marques pour le march\u00e9 secondaire UFI et Sofima<\/strong>, couvre 98% du parc automobile europ\u00e9en.<\/p>\n<p>UFI a \u00e9t\u00e9 une des premi\u00e8res soci\u00e9t\u00e9s italiennes qui a reconnu les possibilit\u00e9s de croissance en Extr\u00eame Orient, et poss\u00e8de actuellement <strong>21 sites industriels<\/strong> avec <strong>plus de 4 000 salari\u00e9s dans 21 pays diff\u00e9rents<\/strong>. L\u2019entreprise emploie <strong>plus de 250 techniciens sp\u00e9cialis\u00e9s<\/strong> dans ses<strong> 3 Centres d\u2019Innovation et de Recherche<\/strong> et d\u00e9tient plus de <strong>237 brevets<\/strong>. UFI a doubl\u00e9 son chiffre d\u2019affaires au cours des dix derni\u00e8res ann\u00e9es. La soci\u00e9t\u00e9, orient\u00e9e vers la recherche, investit plus de 5% de ses profits dans la Recherche et le D\u00e9veloppement.<\/p>\n<p>&nbsp;<\/p>\n<p><img loading=\"lazy\" decoding=\"async\" class=\"alignnone wp-image-31808 size-full\" src=\"https:\/\/www.ufifilters.com\/wp-content\/uploads\/2023\/02\/UFI_Filters_DidYouKnow_FR.png\" alt=\"\" width=\"1170\" height=\"446\" srcset=\"https:\/\/www.ufifilters.com\/wp-content\/uploads\/2023\/02\/UFI_Filters_DidYouKnow_FR.png 1170w, https:\/\/www.ufifilters.com\/wp-content\/uploads\/2023\/02\/UFI_Filters_DidYouKnow_FR-300x114.png 300w, https:\/\/www.ufifilters.com\/wp-content\/uploads\/2023\/02\/UFI_Filters_DidYouKnow_FR-1024x390.png 1024w, https:\/\/www.ufifilters.com\/wp-content\/uploads\/2023\/02\/UFI_Filters_DidYouKnow_FR-768x293.png 768w\" sizes=\"auto, (max-width: 1170px) 100vw, 1170px\" \/><br \/>\n <p class=\"wpsm-hide\" style=\"color: #cc0000; font-size: 100%; text-align: left;\"> DIMINUER<\/p><\/div><\/div>[\/vc_column_text][\/vc_column][\/vc_row][\/vc_section][vc_section full_width=\u00a0\u00bbstretch_row\u00a0\u00bb css=\u00a0\u00bb.vc_custom_1523521973635{margin-top: 0px !important;margin-bottom: 60px !important;padding-top: 60px !important;padding-bottom: 60px !important;background-color: #f8f8f8 !important;background-position: center !important;background-repeat: no-repeat !important;background-size: cover !important;}\u00a0\u00bb el_id=\u00a0\u00bbsection-group-3&Prime;][vc_row css=\u00a0\u00bb.vc_custom_1524825048452{margin-bottom: 0px !important;}\u00a0\u00bb el_id=\u00a0\u00bbufi-innovation-center\u00a0\u00bb][vc_column]<h2 class=\"boc_heading title-section al_left  \"  style=\"margin-bottom: 20px;margin-top: 0px;color: #222222;font-size: 35px;\"><span>Centre d\u2019Innovation UFI<\/span><\/h2>[vc_column_text]<img loading=\"lazy\" decoding=\"async\" class=\"img-shadow wp-image-341 size-full alignright\" src=\"http:\/\/www.ufifilters.com\/wp-content\/uploads\/2018\/04\/group3.jpg\" alt=\"\" width=\"568\" height=\"312\" srcset=\"https:\/\/www.ufifilters.com\/wp-content\/uploads\/2018\/04\/group3.jpg 568w, https:\/\/www.ufifilters.com\/wp-content\/uploads\/2018\/04\/group3-300x165.jpg 300w\" sizes=\"auto, (max-width: 568px) 100vw, 568px\" \/><\/p>\n<p>Recherche, conception, d\u00e9veloppement et essai de nouveaux mat\u00e9riaux de filtration. Mise en \u0153uvre constante de nouvelles solutions de filtration dans nos <strong>Centres d\u2019Innovation UFI en Italie, Chine et Inde<\/strong>.<\/p>\n<ul>\n<li><strong>Des instruments d\u2019essai \u00e0 l\u2019avant-garde, en mesure de simuler des conditions d\u2019utilisation r\u00e9elles<\/strong><\/li>\n<li><strong>Des installations de production pilotes d\u00e9di\u00e9es<\/strong><\/li>\n<li><strong>Des techniques sophistiqu\u00e9es pour les analyses chimico-physiques<\/strong><\/li>\n<li><strong>Une collaboration scientifique avec des universit\u00e9s italiennes et internationales<\/strong><\/li>\n<\/ul>\n<p>Il s\u2019agit des points des points cl\u00e9s qui nous permettent de d\u00e9velopper les m\u00e9dia filtrants sur mesure pour les exigences de nos Clients et d\u2019anticiper l\u2019\u00e9volution des technologies de la filtration.[\/vc_column_text][\/vc_column][\/vc_row][\/vc_section][vc_section full_width=\u00a0\u00bbstretch_row\u00a0\u00bb el_id=\u00a0\u00bbsection-group-4&Prime; css=\u00a0\u00bb.vc_custom_1529403567225{margin-top: 0px !important;margin-bottom: 60px !important;padding-top: 60px !important;padding-bottom: 60px !important;background-image: url(http:\/\/www.ufifilters.com\/wp-content\/uploads\/2018\/04\/bg-group-4.png?id=356) !important;background-position: center !important;background-repeat: no-repeat !important;background-size: cover !important;}\u00a0\u00bb][vc_row el_class=\u00a0\u00bbrow-1&Prime;][vc_column width=\u00a0\u00bb1\/2&Prime;][vc_single_image alignment=\u00a0\u00bbcenter\u00a0\u00bb style=\u00a0\u00bbvc_box_shadow\u00a0\u00bb image=\u00a0\u00bb34794&Prime;][\/vc_column][vc_column width=\u00a0\u00bb1\/2&Prime;]<h2 class=\"boc_heading title-section al_left  \"  style=\"margin-bottom: 20px;margin-top: 0px;color: #222222;font-size: 35px;\"><span>D\u00e9veloppement durable<\/span><\/h2>[vc_column_text]Un des objectifs primaires de Groupe UFI Filters est de conserver les ressources naturelles de la plan\u00e8te. UFI Filters recherche et met en \u0153uvre en permanence des solutions hautement respectueuses de l&rsquo;environnement, en d\u00e9veloppant des syst\u00e8mes \u00e0 la fine pointe de la technologie capables de r\u00e9duire la consommation d&rsquo;\u00e9nergie et les \u00e9missions de CO2. Le Rapport sur la responsabilit\u00e9 sociale des entreprises du Groupe UFI Filters pour 2024 pr\u00e9sente un aper\u00e7u des activit\u00e9s, des engagements, des r\u00e9sultats et des impacts du Groupe sur les contextes environnementaux, sociaux et de gouvernance dans lesquels il op\u00e8re. Le Rapport est organis\u00e9 en six chapitres qui d\u00e9crivent notre approche en mati\u00e8re de durabilit\u00e9 et se concentrent sur l\u2019impact et la valeur cr\u00e9\u00e9e pour les parties prenantes de UFI Filters.<\/p>\n<ul>\n<li>NOTRE VISION<\/li>\n<li>AU COEUR D\u2019UFI<\/li>\n<li>NOS FONDEMENTS<\/li>\n<li>NOTRE ENGAGEMENT POUR UN D\u00c9VELOPPEMENT DURABLE<\/li>\n<li>NOS TALENTS<\/li>\n<li>NOTRE RESPONSABILIT\u00c9 DANS L\u2019INNOVATION<\/li>\n<li>NOTRE IMPACT SUR LA PLAN\u00c8TE<\/li>\n<\/ul>\n<p>Le Rapport a \u00e9t\u00e9 r\u00e9dig\u00e9 conform\u00e9ment au Global Reporting Initiative (GRI), la norme internationale la plus largement utilis\u00e9e pour promouvoir le d\u00e9veloppement de rapports volontaires sur les performances \u00e9conomiques, environnementales et sociales.[\/vc_column_text]<a\thref=\"\/fr\/le-groupe\/sustainability\/\" \n\t\t\t\tclass=\"button btn_medium btn_theme_color btn_rounded btn_normal_style    \"  target='_blank'><span>D\u00c9COUVRIR<\/span><\/a>[\/vc_column][\/vc_row][\/vc_section][vc_section full_width=\u00a0\u00bbstretch_row\u00a0\u00bb el_id=\u00a0\u00bbsection-group-5&Prime; css=\u00a0\u00bb.vc_custom_1529403661779{margin-top: 0px !important;margin-bottom: 60px !important;padding-top: 60px !important;padding-bottom: 60px !important;background-image: url(http:\/\/www.ufifilters.com\/wp-content\/uploads\/2018\/04\/bg-group-1.png?id=276) !important;background-position: center !important;background-repeat: no-repeat !important;background-size: cover !important;}\u00a0\u00bb][vc_row el_class=\u00a0\u00bbrow-1&Prime; el_id=\u00a0\u00bbvalues-mission-and-vision\u00a0\u00bb][vc_column width=\u00a0\u00bb1\/2&Prime;]<h2 class=\"boc_heading title-section al_left  \"  style=\"margin-bottom: 20px;margin-top: 0px;color: #222222;font-size: 35px;\"><span>Valeurs, Mission et Vision<\/span><\/h2>[vc_column_text css=\u00a0\u00bb\u00a0\u00bb]<\/p>\n<h4><strong>NOTRE BUT<\/strong><\/h4>\n<p>Nous promouvons un monde durable gr\u00e2ce \u00e0 des solutions innovantes pour la production d&rsquo;\u00e9nergie propre et de filtration, en am\u00e9liorant le pr\u00e9sent et en permettant le meilleur avenir possible pour toutes les formes de vie.<\/p>\n<div class=\"show_more\"><p class=\"wpsm-show\" style=\"color: #cc0000; font-size: 100%; text-align: left;\"> VENEZ D\u00c9COUVRIR<\/p><div class=\"wpsm-content\">\n<h4><strong>NOTRE ENGAGEMENT<\/strong><\/h4>\n<p>Nous d\u00e9veloppons des technologies avanc\u00e9es pour la production d&rsquo;\u00e9nergie propre, la filtration et la mobilit\u00e9 durable, en offrant des solutions fiables et sur mesure. Nous collaborons avec des partenaires d\u2019excellences et investissons dans le d\u00e9veloppement de nos collaborateurs afin de r\u00e9pondre aux besoins de nos clients, en innovant constamment pour une plan\u00e8te plus durable.<\/p>\n<h4><strong>NOTRE VISION<\/strong><\/h4>\n<p>Power to a green and collective future.<\/p>\n<h4><strong>\u00a0<\/strong><strong>NOS VALEURS<\/strong><\/h4>\n<p><strong>PIONNIER DE L&rsquo;INNOVATION DURABLE<\/strong><\/p>\n<p>Nous nous engageons \u00e0 d\u00e9velopper des technologies de pointe qui respectent et prot\u00e8gent la plan\u00e8te. Notre objectif est de g\u00e9n\u00e9rer un impact concret sur l&rsquo;environnement et la soci\u00e9t\u00e9, en stimulant la curiosit\u00e9 et en d\u00e9veloppant des solutions innovantes pour un monde plus propre et plus durable.<\/p>\n<p><strong>LES PROMOTEURS DE L&rsquo;ESPRIT D&rsquo;ENTREPRISE<\/strong><\/p>\n<p>Nous valorisons l&rsquo;initiative et la responsabilit\u00e9, en encourageant une approche dynamique et ax\u00e9e sur les r\u00e9sultats. Avec pragmatisme, nous incitons nos \u00e9quipes \u00e0 innover et \u00e0 atteindre des objectifs ambitieux.<\/p>\n<p><strong>LE D\u00c9VOUEMENT \u00c0 L&rsquo;\u00c9GARD DES CLIENTS<\/strong><\/p>\n<p>Nous pla\u00e7ons les clients au centre de nos actions, avec le plus grand engagement en termes d&rsquo;int\u00e9grit\u00e9 et de transparence. Nous recherchons l&rsquo;excellence dans chaque interaction, en faisant de leurs besoins et de leurs attentes le guide de nos d\u00e9cisions, car leur succ\u00e8s est aussi le n\u00f4tre.<\/p>\n<p><strong>LA PASSION DE L&rsquo;EXCELLENCE<\/strong><\/p>\n<p>Nous mettons de la passion dans tout ce que nous faisons, visant constamment l&rsquo;excellence et la qualit\u00e9, en surpassant les attentes avec enthousiasme et d\u00e9vouement. Nous pensons que la passion est la cl\u00e9 pour obtenir des r\u00e9sultats exeptionnels, innover et cro\u00eetre chaque jour.<\/p>\n<p><strong>NOUS ACCORDONS DE L&rsquo;IMPORTANCE \u00c0 NOS COLLABORATEURS<\/strong><\/p>\n<p>Nous pla\u00e7ons les personnes au centre de nos pr\u00e9occupations, en leur offrant des parcours de d\u00e9veloppement personnalis\u00e9s et des initiatives qui favorisent leur \u00e9panouissement professionnel. Nous pensons qu&rsquo;un environnement de travail positif et stimulant est essentiel \u00e0 la r\u00e9ussite, tant individuelle que collective.<\/p>\n<p><strong>DIVERSIT\u00c9 ET INCLUSION<\/strong><\/p>\n<p>Nous sommes tous diff\u00e9rents. C&rsquo;est pourquoi nous valorisons et c\u00e9l\u00e9brons les diff\u00e9rences, convaincus qu&rsquo;un environnement inclusif et multiculturel est essentiel pour stimuler l&rsquo;innovation, favoriser la cr\u00e9ativit\u00e9 et attirer les meilleurs talents.<\/p>\n<p>&nbsp;<\/p>\n<h3>T\u00e9l\u00e9chargez notre<\/h3>\n<h3><strong><a href=\"\/EU\/wp-content\/uploads\/downloads\/pdfs\/Corporate_Documents_12_2024\/GPOL-01_Ed2024-09_-_UFI Filters Group Code Ethics [EN].pdf\" target=\"_blank\" rel=\"noopener\">Code de Conduite<\/a><\/strong><\/h3>\n<h3><strong><a href=\"\/EU\/wp-content\/uploads\/downloads\/pdfs\/Corporate_Documents_12_2024\/GPOL-02_Ed2024-09_-_UFI Filters Group Anti-Bribery [EN].pdf\" target=\"_blank\" rel=\"noopener\">Politique Anti-Corruption<\/a> <\/strong><\/h3>\n<h3><a href=\"\/EU\/wp-content\/uploads\/downloads\/pdfs\/Corporate_Documents_12_2024\/GPOL-12_Ed2024-11_-_UFI Filters Supplier Code of Conduct [EN].pdf\" target=\"_blank\" rel=\"noopener\"><strong>Code de Conduite pour les Fournisseurs<\/strong><\/a><\/h3>\n<p>&nbsp;<\/p>\n<p>&nbsp;<\/p>\n<p> <p class=\"wpsm-hide\" style=\"color: #cc0000; font-size: 100%; text-align: left;\"> DIMINUER<\/p><\/div><\/div>[\/vc_column_text][\/vc_column][vc_column width=\u00a0\u00bb1\/2&Prime;][vc_single_image alignment=\u00a0\u00bbcenter\u00a0\u00bb style=\u00a0\u00bbvc_box_shadow\u00a0\u00bb image=\u00a0\u00bb1219&Prime;][\/vc_column][\/vc_row][\/vc_section][vc_section full_width=\u00a0\u00bbstretch_row\u00a0\u00bb css=\u00a0\u00bb.vc_custom_1691049273100{margin-top: 0px !important;margin-bottom: 60px !important;padding-top: 60px !important;padding-bottom: 60px !important;background-image: url(http:\/\/www.ufifilters.com\/wp-content\/uploads\/2018\/04\/bg-group-4.png?id=356) !important;background-position: center !important;background-repeat: no-repeat !important;background-size: cover !important;}\u00a0\u00bb el_id=\u00a0\u00bbsection-group-6&Prime;][vc_row el_class=\u00a0\u00bbrow-1&Prime; el_id=\u00a0\u00bbcompliance\u00a0\u00bb][vc_column width=\u00a0\u00bb1\/2&Prime;][vc_single_image alignment=\u00a0\u00bbcenter\u00a0\u00bb style=\u00a0\u00bbvc_box_shadow\u00a0\u00bb image=\u00a0\u00bb34928&Prime;][\/vc_column][vc_column width=\u00a0\u00bb1\/2&Prime;]<h2 class=\"boc_heading title-section al_left  \"  style=\"margin-bottom: 20px;margin-top: 0px;color: #222222;font-size: 35px;\"><span>Conformit\u00e9<\/span><\/h2>[vc_column_text]Le Groupe UFI Filters s&rsquo;engage \u00e0 promouvoir une culture d&rsquo;entreprise bas\u00e9e sur un comportement \u00e9thique et une bonne gouvernance d&rsquo;entreprise, conform\u00e9ment aux principes \u00e9tablis dans le Code d&rsquo;\u00e9thique et la politique anti-corruption du Groupe.<\/p>\n<p>Pour prot\u00e9ger le respect de ces principes, le groupe UFI a activ\u00e9 un canal de signalement interne pour communiquer les violations potentielles de la loi, de son code d&rsquo;\u00e9thique, des politiques et proc\u00e9dures de l&rsquo;entreprise, garantissant la confidentialit\u00e9 et la confidentialit\u00e9 \u00e0 la partie signalante.[\/vc_column_text]<a\thref=\"\/wp-content\/uploads\/2024\/12\/GPOL-03_Ed2024-11_-_UFI_Filters_Group_Whistleblowing-Policy_EN.pdf\" \n\t\t\t\tclass=\"button btn_medium btn_theme_color btn_rounded btn_normal_style    \"  target='_blank'><span>T\u00c9L\u00c9CHARGEZ<\/span><\/a><a\thref=\"https:\/\/ufifilters.trusty.report\/\" \n\t\t\t\tclass=\"button btn_medium btn_theme_color btn_rounded btn_normal_style    \"  target='_blank'><span>SIGNALER<\/span><\/a>[\/vc_column][\/vc_row][\/vc_section]<\/p>\n<\/div>","protected":false},"excerpt":{"rendered":"<p>[vc_section full_width=\u00a0\u00bbstretch_row\u00a0\u00bb css=\u00a0\u00bb.vc_custom_1523448224671{margin-top: 0px !important;margin-bottom: 60px !important;padding-top: 60px !important;padding-bottom: 60px !important;background: #ffffff url(http:\/\/www.ufifilters.com\/wp-content\/uploads\/2018\/04\/bg-group-1.png?id=276) !important;background-position: center !important;background-repeat: no-repeat !important;background-size: cover !important;}\u00a0\u00bb<\/p>\n<div class=\"h10\"><\/div>\n<p><a class=\"more-link1\" href=\"https:\/\/www.ufifilters.com\/fr\/le-groupe\/\">Tout lire<\/a><\/p>\n","protected":false},"author":6,"featured_media":0,"parent":0,"menu_order":0,"comment_status":"closed","ping_status":"closed","template":"","meta":{"_acf_changed":false,"footnotes":""},"class_list":["post-15386","page","type-page","status-publish","hentry"],"acf":[],"aioseo_notices":[],"_links":{"self":[{"href":"https:\/\/www.ufifilters.com\/fr\/wp-json\/wp\/v2\/pages\/15386","targetHints":{"allow":["GET"]}}],"collection":[{"href":"https:\/\/www.ufifilters.com\/fr\/wp-json\/wp\/v2\/pages"}],"about":[{"href":"https:\/\/www.ufifilters.com\/fr\/wp-json\/wp\/v2\/types\/page"}],"author":[{"embeddable":true,"href":"https:\/\/www.ufifilters.com\/fr\/wp-json\/wp\/v2\/users\/6"}],"replies":[{"embeddable":true,"href":"https:\/\/www.ufifilters.com\/fr\/wp-json\/wp\/v2\/comments?post=15386"}],"version-history":[{"count":30,"href":"https:\/\/www.ufifilters.com\/fr\/wp-json\/wp\/v2\/pages\/15386\/revisions"}],"predecessor-version":[{"id":41597,"href":"https:\/\/www.ufifilters.com\/fr\/wp-json\/wp\/v2\/pages\/15386\/revisions\/41597"}],"wp:attachment":[{"href":"https:\/\/www.ufifilters.com\/fr\/wp-json\/wp\/v2\/media?parent=15386"}],"curies":[{"name":"wp","href":"https:\/\/api.w.org\/{rel}","templated":true}]}}