{"id":15278,"date":"2018-03-29T11:30:23","date_gmt":"2018-03-29T11:30:23","guid":{"rendered":"https:\/\/www.ufifilters.com\/business\/"},"modified":"2022-07-11T12:30:29","modified_gmt":"2022-07-11T10:30:29","slug":"business","status":"publish","type":"page","link":"https:\/\/www.ufifilters.com\/fr\/business\/","title":{"rendered":"Business"},"content":{"rendered":"<div class=\"wpb-content-wrapper\"><p>[vc_section el_class=\u00a0\u00bbzbtabs slider-left\u00a0\u00bb css=\u00a0\u00bb.vc_custom_1523612425200{margin-bottom: 80px !important;}\u00a0\u00bb][vc_row el_class=\u00a0\u00bbzbnavtab\u00a0\u00bb css=\u00a0\u00bb.vc_custom_1523548696548{margin-bottom: 0px !important;}\u00a0\u00bb][vc_column width=\u00a0\u00bb1\/2&Prime; css=\u00a0\u00bb.vc_custom_1523891917976{margin-bottom: 0px !important;}\u00a0\u00bb el_class=\u00a0\u00bbtab-header\u00a0\u00bb][vc_raw_html]JTNDdWwlM0UlMEElMjAlMjAlMjAlMjAlM0NsaSUyMGlkJTNEJTIydGFiMSUyMiUyMGNsYXNzJTNEJTIydGFiLWNhdGVnb3JpZSUyMHRhYi1jYXRlZ29yaWUtMDElMjIlM0VWJUMzJUE5aGljdWxlcyUyMEwlQzMlQTlnZXJzJTNDJTJGbGklM0UlMEElMjAlMjAlMjAlMjAlM0NsaSUyMGlkJTNEJTIydGFiMiUyMiUyMGNsYXNzJTNEJTIydGFiLWNhdGVnb3JpZSUyMHRhYi1jYXRlZ29yaWUtMDIlMjIlM0VQb2lkcyUyMExvdXJkcyUzQyUyRmxpJTNFJTBBJTIwJTIwJTIwJTIwJTNDbGklMjBpZCUzRCUyMnRhYjMlMjIlMjBjbGFzcyUzRCUyMnRhYi1jYXRlZ29yaWUlMjB0YWItY2F0ZWdvcmllLTAzJTIyJTNFU3lzdCVDMyVBOG1lcyUyMFRoZXJtaXF1ZXMlM0MlMkZsaSUzRSUwQSUyMCUyMCUyMCUyMCUzQ2xpJTIwaWQlM0QlMjJ0YWI0JTIyJTIwY2xhc3MlM0QlMjJ0YWItY2F0ZWdvcmllJTIwdGFiLWNhdGVnb3JpZS0wNCUyMiUzRVBpbGVzJTIwJUMzJTgwJTIwQ29tYnVzdGlibGUlM0MlMkZsaSUzRSUwQSUzQyUyRnVsJTNF[\/vc_raw_html][\/vc_column][vc_column width=\u00a0\u00bb1\/2&Prime; css=\u00a0\u00bb.vc_custom_1523548709580{margin-bottom: 0px !important;}\u00a0\u00bb]<h2 class=\"boc_heading  al_left  \"  style=\"margin-bottom: 20px;margin-top: 0px;color: #333;\"><span>\u00c9quipement d\u2019origine<\/span><\/h2>[\/vc_column][\/vc_row][vc_row el_class=\u00a0\u00bbcontent-tab-categorie tab1&Prime;][vc_column width=\u00a0\u00bb1\/2&Prime; el_class=\u00a0\u00bbshadow-slider\u00a0\u00bb][vc_single_image image=\u00a0\u00bb27718&Prime; css=\u00a0\u00bb.vc_custom_1657535285077{padding-top: 30px !important;padding-right: 30px !important;padding-bottom: 30px !important;padding-left: 30px !important;}\u00a0\u00bb][\/vc_column][vc_column width=\u00a0\u00bb1\/2&Prime;]<h2 class=\"boc_heading  al_left  \"  style=\"margin-bottom: 20px;margin-top: 0px;color: #333;\"><span>V\u00e9hicules L\u00e9gers<\/span><\/h2>[vc_column_text]Gr\u00e2ce \u00e0 l\u2019innovation constante de la technologie et aux investissements dans des produits toujours plus avant-gardistes, UFI Filters a consolid\u00e9 sa r\u00e9putation de <strong>fournisseur de premi\u00e8re monte <\/strong>des syst\u00e8mes de filtration pour le march\u00e9 automobile et pour les applications sp\u00e9ciales. Aujourd\u2019hui UFI est fournisseur en premi\u00e8re monte de <strong>6 des 7 constructeurs principaux d\u2019automobiles \u00e0 l\u2019\u00e9chelle mondiale.<\/strong>[\/vc_column_text]<a\thref=\"\/fr\/business\/equipement-origine-light-vehicles\/\" \n\t\t\t\tclass=\"button btn_medium btn_theme_color btn_rounded btn_normal_style    \"  target='_self'><span>D\u00c9COUVRIR<\/span><\/a>[\/vc_column][\/vc_row][vc_row el_class=\u00a0\u00bbcontent-tab-categorie tab2&Prime;][vc_column width=\u00a0\u00bb1\/2&Prime; el_class=\u00a0\u00bbshadow-slider\u00a0\u00bb][vc_single_image image=\u00a0\u00bb27714&Prime; css=\u00a0\u00bb.vc_custom_1657535296283{padding-top: 30px !important;padding-right: 30px !important;padding-bottom: 30px !important;padding-left: 30px !important;}\u00a0\u00bb][\/vc_column][vc_column width=\u00a0\u00bb1\/2&Prime;]<h2 class=\"boc_heading  al_left  \"  style=\"margin-bottom: 20px;margin-top: 0px;color: #333;\"><span>Poids Lourds<\/span><\/h2>[vc_column_text]Les produits UFI Filters ont \u00e9t\u00e9 choisis en premier \u00e9quipement par les constructeurs les plus importants, qui repr\u00e9sentent <strong>50% de la production mondiale des camions et v\u00e9hicules industriels. <\/strong>Les niveaux \u00e9lev\u00e9s d\u2019efficacit\u00e9 et de s\u00e9curit\u00e9, la gamme compl\u00e8te et les investissements dans de nouvelles solutions technologiques sont les points de force qui font de <strong>UFI un fournisseur de premi\u00e8re cat\u00e9gorie pour l&rsquo;\u00e9quipement d\u2019origine.<\/strong>[\/vc_column_text]<a\thref=\"\/fr\/business\/equipement-origine-heavy-duty\/\" \n\t\t\t\tclass=\"button btn_medium btn_theme_color btn_rounded btn_normal_style    \"  target='_self'><span>D\u00c9COUVRIR<\/span><\/a>[\/vc_column][\/vc_row][vc_row el_class=\u00a0\u00bbcontent-tab-categorie tab3&Prime;][vc_column width=\u00a0\u00bb1\/2&Prime; el_class=\u00a0\u00bbshadow-slider\u00a0\u00bb][vc_single_image image=\u00a0\u00bb27722&Prime; css=\u00a0\u00bb.vc_custom_1657535308790{padding-top: 30px !important;padding-right: 30px !important;padding-bottom: 30px !important;padding-left: 30px !important;}\u00a0\u00bb][\/vc_column][vc_column width=\u00a0\u00bb1\/2&Prime;]<h2 class=\"boc_heading  al_left  \"  style=\"margin-bottom: 20px;margin-top: 0px;color: #333;\"><span>Syst\u00e8mes thermiques<\/span><\/h2>[vc_column_text]En 2010, UFI Filters est entr\u00e9e dans le secteur de la R\u00e9gulation thermique et d\u00e9sormais nous sommes devenus fournisseur mondial de <strong>solutions pour la r\u00e9gulation compl\u00e8te du syst\u00e8me de lubrification en premi\u00e8re monte<\/strong>. Le Groupe UFI est le sp\u00e9cialiste de la production d\u2019<strong>\u00e9changeurs de chaleur en aluminium refroidis \u00e0 l\u2019eau et bras\u00e9s avec une technologie sous vide, <\/strong>un syst\u00e8me qui permet d\u2019obtenir un produit plus fiable et efficace, ce qui est d\u2019importance fondamentale pour le circuit du refroidissement de l\u2019huile.[\/vc_column_text]<a\thref=\"\/fr\/business\/equipement-origine-systemes-thermiques\/\" \n\t\t\t\tclass=\"button btn_medium btn_theme_color btn_rounded btn_normal_style    \"  target='_self'><span>D\u00c9COUVRIR<\/span><\/a>[\/vc_column][\/vc_row][vc_row el_class=\u00a0\u00bbcontent-tab-categorie tab4&Prime;][vc_column width=\u00a0\u00bb1\/2&Prime; el_class=\u00a0\u00bbshadow-slider\u00a0\u00bb][vc_single_image image=\u00a0\u00bb27706&Prime; css=\u00a0\u00bb.vc_custom_1657535347180{padding-top: 30px !important;padding-right: 30px !important;padding-bottom: 30px !important;padding-left: 30px !important;}\u00a0\u00bb][\/vc_column][vc_column width=\u00a0\u00bb1\/2&Prime;]<h2 class=\"boc_heading  al_left  \"  style=\"margin-bottom: 20px;margin-top: 0px;color: #333;\"><span>Piles \u00e0 combustible<\/span><\/h2>[vc_column_text]UFI Filters est pr\u00eate pour la <strong>mobilit\u00e9 \u00e0 hydrog\u00e8ne<\/strong>. Lorsqu\u2019il s\u2019agit de poids lourds, de gros tonnages et de longues distances, l\u2019utilisation de l\u2019hydrog\u00e8ne pour alimenter les piles \u00e0 combustible semble \u00eatre un des meilleurs choix pour r\u00e9duire radicalement la pollution atmosph\u00e9rique. UFI Filters a commenc\u00e9 d\u00e8s 2017 \u00e0 d\u00e9velopper des <strong>dispositifs destin\u00e9s \u00e0 l\u2019utilisation de l\u2019hydrog\u00e8ne dans les cellules \u00e0 combustible<\/strong>, tenant compte des difficult\u00e9s li\u00e9es \u00e0 la filtration, non seulement pour les applications sur les poids lourds, mais en pensant \u00e9galement au futur de la mobilit\u00e9 des voitures et des v\u00e9hicules utilitaires l\u00e9gers.[\/vc_column_text]<a\thref=\"\/fr\/business\/systemes-de-piles-a-combustible\/\" \n\t\t\t\tclass=\"button btn_medium btn_theme_color btn_rounded btn_normal_style    \"  target='_self'><span>D\u00c9COUVRIR<\/span><\/a>[\/vc_column][\/vc_row][\/vc_section][vc_section el_class=\u00a0\u00bbzbtabs slider-right\u00a0\u00bb css=\u00a0\u00bb.vc_custom_1523612434629{margin-bottom: 80px !important;}\u00a0\u00bb][vc_row el_class=\u00a0\u00bbzbnavtab\u00a0\u00bb css=\u00a0\u00bb.vc_custom_1523550121481{margin-bottom: 0px !important;}\u00a0\u00bb][vc_column width=\u00a0\u00bb1\/2&Prime; css=\u00a0\u00bb.vc_custom_1523891932687{margin-bottom: 0px !important;}\u00a0\u00bb el_class=\u00a0\u00bbtab-header\u00a0\u00bb][vc_raw_html]JTNDdWwlM0UlMEElMjAlMjAlMjAlMjAlM0NsaSUyMGlkJTNEJTIydGFiMSUyMiUyMGNsYXNzJTNEJTIydGFiLWNhdGVnb3JpZSUyMHRhYi1jYXRlZ29yaWUtMDElMjIlM0VVRkklMjBWJUMzJUE5aGljdWxlcyUyMEwlQzMlQTlnZXJzJTNDJTJGbGklM0UlMEElMjAlMjAlMjAlMjAlM0NsaSUyMGlkJTNEJTIydGFiMiUyMiUyMGNsYXNzJTNEJTIydGFiLWNhdGVnb3JpZSUyMHRhYi1jYXRlZ29yaWUtMDIlMjIlM0VVRkklMjBQb2lkcyUyMExvdXJkcyUzQyUyRmxpJTNFJTBBJTIwJTIwJTIwJTIwJTNDbGklMjBpZCUzRCUyMnRhYjMlMjIlMjBjbGFzcyUzRCUyMnRhYi1jYXRlZ29yaWUlMjB0YWItY2F0ZWdvcmllLTAzJTIyJTNFU29maW1hJTNDJTJGbGklM0UlMEElM0MlMkZ1bCUzRQ==[\/vc_raw_html][\/vc_column][vc_column width=\u00a0\u00bb1\/2&Prime; css=\u00a0\u00bb.vc_custom_1523550133247{margin-bottom: 0px !important;}\u00a0\u00bb]<h2 class=\"boc_heading  al_right  \"  style=\"margin-bottom: 20px;margin-top: 0px;color: #333;\"><span>Aftermarket<\/span><\/h2>[\/vc_column][\/vc_row][vc_row el_class=\u00a0\u00bbcontent-tab-categorie tab1&Prime;][vc_column width=\u00a0\u00bb1\/2&Prime; el_class=\u00a0\u00bbshadow-slider\u00a0\u00bb][vc_single_image image=\u00a0\u00bb27698&Prime; css=\u00a0\u00bb.vc_custom_1657535362113{padding-top: 30px !important;padding-right: 30px !important;padding-bottom: 30px !important;padding-left: 30px !important;}\u00a0\u00bb][\/vc_column][vc_column width=\u00a0\u00bb1\/2&Prime;]<h2 class=\"boc_heading  al_left  \"  style=\"margin-bottom: 20px;margin-top: 0px;color: #333;\"><span>UFI Aftermarket V\u00e9hicules L\u00e9gers<\/span><\/h2>[vc_column_text]Le <strong>march\u00e9 secondaire de UFI Filters<\/strong> s\u2019occupe de la distribution de la rechange avec une strat\u00e9gie claire de d\u00e9veloppement \u00e0 l\u2019\u00e9chelle mondiale. Les <strong>19 bureaux de vente<\/strong> de UFI Aftermarket garantissent une pr\u00e9sence diffuse en Europe, en Chine, en Inde, en Am\u00e9rique du Nord et du Sud, en Afrique, au Moyen-Orient et en Oc\u00e9anie. <strong>Plus de 70 pays de par le monde<\/strong> o\u00f9 les produits UFI sont commercialis\u00e9s en partenariat avec les distributeurs les plus importants. La <strong>gamme du catalogue UFI<\/strong> comprend plus de <strong>2 400 r\u00e9f\u00e9rences pour voitures, v\u00e9hicules utilitaires l\u00e9gers et motos<\/strong> et garantit la <strong>couverture de plus de 98 % du parc automobile europ\u00e9en<\/strong> pour chaque famille de produits.[\/vc_column_text]<a\thref=\"\/fr\/business\/aftermarket\/#ufi_aftermarket_light_vehicles\" \n\t\t\t\tclass=\"button btn_medium btn_theme_color btn_rounded btn_normal_style    \"  target='_self'><span>D\u00c9COUVRIR<\/span><\/a>[\/vc_column][\/vc_row][vc_row el_class=\u00a0\u00bbcontent-tab-categorie tab2&Prime;][vc_column width=\u00a0\u00bb1\/2&Prime; el_class=\u00a0\u00bbshadow-slider\u00a0\u00bb][vc_single_image image=\u00a0\u00bb27694&Prime; css=\u00a0\u00bb.vc_custom_1657535371287{padding-top: 30px !important;padding-right: 30px !important;padding-bottom: 30px !important;padding-left: 30px !important;}\u00a0\u00bb][\/vc_column][vc_column width=\u00a0\u00bb1\/2&Prime;]<h2 class=\"boc_heading  al_left  \"  style=\"margin-bottom: 20px;margin-top: 0px;color: #333;\"><span>UFI Aftermarket Poids Lourds<\/span><\/h2>[vc_column_text]<\/p>\n<div class=\"wpb_text_column wpb_content_element \">\n<div class=\"wpb_wrapper\">\n<p><strong>La gamme Aftermarket UFI Filters<\/strong> pour les applications <strong>Heavy Duty (poids lourds)<\/strong> augmente de mani\u00e8re constante : elle compte plus de 1 200 r\u00e9f\u00e9rences pour des applications routi\u00e8res (camions et bus), non routi\u00e8res (machines agricoles et engins de chantier) et pour les circuits ol\u00e9odynamiques. Elle offre des solutions \u00e0 la fine pointe de la technologie pour les moteurs les plus exigeants qui n\u00e9cessitent une fiabilit\u00e9 et une s\u00e9curit\u00e9 maximales. UFI Filters offre trois atouts fondamentaux: <strong>la qualit\u00e9 originale du produit<\/strong>, l<strong>\u2019exp\u00e9rience dans l\u2019\u00e9tude et la production en interne de mat\u00e9riaux filtrants innovants<\/strong>, qui appartiennent \u00e0 la marque FormulaUFI, <strong>une \u00e9quipe d\u00e9di\u00e9e au secteur des poids lourds.<\/strong><\/div>\n<\/div>\n<p>[\/vc_column_text]<a\thref=\"\/fr\/business\/aftermarket\/#ufi_aftermarket_heavy_duty\" \n\t\t\t\tclass=\"button btn_medium btn_theme_color btn_rounded btn_normal_style    \"  target='_self'><span>D\u00c9COUVRIR<\/span><\/a>[\/vc_column][\/vc_row][vc_row el_class=\u00a0\u00bbcontent-tab-categorie tab3&Prime;][vc_column width=\u00a0\u00bb1\/2&Prime; el_class=\u00a0\u00bbshadow-slider\u00a0\u00bb][vc_single_image image=\u00a0\u00bb27730&Prime; css=\u00a0\u00bb.vc_custom_1657535379902{padding-top: 30px !important;padding-right: 30px !important;padding-bottom: 30px !important;padding-left: 30px !important;}\u00a0\u00bb][\/vc_column][vc_column width=\u00a0\u00bb1\/2&Prime;]<h2 class=\"boc_heading  al_left  \"  style=\"margin-bottom: 20px;margin-top: 0px;color: #333;\"><span>SOFIMA Aftermarket<\/span><\/h2>[vc_column_text]<strong>SOFIMA<\/strong> est la marque\u00a0 Aftermarket du Groupe UFI commercialis\u00e9e pour le r\u00e9seau de la rechange ind\u00e9pendante depuis les ann\u00e9es 80. Elle garantit les m\u00eames niveaux de qualit\u00e9, innovation et technologies choisis pour la premi\u00e8re monte. La <strong>gamme<\/strong> du catalogue <strong>SOFIMA comprend plus de 3000 r\u00e9f\u00e9rences<\/strong>\u00a0 et garantit la <strong>couverture de plus de 98 % du parc automobile europ\u00e9en<\/strong> pour chaque famille de produits.[\/vc_column_text]<a\thref=\"\/fr\/business\/aftermarket\/#sofima_aftermarket\" \n\t\t\t\tclass=\"button btn_medium btn_theme_color btn_rounded btn_normal_style    \"  target='_self'><span>D\u00c9COUVRIR<\/span><\/a>[\/vc_column][\/vc_row][\/vc_section][vc_section el_class=\u00a0\u00bbzbtabs slider-left\u00a0\u00bb css=\u00a0\u00bb.vc_custom_1523612443763{margin-bottom: 80px !important;}\u00a0\u00bb][vc_row el_class=\u00a0\u00bbzbnavtab\u00a0\u00bb css=\u00a0\u00bb.vc_custom_1523550416161{margin-bottom: 0px !important;}\u00a0\u00bb][vc_column width=\u00a0\u00bb1\/2&Prime; css=\u00a0\u00bb.vc_custom_1523891938746{margin-bottom: 0px !important;}\u00a0\u00bb el_class=\u00a0\u00bbtab-header\u00a0\u00bb][vc_raw_html]JTNDdWwlM0UlMEElMjAlMjAlMjAlMjAlM0NsaSUyMGlkJTNEJTIydGFiMSUyMiUyMGNsYXNzJTNEJTIydGFiLWNhdGVnb3JpZSUyMHRhYi1jYXRlZ29yaWUtMDElMjIlM0VNb2JpbGUlM0MlMkZsaSUzRSUwQSUyMCUyMCUyMCUyMCUzQ2xpJTIwaWQlM0QlMjJ0YWIyJTIyJTIwY2xhc3MlM0QlMjJ0YWItY2F0ZWdvcmllJTIwdGFiLWNhdGVnb3JpZS0wMiUyMiUzRVN0YXRpb25hcnklM0MlMkZsaSUzRSUwQSUzQyUyRnVsJTNF[\/vc_raw_html][\/vc_column][vc_column width=\u00a0\u00bb1\/2&Prime; css=\u00a0\u00bb.vc_custom_1523550423527{margin-bottom: 0px !important;}\u00a0\u00bb]<h2 class=\"boc_heading  al_left  \"  style=\"margin-bottom: 20px;margin-top: 0px;color: #333;\"><span>Hydraulique<\/span><\/h2>[\/vc_column][\/vc_row][vc_row el_class=\u00a0\u00bbcontent-tab-categorie tab1&Prime;][vc_column width=\u00a0\u00bb1\/2&Prime; el_class=\u00a0\u00bbshadow-slider\u00a0\u00bb][vc_single_image image=\u00a0\u00bb27738&Prime; css=\u00a0\u00bb.vc_custom_1657535388075{padding-top: 30px !important;padding-right: 30px !important;padding-bottom: 30px !important;padding-left: 30px !important;}\u00a0\u00bb][\/vc_column][vc_column width=\u00a0\u00bb1\/2&Prime;]<h2 class=\"boc_heading  al_left  \"  style=\"margin-bottom: 20px;margin-top: 0px;color: #333;\"><span>Mobile<\/span><\/h2>[vc_column_text]La <strong>Division UFI Hydraulic<\/strong> est n\u00e9e en 1992 pour fournir des solutions de filtration hydraulique aussi bien pour le secteur mobile que pour les applications stationnaires. La puissance hydraulique fiable est un atout offert par la vaste gamme des <strong>produits UFI Hydraulic<\/strong> visant \u00e0 garantir des performances et une agilit\u00e9 \u00e9lev\u00e9es aux v\u00e9hicules de l&rsquo;industrie de la construction et aux applications mobiles dans toutes les conditions de travail. <strong>Plus de 6000<\/strong> <strong>r\u00e9f\u00e9rences<\/strong> sont disponibles sur le <strong>catalogue Hydraulic<\/strong>.[\/vc_column_text]<a\thref=\"\/fr\/business\/hydraulique\/#mobile\" \n\t\t\t\tclass=\"button btn_medium btn_theme_color btn_rounded btn_normal_style    \"  target='_self'><span>D\u00c9COUVRIR<\/span><\/a>[\/vc_column][\/vc_row][vc_row el_class=\u00a0\u00bbcontent-tab-categorie tab2&Prime;][vc_column width=\u00a0\u00bb1\/2&Prime; el_class=\u00a0\u00bbshadow-slider\u00a0\u00bb][vc_single_image image=\u00a0\u00bb27734&Prime; css=\u00a0\u00bb.vc_custom_1657535397303{padding-top: 30px !important;padding-right: 30px !important;padding-bottom: 30px !important;padding-left: 30px !important;}\u00a0\u00bb][\/vc_column][vc_column width=\u00a0\u00bb1\/2&Prime;]<h2 class=\"boc_heading  al_left  \"  style=\"margin-bottom: 20px;margin-top: 0px;color: #333;\"><span>Applications stationnaires<\/span><\/h2>[vc_column_text]<strong>Des solutions de filtration pour applications hydrauliques stationnaires.<\/strong> En plus de 25 ans d&rsquo;activit\u00e9, la <strong>Division UFI Hydraulic<\/strong> a acquis une solide r\u00e9putation dans l&rsquo;industrie et propose une vaste gamme de filtres pour les machines \u00e0 commande num\u00e9rique, les presses, les applications \u00e9oliennes et les syst\u00e8mes hydrauliques industriels en g\u00e9n\u00e9ral. Une protection maximale, un rendement \u00e9lev\u00e9, une stabilit\u00e9 constante du circuit ol\u00e9odynamique, une r\u00e9duction de la fr\u00e9quence d&rsquo;entretien sont les atouts des produits UFI Hydraulic, qui content <strong>plus de 6000 r\u00e9f\u00e9rences sur le catalogue<\/strong>.[\/vc_column_text]<a\thref=\"\/fr\/business\/hydraulique\/#stationary\" \n\t\t\t\tclass=\"button btn_medium btn_theme_color btn_rounded btn_normal_style    \"  target='_self'><span>D\u00c9COUVRIR<\/span><\/a>[\/vc_column][\/vc_row][\/vc_section][vc_section el_class=\u00a0\u00bbzbtabs slider-right\u00a0\u00bb css=\u00a0\u00bb.vc_custom_1523612453100{margin-bottom: 150px !important;}\u00a0\u00bb][vc_row el_class=\u00a0\u00bbzbnavtab\u00a0\u00bb css=\u00a0\u00bb.vc_custom_1523550443998{margin-bottom: 0px !important;}\u00a0\u00bb][vc_column width=\u00a0\u00bb1\/2&Prime; el_class=\u00a0\u00bbtab-header\u00a0\u00bb][vc_raw_html]JTNDdWwlM0UlMEElMjAlMjAlMjAlMjAlM0NsaSUyMGlkJTNEJTIydGFiMSUyMiUyMGNsYXNzJTNEJTIydGFiLWNhdGVnb3JpZSUyMHRhYi1jYXRlZ29yaWUtMDElMjIlM0VSYWNpbmclM0MlMkZsaSUzRSUwQSUyMCUyMCUyMCUyMCUzQ2xpJTIwaWQlM0QlMjJ0YWIyJTIyJTIwY2xhc3MlM0QlMjJ0YWItY2F0ZWdvcmllJTIwdGFiLWNhdGVnb3JpZS0wMiUyMiUzRUFlcm9zcGFjZSUzQyUyRmxpJTNFJTBBJTNDJTJGdWwlM0U=[\/vc_raw_html][\/vc_column][vc_column width=\u00a0\u00bb1\/2&Prime; css=\u00a0\u00bb.vc_custom_1523550450807{margin-bottom: 0px !important;}\u00a0\u00bb]<h2 class=\"boc_heading  al_right  \"  style=\"margin-bottom: 20px;margin-top: 0px;color: #333;\"><span>High-Tech<\/span><\/h2>[\/vc_column][\/vc_row][vc_row el_class=\u00a0\u00bbcontent-tab-categorie tab1&Prime;][vc_column width=\u00a0\u00bb1\/2&Prime; el_class=\u00a0\u00bbshadow-slider\u00a0\u00bb][vc_single_image image=\u00a0\u00bb27746&Prime; css=\u00a0\u00bb.vc_custom_1657535407931{padding-top: 30px !important;padding-right: 30px !important;padding-bottom: 30px !important;padding-left: 30px !important;}\u00a0\u00bb][\/vc_column][vc_column width=\u00a0\u00bb1\/2&Prime;]<h2 class=\"boc_heading  al_left  \"  style=\"margin-bottom: 20px;margin-top: 0px;color: #333;\"><span>Le monde des courses<\/span><\/h2>[vc_column_text]La <strong>Division High Tech<\/strong> UFI Filters est une \u00e9quipe sp\u00e9cialis\u00e9e dans la production de solutions de filtration pour des applications de tr\u00e8s haute performance, comme la <strong>Formule 1<\/strong> et les <strong>sports m\u00e9caniques<\/strong> en g\u00e9n\u00e9ral. <strong>7 sur 10 \u00e9curies de F1 \u2013 Ferrari, Mercedes et autres<\/strong> \u2013 ont choisi nos produits, un partenariat qui est n\u00e9 en 1976 avec l\u2019\u00e9quipe Ferrari.[\/vc_column_text]<a\thref=\"\/fr\/business\/high-tech\/#racing\" \n\t\t\t\tclass=\"button btn_medium btn_theme_color btn_rounded btn_normal_style    \"  target='_self'><span>D\u00c9COUVRIR<\/span><\/a>[\/vc_column][\/vc_row][vc_row el_class=\u00a0\u00bbcontent-tab-categorie tab2&Prime;][vc_column width=\u00a0\u00bb1\/2&Prime; el_class=\u00a0\u00bbshadow-slider\u00a0\u00bb][vc_single_image image=\u00a0\u00bb27742&Prime; css=\u00a0\u00bb.vc_custom_1657535416027{padding-top: 30px !important;padding-right: 30px !important;padding-bottom: 30px !important;padding-left: 30px !important;}\u00a0\u00bb][\/vc_column][vc_column width=\u00a0\u00bb1\/2&Prime;]<h2 class=\"boc_heading  al_left  \"  style=\"margin-bottom: 20px;margin-top: 0px;color: #333;\"><span>A\u00e9rospatial<\/span><\/h2>[vc_column_text]Le Groupe UFI Filters s\u2019est dot\u00e9 d\u2019une division sp\u00e9cialis\u00e9e, la <strong>Division High Tech<\/strong>, pour la conception et la production de syst\u00e8mes de filtration pour <strong>v\u00e9hicules a\u00e9rospatiaux, militaires et marins<\/strong>. Gr\u00e2ce \u00e0 l\u2019exp\u00e9rience dans le domaine de la course automobile et de l&rsquo;\u00e9quipement d&rsquo;origine pour automobiles, nous avons d\u00e9velopp\u00e9 notre savoir-faire au niveau des produits de haute technologie, tels que le filtre pour la bo\u00eete de vitesses, ou pour le rotor principal d&rsquo;un h\u00e9licopt\u00e8re.[\/vc_column_text]<a\thref=\"\/fr\/business\/high-tech\/#aero-space\" \n\t\t\t\tclass=\"button btn_medium btn_theme_color btn_rounded btn_normal_style    \"  target='_self'><span>D\u00c9COUVRIR<\/span><\/a>[\/vc_column][\/vc_row][\/vc_section]<\/p>\n<\/div>","protected":false},"excerpt":{"rendered":"<p>[vc_section el_class=\u00a0\u00bbzbtabs slider-left\u00a0\u00bb css=\u00a0\u00bb.vc_custom_1523612425200{margin-bottom: 80px !important;}\u00a0\u00bb][vc_row el_class=\u00a0\u00bbzbnavtab\u00a0\u00bb css=\u00a0\u00bb.vc_custom_1523548696548{margin-bottom: 0px !important;}\u00a0\u00bb][vc_column width=\u00a0\u00bb1\/2&Prime; css=\u00a0\u00bb.vc_custom_1523891917976{margin-bottom: 0px !important;}\u00a0\u00bb el_class=\u00a0\u00bbtab-header\u00a0\u00bb][vc_raw_html]JTNDdWwlM0UlMEElMjAlMjAlMjAlMjAlM0NsaSUyMGlkJTNEJTIydGFiMSUyMiUyMGNsYXNzJTNEJTIydGFiLWNhdGVnb3JpZSUyMHRhYi1jYXRlZ29yaWUtMDElMjIlM0VWJUMzJUE5aGljdWxlcyUyMEwlQzMlQTlnZXJzJTNDJTJGbGklM0UlMEElMjAlMjAlMjAlMjAlM0NsaSUyMGlkJTNEJTIydGFiMiUyMiUyMGNsYXNzJTNEJTIydGFiLWNhdGVnb3JpZSUyMHRhYi1jYXRlZ29yaWUtMDIlMjIlM0VQb2lkcyUyMExvdXJkcyUzQyUyRmxpJTNFJTBBJTIwJTIwJTIwJTIwJTNDbGklMjBpZCUzRCUyMnRhYjMlMjIlMjBjbGFzcyUzRCUyMnRhYi1jYXRlZ29yaWUlMjB0YWItY2F0ZWdvcmllLTAzJTIyJTNFU3lzdCVDMyVBOG1lcyUyMFRoZXJtaXF1ZXMlM0MlMkZsaSUzRSUwQSUyMCUyMCUyMCUyMCUzQ2xpJTIwaWQlM0QlMjJ0YWI0JTIyJTIwY2xhc3MlM0QlMjJ0YWItY2F0ZWdvcmllJTIwdGFiLWNhdGVnb3JpZS0wNCUyMiUzRVBpbGVzJTIwJUMzJTgwJTIwQ29tYnVzdGlibGUlM0MlMkZsaSUzRSUwQSUzQyUyRnVsJTNF[\/vc_raw_html][\/vc_column][vc_column width=\u00a0\u00bb1\/2&Prime; css=\u00a0\u00bb.vc_custom_1523548709580{margin-bottom: 0px !important;}\u00a0\u00bb][\/vc_column][\/vc_row][vc_row el_class=\u00a0\u00bbcontent-tab-categorie<\/p>\n<div class=\"h10\"><\/div>\n<p><a class=\"more-link1\" href=\"https:\/\/www.ufifilters.com\/fr\/business\/\">Tout lire<\/a><\/p>\n","protected":false},"author":6,"featured_media":0,"parent":0,"menu_order":0,"comment_status":"closed","ping_status":"closed","template":"","meta":{"_acf_changed":false,"footnotes":""},"class_list":["post-15278","page","type-page","status-publish","hentry"],"acf":[],"aioseo_notices":[],"_links":{"self":[{"href":"https:\/\/www.ufifilters.com\/fr\/wp-json\/wp\/v2\/pages\/15278","targetHints":{"allow":["GET"]}}],"collection":[{"href":"https:\/\/www.ufifilters.com\/fr\/wp-json\/wp\/v2\/pages"}],"about":[{"href":"https:\/\/www.ufifilters.com\/fr\/wp-json\/wp\/v2\/types\/page"}],"author":[{"embeddable":true,"href":"https:\/\/www.ufifilters.com\/fr\/wp-json\/wp\/v2\/users\/6"}],"replies":[{"embeddable":true,"href":"https:\/\/www.ufifilters.com\/fr\/wp-json\/wp\/v2\/comments?post=15278"}],"version-history":[{"count":10,"href":"https:\/\/www.ufifilters.com\/fr\/wp-json\/wp\/v2\/pages\/15278\/revisions"}],"predecessor-version":[{"id":28385,"href":"https:\/\/www.ufifilters.com\/fr\/wp-json\/wp\/v2\/pages\/15278\/revisions\/28385"}],"wp:attachment":[{"href":"https:\/\/www.ufifilters.com\/fr\/wp-json\/wp\/v2\/media?parent=15278"}],"curies":[{"name":"wp","href":"https:\/\/api.w.org\/{rel}","templated":true}]}}