{"id":15249,"date":"2018-03-29T11:30:03","date_gmt":"2018-03-29T11:30:03","guid":{"rendered":"https:\/\/www.ufifilters.com\/careers\/"},"modified":"2021-03-19T13:47:04","modified_gmt":"2021-03-19T12:47:04","slug":"carrieres","status":"publish","type":"page","link":"https:\/\/www.ufifilters.com\/fr\/carrieres\/","title":{"rendered":"Carri\u00e8res"},"content":{"rendered":"<div class=\"wpb-content-wrapper\"><p>[vc_section][vc_row][vc_column][vc_single_image image=\u00a0\u00bb1510&Prime;][\/vc_column][\/vc_row][\/vc_section][vc_section el_class=\u00a0\u00bbzb_self_application\u00a0\u00bb][vc_row][vc_column width=\u00a0\u00bb9\/12&Prime; el_class=\u00a0\u00bbcol_application\u00a0\u00bb]<h2 class=\"boc_heading  al_left  \"  style=\"margin-bottom: 20px;margin-top: 0px;color: #333;\"><span>Self Application<\/span><\/h2>\n<div class=\"wpcf7 no-js\" id=\"wpcf7-f840-o1\" lang=\"en-US\" dir=\"ltr\" data-wpcf7-id=\"840\">\n<div class=\"screen-reader-response\"><p role=\"status\" aria-live=\"polite\" aria-atomic=\"true\"><\/p> <ul><\/ul><\/div>\n<form action=\"\/fr\/wp-json\/wp\/v2\/pages\/15249#wpcf7-f840-o1\" method=\"post\" class=\"wpcf7-form init\" aria-label=\"Contact form\" enctype=\"multipart\/form-data\" novalidate=\"novalidate\" data-status=\"init\">\n<fieldset class=\"hidden-fields-container\"><input type=\"hidden\" name=\"_wpcf7\" value=\"840\" \/><input type=\"hidden\" name=\"_wpcf7_version\" value=\"6.1.3\" \/><input type=\"hidden\" name=\"_wpcf7_locale\" value=\"en_US\" \/><input type=\"hidden\" name=\"_wpcf7_unit_tag\" value=\"wpcf7-f840-o1\" \/><input type=\"hidden\" name=\"_wpcf7_container_post\" value=\"0\" \/><input type=\"hidden\" name=\"_wpcf7_posted_data_hash\" value=\"\" \/><input type=\"hidden\" name=\"_wpcf7cf_hidden_group_fields\" value=\"[]\" \/><input type=\"hidden\" name=\"_wpcf7cf_hidden_groups\" value=\"[]\" \/><input type=\"hidden\" name=\"_wpcf7cf_visible_groups\" value=\"[]\" \/><input type=\"hidden\" name=\"_wpcf7cf_repeaters\" value=\"[]\" \/><input type=\"hidden\" name=\"_wpcf7cf_steps\" value=\"{}\" \/><input type=\"hidden\" name=\"_wpcf7cf_options\" value=\"{&quot;form_id&quot;:840,&quot;conditions&quot;:[],&quot;settings&quot;:{&quot;animation&quot;:&quot;yes&quot;,&quot;animation_intime&quot;:200,&quot;animation_outtime&quot;:200,&quot;conditions_ui&quot;:&quot;normal&quot;,&quot;notice_dismissed&quot;:false}}\" \/><input type=\"hidden\" name=\"_wpcf7_recaptcha_response\" value=\"\" \/>\n<\/fieldset>\n<h2>Personal Data*\n<\/h2>\n<div class=\"first col span_1_of_2\">\n\t<p><span class=\"wpcf7-form-control-wrap\" data-name=\"firstname\"><input size=\"40\" maxlength=\"400\" class=\"wpcf7-form-control wpcf7-text\" aria-invalid=\"false\" placeholder=\"Name\" value=\"\" type=\"text\" name=\"firstname\" \/><\/span>\n\t<\/p>\n<\/div>\n<div class=\"col span_1_of_2\">\n\t<p><span class=\"wpcf7-form-control-wrap\" data-name=\"lastname\"><input size=\"40\" maxlength=\"400\" class=\"wpcf7-form-control wpcf7-text wpcf7-validates-as-required\" aria-required=\"true\" aria-invalid=\"false\" placeholder=\"Surname*\" value=\"\" type=\"text\" name=\"lastname\" \/><\/span>\n\t<\/p>\n<\/div>\n<div class=\"first col span_1_of_2\">\n\t<p><span class=\"wpcf7-form-control-wrap\" data-name=\"street\"><input size=\"40\" maxlength=\"400\" class=\"wpcf7-form-control wpcf7-text\" aria-invalid=\"false\" placeholder=\"Address\" value=\"\" type=\"text\" name=\"street\" \/><\/span>\n\t<\/p>\n<\/div>\n<div class=\"col span_1_of_2\">\n\t<p><span class=\"wpcf7-form-control-wrap\" data-name=\"city\"><input size=\"40\" maxlength=\"400\" class=\"wpcf7-form-control wpcf7-text wpcf7-validates-as-required\" aria-required=\"true\" aria-invalid=\"false\" placeholder=\"City*\" value=\"\" type=\"text\" name=\"city\" \/><\/span>\n\t<\/p>\n<\/div>\n<div class=\"first col span_1_of_2\">\n\t<p><span class=\"wpcf7-form-control-wrap\" data-name=\"zip\"><input size=\"40\" maxlength=\"400\" class=\"wpcf7-form-control wpcf7-text\" aria-invalid=\"false\" placeholder=\"Zip Code\" value=\"\" type=\"text\" name=\"zip\" \/><\/span>\n\t<\/p>\n<\/div>\n<div class=\"col span_1_of_2\">\n\t<p><span class=\"wpcf7-form-control-wrap\" data-name=\"nation\"><input size=\"40\" maxlength=\"400\" class=\"wpcf7-form-control wpcf7-text\" aria-invalid=\"false\" placeholder=\"Country\" value=\"\" type=\"text\" name=\"nation\" \/><\/span>\n\t<\/p>\n<\/div>\n<div class=\"first col span_1_of_2\">\n\t<p><span class=\"wpcf7-form-control-wrap\" data-name=\"email\"><input size=\"40\" maxlength=\"400\" class=\"wpcf7-form-control wpcf7-email wpcf7-validates-as-required wpcf7-text wpcf7-validates-as-email\" aria-required=\"true\" aria-invalid=\"false\" placeholder=\"Email*\" value=\"\" type=\"email\" name=\"email\" \/><\/span>\n\t<\/p>\n<\/div>\n<div class=\"col span_1_of_2\">\n\t<p><span class=\"wpcf7-form-control-wrap\" data-name=\"tel\"><input size=\"40\" maxlength=\"400\" class=\"wpcf7-form-control wpcf7-tel wpcf7-text wpcf7-validates-as-tel\" aria-invalid=\"false\" placeholder=\"Telephone\" value=\"\" type=\"tel\" name=\"tel\" \/><\/span>\n\t<\/p>\n<\/div>\n<h2>Education*\n<\/h2>\n<div class=\"zb-education vc_clearfix\">\n\t<p><span class=\"wpcf7-form-control-wrap\" data-name=\"education\"><textarea cols=\"40\" rows=\"10\" maxlength=\"2000\" class=\"wpcf7-form-control wpcf7-textarea txteducation\" aria-invalid=\"false\" name=\"education\"><\/textarea><\/span>\n\t<\/p>\n\t<div class=\"first col span_2_of_3\">\n\t\t<p><span class=\"wpcf7-form-control-wrap\" data-name=\"degree\"><input size=\"40\" maxlength=\"400\" class=\"wpcf7-form-control wpcf7-text txtdegree\" aria-invalid=\"false\" placeholder=\"Degree\" value=\"\" type=\"text\" name=\"degree\" \/><\/span>\n\t\t<\/p>\n\t<\/div>\n\t<div class=\"col span_1_of_3\">\n\t\t<p><a class=\"btn-add\">Add more<\/a>\n\t\t<\/p>\n\t<\/div>\n<\/div>\n<h2>Experience*\n<\/h2>\n<div class=\"zb-experience\">\n\t<p><span class=\"wpcf7-form-control-wrap\" data-name=\"experience\"><textarea cols=\"40\" rows=\"10\" maxlength=\"2000\" class=\"wpcf7-form-control wpcf7-textarea txtexperience\" aria-invalid=\"false\" name=\"experience\"><\/textarea><\/span>\n\t<\/p>\n\t<div class=\"first col span_1_of_3\">\n\t\t<p><span class=\"wpcf7-form-control-wrap\" data-name=\"company-experience\"><input size=\"40\" maxlength=\"400\" class=\"wpcf7-form-control wpcf7-text txtcompany\" aria-invalid=\"false\" placeholder=\"Company\" value=\"\" type=\"text\" name=\"company-experience\" \/><\/span>\n\t\t<\/p>\n\t<\/div>\n\t<div class=\"col span_1_of_3\">\n\t\t<p><span class=\"wpcf7-form-control-wrap\" data-name=\"industry-experience\"><input size=\"40\" maxlength=\"400\" class=\"wpcf7-form-control wpcf7-text txtindustry\" aria-invalid=\"false\" placeholder=\"Industry\" value=\"\" type=\"text\" name=\"industry-experience\" \/><\/span>\n\t\t<\/p>\n\t<\/div>\n\t<div class=\"col span_1_of_3\">\n\t\t<p><span class=\"wpcf7-form-control-wrap\" data-name=\"function-experience\"><input size=\"40\" maxlength=\"400\" class=\"wpcf7-form-control wpcf7-text txtfunction\" aria-invalid=\"false\" placeholder=\"Function\/Job Role\" value=\"\" type=\"text\" name=\"function-experience\" \/><\/span>\n\t\t<\/p>\n\t<\/div>\n\t<div class=\"first col span_1_of_4\">\n\t\t<p><span class=\"wpcf7-form-control-wrap\" data-name=\"job-title-experience\"><input size=\"40\" maxlength=\"400\" class=\"wpcf7-form-control wpcf7-text txttitle\" aria-invalid=\"false\" placeholder=\"Job Title\" value=\"\" type=\"text\" name=\"job-title-experience\" \/><\/span>\n\t\t<\/p>\n\t<\/div>\n\t<div class=\"col span_1_of_4\">\n\t\t<p><span class=\"wpcf7-form-control-wrap\" data-name=\"job-from-experience\"><input size=\"40\" maxlength=\"400\" class=\"wpcf7-form-control wpcf7-text txtfrom\" aria-invalid=\"false\" placeholder=\"To\" value=\"\" type=\"text\" name=\"job-from-experience\" \/><\/span>\n\t\t<\/p>\n\t<\/div>\n\t<div class=\"col span_1_of_4\">\n\t\t<p><span class=\"wpcf7-form-control-wrap\" data-name=\"job-to-experience\"><input size=\"40\" maxlength=\"400\" class=\"wpcf7-form-control wpcf7-text txtto\" aria-invalid=\"false\" placeholder=\"From\" value=\"\" type=\"text\" name=\"job-to-experience\" \/><\/span>\n\t\t<\/p>\n\t<\/div>\n\t<div class=\"col span_1_of_4\">\n\t\t<p><a class=\"btn-add\">Add more<\/a>\n\t\t<\/p>\n\t<\/div>\n<\/div>\n<div style=\"clear:both;\">\n<\/div>\n<h2>Languages*\n<\/h2>\n<div class=\"zb-lang span_1\">\n\t<p><span class=\"wpcf7-form-control-wrap\" data-name=\"languages\"><textarea cols=\"40\" rows=\"10\" maxlength=\"2000\" class=\"wpcf7-form-control wpcf7-textarea txtlanguages\" aria-invalid=\"false\" name=\"languages\"><\/textarea><\/span>\n\t<\/p>\n\t<div class=\"col first span_1_of_3\">\n\t\t<p><span class=\"wpcf7-form-control-wrap\" data-name=\"lang\"><input size=\"40\" maxlength=\"400\" class=\"wpcf7-form-control wpcf7-text txtlang\" aria-invalid=\"false\" placeholder=\"Language\" value=\"\" type=\"text\" name=\"lang\" \/><\/span>\n\t\t<\/p>\n\t<\/div>\n\t<div class=\"col span_1_of_3\">\n\t\t<p><span class=\"wpcf7-form-control-wrap\" data-name=\"langlevel\"><select class=\"wpcf7-form-control wpcf7-select langlevel\" aria-invalid=\"false\" name=\"langlevel\"><option value=\"Beginner\">Beginner<\/option><option value=\"Elementary\">Elementary<\/option><option value=\"Intermediate\">Intermediate<\/option><option value=\"Advanced\">Advanced<\/option><option value=\"Native\">Native<\/option><\/select><\/span>\n\t\t<\/p>\n\t<\/div>\n\t<div class=\"col span_1_of_3\">\n\t\t<p><a class=\"btn-add\">Add more<\/a>\n\t\t<\/p>\n\t<\/div>\n<\/div>\n<div style=\"clear:both;\">\n<\/div>\n<h2>Availability to relocate*\n<\/h2>\n<div class=\"span_1\">\n\t<p><span class=\"wpcf7-form-control-wrap\" data-name=\"relocate\"><span class=\"wpcf7-form-control wpcf7-radio\"><span class=\"wpcf7-list-item first\"><input type=\"radio\" name=\"relocate\" value=\"Yes\" checked=\"checked\" \/><span class=\"wpcf7-list-item-label\">Yes<\/span><\/span><span class=\"wpcf7-list-item last\"><input type=\"radio\" name=\"relocate\" value=\"No\" \/><span class=\"wpcf7-list-item-label\">No<\/span><\/span><\/span><\/span>\n\t<\/p>\n<\/div>\n<div class=\"span_1\">\n\t<p><span class=\"wpcf7-form-control-wrap\" data-name=\"relocate-country\"><input size=\"40\" maxlength=\"400\" class=\"wpcf7-form-control wpcf7-text\" aria-invalid=\"false\" placeholder=\"Country\" value=\"\" type=\"text\" name=\"relocate-country\" \/><\/span>\n\t<\/p>\n<\/div>\n<h2>Desired job\n<\/h2>\n<div class=\"span_1\">\n\t<p><span class=\"wpcf7-form-control-wrap\" data-name=\"function\"><input size=\"40\" maxlength=\"400\" class=\"wpcf7-form-control wpcf7-text\" aria-invalid=\"false\" placeholder=\"Function\" value=\"\" type=\"text\" name=\"function\" \/><\/span>\n\t<\/p>\n<\/div>\n<div class=\"span_1\" style=\"display:none;\">\n\t<p><span class=\"wpcf7-form-control-wrap\" data-name=\"job-country\"><input size=\"40\" maxlength=\"400\" class=\"wpcf7-form-control wpcf7-text\" aria-invalid=\"false\" placeholder=\"Country\" value=\"\" type=\"text\" name=\"job-country\" \/><\/span>\n\t<\/p>\n<\/div>\n<h2>Upload CV*\n<\/h2>\n<div class=\"col span_1\" style=\"text-align:left; margin-left:0px;\">\n\t<p><span class=\"wpcf7-form-control-wrap\" data-name=\"file-cv\"><input size=\"40\" class=\"wpcf7-form-control wpcf7-file wpcf7-validates-as-required\" accept=\".pdf,.doc,.docx,.odt,.jpg,.jpeg,.png,.mp3,.mp4\" aria-required=\"true\" aria-invalid=\"false\" type=\"file\" name=\"file-cv\" \/><\/span>\n\t<\/p>\n<\/div>\n<div style=\"clear:both;\">\n<\/div>\n<div class=\"first col span_1\" style=\"margin-top: 30px;\">\n\t<p><span class=\"wpcf7-form-control-wrap\" data-name=\"acceptance-865\"><span class=\"wpcf7-form-control wpcf7-acceptance\"><span class=\"wpcf7-list-item\"><label><input type=\"checkbox\" name=\"acceptance-865\" value=\"1\" aria-invalid=\"false\" \/><span class=\"wpcf7-list-item-label\"><span style=\"font-size: 13px;\">I have read the information and authorize the processing of my personal data for the purposes indicated therein - <a href=\"\/en\/privacy-work-with-us\/\" target=\"_blank\">Read all<\/a><\/span><\/label><\/span><\/span><\/span>\n\t<\/p>\n<\/div>\n<div style=\"clear:both;\">\n<\/div>\n<p><a class=\"link_back\">< Back<\/a>\n<\/p>\n<div class=\"submitbtn\">\n\t<p><span class=\"btn_rounded_submit\"><input class=\"wpcf7-form-control wpcf7-submit has-spinner\" type=\"submit\" value=\"Apply\" \/><\/span>\n\t<\/p>\n<\/div><input type='hidden' class='wpcf7-pum' value='{\"closepopup\":false,\"closedelay\":0,\"openpopup\":false,\"openpopup_id\":0}' \/><div class=\"wpcf7-response-output\" aria-hidden=\"true\"><\/div>\n<\/form>\n<\/div>\n[\/vc_column][vc_column width=\u00a0\u00bb3\/12&Prime;]<a\thref=\"#zb-map\" \n\t\t\t\tclass=\"button btn_medium btn_theme_color btn_squared btn_normal_style    btn_open_pos\"  target='_self'><span>Open Positions<\/span><\/a>[vc_single_image onclick=\u00a0\u00bbcustom_link\u00a0\u00bb img_link_target=\u00a0\u00bb_blank\u00a0\u00bb image=\u00a0\u00bb810&Prime; link=\u00a0\u00bbhttps:\/\/www.linkedin.com\/company\/ufi-filters-group\/\u00a0\u00bb][\/vc_column][\/vc_row][\/vc_section][vc_section full_width=\u00a0\u00bbstretch_row\u00a0\u00bb][vc_row full_width=\u00a0\u00bbstretch_row\u00a0\u00bb][vc_column]<div class=\"zb-position-locator \"><div class=\"container\">\n          <p class=\"no-posts\">Actuellement, nous n'avons pas de poste vacant, mais nous sommes toujours \u00e0 la recherche de talents. Vous pouvez nous envoyer votre CV dans la section d\u00e9di\u00e9e Self Application<\/p>\n          <div id=\"zb-map\" class=\"zb-position-locator\"><\/div>\n          <\/div><\/div>[\/vc_column][\/vc_row][\/vc_section]<\/p>\n<\/div>","protected":false},"excerpt":{"rendered":"<p>[vc_section][vc_row][vc_column][vc_single_image image=\u00a0\u00bb1510&Prime;][\/vc_column][\/vc_row][\/vc_section][vc_section el_class=\u00a0\u00bbzb_self_application\u00a0\u00bb][vc_row][vc_column width=\u00a0\u00bb9\/12&Prime; el_class=\u00a0\u00bbcol_application\u00a0\u00bb][\/vc_column][vc_column width=\u00a0\u00bb3\/12&Prime;][vc_single_image onclick=\u00a0\u00bbcustom_link\u00a0\u00bb img_link_target=\u00a0\u00bb_blank\u00a0\u00bb image=\u00a0\u00bb810&Prime; link=\u00a0\u00bbhttps:\/\/www.linkedin.com\/company\/ufi-filters-group\/\u00a0\u00bb][\/vc_column][\/vc_row][\/vc_section][vc_section full_width=\u00a0\u00bbstretch_row\u00a0\u00bb][vc_row full_width=\u00a0\u00bbstretch_row\u00a0\u00bb][vc_column][\/vc_column][\/vc_row][\/vc_section]<\/p>\n","protected":false},"author":6,"featured_media":0,"parent":0,"menu_order":0,"comment_status":"closed","ping_status":"closed","template":"","meta":{"_acf_changed":false,"footnotes":""},"class_list":["post-15249","page","type-page","status-publish","hentry"],"acf":[],"aioseo_notices":[],"_links":{"self":[{"href":"https:\/\/www.ufifilters.com\/fr\/wp-json\/wp\/v2\/pages\/15249","targetHints":{"allow":["GET"]}}],"collection":[{"href":"https:\/\/www.ufifilters.com\/fr\/wp-json\/wp\/v2\/pages"}],"about":[{"href":"https:\/\/www.ufifilters.com\/fr\/wp-json\/wp\/v2\/types\/page"}],"author":[{"embeddable":true,"href":"https:\/\/www.ufifilters.com\/fr\/wp-json\/wp\/v2\/users\/6"}],"replies":[{"embeddable":true,"href":"https:\/\/www.ufifilters.com\/fr\/wp-json\/wp\/v2\/comments?post=15249"}],"version-history":[{"count":2,"href":"https:\/\/www.ufifilters.com\/fr\/wp-json\/wp\/v2\/pages\/15249\/revisions"}],"predecessor-version":[{"id":15256,"href":"https:\/\/www.ufifilters.com\/fr\/wp-json\/wp\/v2\/pages\/15249\/revisions\/15256"}],"wp:attachment":[{"href":"https:\/\/www.ufifilters.com\/fr\/wp-json\/wp\/v2\/media?parent=15249"}],"curies":[{"name":"wp","href":"https:\/\/api.w.org\/{rel}","templated":true}]}}