{"id":15122,"date":"2018-11-08T12:19:46","date_gmt":"2018-11-08T10:19:46","guid":{"rendered":"https:\/\/www.ufifilters.com\/video\/"},"modified":"2021-02-25T13:19:52","modified_gmt":"2021-02-25T12:19:52","slug":"video","status":"publish","type":"page","link":"https:\/\/www.ufifilters.com\/fr\/video\/","title":{"rendered":"Vid\u00e9o"},"content":{"rendered":"<div class=\"wpb-content-wrapper\"><p>[vc_row content_placement=\u00a0\u00bbmiddle\u00a0\u00bb css=\u00a0\u00bb.vc_custom_1580460085137{margin-top: 60px !important;}\u00a0\u00bb][vc_column]<h2 class=\"boc_heading title-section center  \"  style=\"margin-bottom: 40px;margin-top: 0px;color: #333333;\"><span>Vid\u00e9o Institutionnelle<\/span><\/h2><div class=\"boc_spacing \" style=\"height: 20px\"><\/div><div id = \"post_grid_1b42a5b25e3953f5a8ace9bfc9ccc2f4\" class=\"grid_holder \"><div class=\"col span_1_of_3 info_item isotope_element\">\n\t\t\t\t\t\t\t<div class=\"post_item_block  boxed\"><div class=\"pic \"><a href=\"https:\/\/www.ufifilters.com\/fr\/video-fr\/dream-of-peace-2024\/\"><img decoding=\"async\" src=\"https:\/\/www.ufifilters.com\/wp-content\/uploads\/2024\/12\/UFI_2024_NEWS_Natale.jpg\"\/><div class=\"img_overlay\"><span class=\"hover_icon icon_plus\"><\/span><\/div><\/a><\/div><div class=\"post_item_desc dark_links\"><h4><a href=\"https:\/\/www.ufifilters.com\/fr\/video-fr\/dream-of-peace-2024\/\">Dream of Peace 2024<\/a><\/h4><p>[vc_row][vc_column][vc_column_text]Une chanson peut-elle inspirer la p ...<\/p><a href=\"https:\/\/www.ufifilters.com\/fr\/video-fr\/dream-of-peace-2024\/\" class='more-link1'>Tout lire<\/a>\t\t<\/div>\n\t\t\t\t<\/div>\n\t\t\t\t<\/div><div class=\"col span_1_of_3 info_item isotope_element\">\n\t\t\t\t\t\t\t<div class=\"post_item_block  boxed\"><div class=\"pic \"><a href=\"https:\/\/www.ufifilters.com\/fr\/video-fr\/le-groupe-ufi-inaugure-ufi-green-sa-7eme-usine-chinoise-entierement-dediee-aux-technologies-vertes\/\"><img decoding=\"async\" src=\"https:\/\/www.ufifilters.com\/wp-content\/uploads\/2024\/05\/UFI_Green_Jiaxing_May_2024.jpg\"\/><div class=\"img_overlay\"><span class=\"hover_icon icon_plus\"><\/span><\/div><\/a><\/div><div class=\"post_item_desc dark_links\"><h4><a href=\"https:\/\/www.ufifilters.com\/fr\/video-fr\/le-groupe-ufi-inaugure-ufi-green-sa-7eme-usine-chinoise-entierement-dediee-aux-technologies-vertes\/\">Le Groupe UFI inaugure UFI GREEN, sa 7\u00e8me usine chinoise, enti\u00e8rement d\u00e9di\u00e9e aux technologies vertes<\/a><\/h4><p>[vc_row][vc_column][vc_column_text]Le Groupe UFI Filters a inaugur\u00e9 UF ...<\/p><a href=\"https:\/\/www.ufifilters.com\/fr\/video-fr\/le-groupe-ufi-inaugure-ufi-green-sa-7eme-usine-chinoise-entierement-dediee-aux-technologies-vertes\/\" class='more-link1'>Tout lire<\/a>\t\t<\/div>\n\t\t\t\t<\/div>\n\t\t\t\t<\/div><div class=\"col span_1_of_3 info_item isotope_element\">\n\t\t\t\t\t\t\t<div class=\"post_item_block  boxed\"><div class=\"pic \"><a href=\"https:\/\/www.ufifilters.com\/fr\/video-fr\/les-coulisses-des-la-video-de-voeux-de-noel-2023\/\"><img decoding=\"async\" src=\"https:\/\/www.ufifilters.com\/wp-content\/uploads\/2024\/01\/UFI_Filters_video_Natale2023_backstage.jpg\"\/><div class=\"img_overlay\"><span class=\"hover_icon icon_plus\"><\/span><\/div><\/a><\/div><div class=\"post_item_desc dark_links\"><h4><a href=\"https:\/\/www.ufifilters.com\/fr\/video-fr\/les-coulisses-des-la-video-de-voeux-de-noel-2023\/\">Les coulisses des la Vid\u00e9o de v\u0153ux de No\u00ebl 2023<\/a><\/h4><p>[vc_row][vc_column][vc_column_text]La bande-son de cette p\u00e9riode ? Bie ...<\/p><a href=\"https:\/\/www.ufifilters.com\/fr\/video-fr\/les-coulisses-des-la-video-de-voeux-de-noel-2023\/\" class='more-link1'>Tout lire<\/a>\t\t<\/div>\n\t\t\t\t<\/div>\n\t\t\t\t<\/div>\n\t\t\t<\/div>\n\t\t\t<div class=\"h10 clear\"><\/div><div class=\"boc_spacing \" style=\"height: 20px\"><\/div><a\thref=\"\/fr\/category\/video-fr\/video-institutionnelle\/\" \n\t\t\t\tclass=\"button btn_medium btn_theme_color btn_rounded btn_normal_style    \"  target='_self'><span>LES VOIR TOUS<\/span><\/a>[\/vc_column][\/vc_row][vc_row content_placement=\u00a0\u00bbmiddle\u00a0\u00bb css=\u00a0\u00bb.vc_custom_1580459919844{margin-top: 110px !important;}\u00a0\u00bb][vc_column]<h2 class=\"boc_heading title-section center  \"  style=\"margin-bottom: 40px;margin-top: 0px;color: #333333;\"><span>Vid\u00e9o Produits<\/span><\/h2><div class=\"boc_spacing \" style=\"height: 20px\"><\/div><div id = \"post_grid_bcc1d7a6c667339640003e59d23ab085\" class=\"grid_holder \"><div class=\"col span_1_of_3 info_item isotope_element\">\n\t\t\t\t\t\t\t<div class=\"post_item_block  boxed\"><div class=\"pic \"><a href=\"https:\/\/www.ufifilters.com\/fr\/video-fr\/multitube-la-revolution-dans-la-filtration-de-lair-des-moteurs-maintenant-dans-les-catalogues-du-marche-de-la-rechange\/\"><img decoding=\"async\" src=\"https:\/\/www.ufifilters.com\/wp-content\/uploads\/2024\/05\/UFI-SOFIMA-MULTITUBE.jpg\"\/><div class=\"img_overlay\"><span class=\"hover_icon icon_plus\"><\/span><\/div><\/a><\/div><div class=\"post_item_desc dark_links\"><h4><a href=\"https:\/\/www.ufifilters.com\/fr\/video-fr\/multitube-la-revolution-dans-la-filtration-de-lair-des-moteurs-maintenant-dans-les-catalogues-du-marche-de-la-rechange\/\">MULTITUBE, la r\u00e9volution dans la filtration de l&rsquo;air des moteurs, maintenant dans les catalogues du march\u00e9 de la rechange<\/a><\/h4><p>[vc_row][vc_column][vc_column_text]MULTITUBE, notre technologie r\u00e9volu ...<\/p><a href=\"https:\/\/www.ufifilters.com\/fr\/video-fr\/multitube-la-revolution-dans-la-filtration-de-lair-des-moteurs-maintenant-dans-les-catalogues-du-marche-de-la-rechange\/\" class='more-link1'>Tout lire<\/a>\t\t<\/div>\n\t\t\t\t<\/div>\n\t\t\t\t<\/div><div class=\"col span_1_of_3 info_item isotope_element\">\n\t\t\t\t\t\t\t<div class=\"post_item_block  boxed\"><div class=\"pic \"><a href=\"https:\/\/www.ufifilters.com\/fr\/video-fr\/ufi-filters-systemes-de-gestion-thermique-pour-alfa-romeo-tonale\/\"><img decoding=\"async\" src=\"https:\/\/www.ufifilters.com\/wp-content\/uploads\/2023\/02\/A01_UFI_Alfa_Romeo_Tonale_Moment-1.jpg\"\/><div class=\"img_overlay\"><span class=\"hover_icon icon_plus\"><\/span><\/div><\/a><\/div><div class=\"post_item_desc dark_links\"><h4><a href=\"https:\/\/www.ufifilters.com\/fr\/video-fr\/ufi-filters-systemes-de-gestion-thermique-pour-alfa-romeo-tonale\/\">UFI Filters Syst\u00e8mes de gestion thermique pour Alfa Romeo Tonale<\/a><\/h4><p>[vc_row][vc_column][vc_column_text]Alfa Romeo Tonale choisit \u00e9galement ...<\/p><a href=\"https:\/\/www.ufifilters.com\/fr\/video-fr\/ufi-filters-systemes-de-gestion-thermique-pour-alfa-romeo-tonale\/\" class='more-link1'>Tout lire<\/a>\t\t<\/div>\n\t\t\t\t<\/div>\n\t\t\t\t<\/div><div class=\"col span_1_of_3 info_item isotope_element\">\n\t\t\t\t\t\t\t<div class=\"post_item_block  boxed\"><div class=\"pic \"><a href=\"https:\/\/www.ufifilters.com\/fr\/video-fr\/echangeurs-de-chaleur-ufi-filters-equipes-dorigine-pour-les-e-moteurs-renault-et-nissan\/\"><img decoding=\"async\" src=\"https:\/\/www.ufifilters.com\/wp-content\/uploads\/2022\/11\/UFI_Filters_original_equipment_thermal_management_for_Renault_Nissan_applications.jpg\"\/><div class=\"img_overlay\"><span class=\"hover_icon icon_plus\"><\/span><\/div><\/a><\/div><div class=\"post_item_desc dark_links\"><h4><a href=\"https:\/\/www.ufifilters.com\/fr\/video-fr\/echangeurs-de-chaleur-ufi-filters-equipes-dorigine-pour-les-e-moteurs-renault-et-nissan\/\">\u00c9changeurs de chaleur UFI Filters \u00e9quip\u00e9s d&rsquo;origine pour les e-moteurs Renault et Nissan<\/a><\/h4><p>[vc_row][vc_column][vc_column_text]La collaboration avec Renault-Nissa ...<\/p><a href=\"https:\/\/www.ufifilters.com\/fr\/video-fr\/echangeurs-de-chaleur-ufi-filters-equipes-dorigine-pour-les-e-moteurs-renault-et-nissan\/\" class='more-link1'>Tout lire<\/a>\t\t<\/div>\n\t\t\t\t<\/div>\n\t\t\t\t<\/div>\n\t\t\t<\/div>\n\t\t\t<div class=\"h10 clear\"><\/div><div class=\"boc_spacing \" style=\"height: 20px\"><\/div><a\thref=\"\/fr\/category\/video-fr\/video-produits\/\" \n\t\t\t\tclass=\"button btn_medium btn_theme_color btn_rounded btn_normal_style    \"  target='_self'><span>LES VOIR TOUS<\/span><\/a>[\/vc_column][\/vc_row][vc_row content_placement=\u00a0\u00bbmiddle\u00a0\u00bb disable_element=\u00a0\u00bbyes\u00a0\u00bb css=\u00a0\u00bb.vc_custom_1610477351656{margin-top: 110px !important;}\u00a0\u00bb][vc_column]<h2 class=\"boc_heading title-section center  \"  style=\"margin-bottom: 40px;margin-top: 0px;color: #333333;\"><span>Video Interviste<\/span><\/h2><div class=\"boc_spacing \" style=\"height: 20px\"><\/div><div id = \"post_grid_dc4897b3815c304b4daa620b1d2e333d\" class=\"grid_holder \"><div class=\"col span_1_of_3 info_item isotope_element\">\n\t\t\t\t\t\t\t<div class=\"post_item_block  boxed\"><div class=\"pic \"><a href=\"https:\/\/www.ufifilters.com\/fr\/video-fr\/giorgio-girondi-presidente-di-ufi-filters-ai-microfoni-di-pole-position-su-business-24-la-tv-del-lavoro-di-sky\/\"><img decoding=\"async\" src=\"https:\/\/www.ufifilters.com\/wp-content\/uploads\/2020\/03\/UFIF_YT_Pole-Position.jpg\"\/><div class=\"img_overlay\"><span class=\"hover_icon icon_plus\"><\/span><\/div><\/a><\/div><div class=\"post_item_desc dark_links\"><h4><a href=\"https:\/\/www.ufifilters.com\/fr\/video-fr\/giorgio-girondi-presidente-di-ufi-filters-ai-microfoni-di-pole-position-su-business-24-la-tv-del-lavoro-di-sky\/\">Le Pr\u00e9sident de UFI Filters au micro de Pole Position<\/a><\/h4><p>[vc_row][vc_column][vc_column_text]Giorgio Girondi, le Pr\u00e9sident de UF ...<\/p><a href=\"https:\/\/www.ufifilters.com\/fr\/video-fr\/giorgio-girondi-presidente-di-ufi-filters-ai-microfoni-di-pole-position-su-business-24-la-tv-del-lavoro-di-sky\/\" class='more-link1'>Tout lire<\/a>\t\t<\/div>\n\t\t\t\t<\/div>\n\t\t\t\t<\/div>\n\t\t\t<\/div>\n\t\t\t<div class=\"h10 clear\"><\/div><div class=\"boc_spacing \" style=\"height: 20px\"><\/div><a\thref=\"\/category\/video\/video-interviste\/\" \n\t\t\t\tclass=\"button btn_medium btn_theme_color btn_rounded btn_normal_style    \"  target='_self'><span>VEDI TUTTI<\/span><\/a>[\/vc_column][\/vc_row][vc_row content_placement=\u00a0\u00bbmiddle\u00a0\u00bb disable_element=\u00a0\u00bbyes\u00a0\u00bb css=\u00a0\u00bb.vc_custom_1610477357545{margin-top: 110px !important;}\u00a0\u00bb][vc_column]<h2 class=\"boc_heading title-section center  \"  style=\"margin-bottom: 40px;margin-top: 0px;color: #333333;\"><span>Video Fiere<\/span><\/h2><div class=\"boc_spacing \" style=\"height: 20px\"><\/div><div id = \"post_grid_65f5c97c55e36c0cc906d50f998190e8\" class=\"grid_holder \"><div class=\"col span_1_of_3 info_item isotope_element\">\n\t\t\t\t\t\t\t<div class=\"post_item_block  boxed\"><div class=\"pic \"><a href=\"https:\/\/www.ufifilters.com\/fr\/video-fr\/ufi-filters-automechanika-shanghai-2019\/\"><img decoding=\"async\" src=\"https:\/\/www.ufifilters.com\/wp-content\/uploads\/2020\/03\/UFIF_YT_Automechanika-Shanghai-2019.jpg\"\/><div class=\"img_overlay\"><span class=\"hover_icon icon_plus\"><\/span><\/div><\/a><\/div><div class=\"post_item_desc dark_links\"><h4><a href=\"https:\/\/www.ufifilters.com\/fr\/video-fr\/ufi-filters-automechanika-shanghai-2019\/\">UFI Filters \u00e0 Automechanika Shanghai 2019<\/a><\/h4><p>[vc_row][vc_column][vc_column_text]En d\u00e9cembre 2019, le Groupe UFI Fil ...<\/p><a href=\"https:\/\/www.ufifilters.com\/fr\/video-fr\/ufi-filters-automechanika-shanghai-2019\/\" class='more-link1'>Tout lire<\/a>\t\t<\/div>\n\t\t\t\t<\/div>\n\t\t\t\t<\/div>\n\t\t\t<\/div>\n\t\t\t<div class=\"h10 clear\"><\/div><div class=\"boc_spacing \" style=\"height: 20px\"><\/div><a\thref=\"\/category\/video\/video-fiere\/\" \n\t\t\t\tclass=\"button btn_medium btn_theme_color btn_rounded btn_normal_style    \"  target='_self'><span>VEDI TUTTI<\/span><\/a>[\/vc_column][\/vc_row][vc_row content_placement=\u00a0\u00bbmiddle\u00a0\u00bb disable_element=\u00a0\u00bbyes\u00a0\u00bb css=\u00a0\u00bb.vc_custom_1610477363487{margin-top: 110px !important;}\u00a0\u00bb][vc_column]<h2 class=\"boc_heading title-section center  \"  style=\"margin-bottom: 40px;margin-top: 0px;color: #333333;\"><span>Video Corporate Social Responsibility<\/span><\/h2><div class=\"boc_spacing \" style=\"height: 20px\"><\/div><div id = \"post_grid_1d41f0cdc46cdf74844b02c4665a9bb4\" class=\"grid_holder \"><div class=\"col span_1_of_3 info_item isotope_element\">\n\t\t\t\t\t\t\t<div class=\"post_item_block  boxed\"><div class=\"pic \"><a href=\"https:\/\/www.ufifilters.com\/fr\/video-fr\/ufi-filters-per-il-china-international-import-expo-shanghai-2018\/\"><img decoding=\"async\" src=\"https:\/\/www.ufifilters.com\/wp-content\/uploads\/2020\/03\/UFIF_YT_Expo-Shanghai-2018.jpg\"\/><div class=\"img_overlay\"><span class=\"hover_icon icon_plus\"><\/span><\/div><\/a><\/div><div class=\"post_item_desc dark_links\"><h4><a href=\"https:\/\/www.ufifilters.com\/fr\/video-fr\/ufi-filters-per-il-china-international-import-expo-shanghai-2018\/\">UFI Filters pour l\u2019Exposition internationale d&rsquo;importation et d\u2019exportation de la Chine (CIIE, Shanghai 2018<\/a><\/h4><p>[vc_row][vc_column][vc_column_text]Regardez et \u00e9coutez ce que notre Pr ...<\/p><a href=\"https:\/\/www.ufifilters.com\/fr\/video-fr\/ufi-filters-per-il-china-international-import-expo-shanghai-2018\/\" class='more-link1'>Tout lire<\/a>\t\t<\/div>\n\t\t\t\t<\/div>\n\t\t\t\t<\/div><div class=\"col span_1_of_3 info_item isotope_element\">\n\t\t\t\t\t\t\t<div class=\"post_item_block  boxed\"><div class=\"pic \"><a href=\"https:\/\/www.ufifilters.com\/fr\/video-fr\/ufi-cup-competition\/\"><img decoding=\"async\" src=\"https:\/\/www.ufifilters.com\/wp-content\/uploads\/2020\/03\/UFIF_YT_UFI-CUP-Competition.jpg\"\/><div class=\"img_overlay\"><span class=\"hover_icon icon_plus\"><\/span><\/div><\/a><\/div><div class=\"post_item_desc dark_links\"><h4><a href=\"https:\/\/www.ufifilters.com\/fr\/video-fr\/ufi-cup-competition\/\">Concours UFI CUP<\/a><\/h4><p>[vc_row][vc_column][vc_column_text]You Zou est le jeune laur\u00e9at de UFI ...<\/p><a href=\"https:\/\/www.ufifilters.com\/fr\/video-fr\/ufi-cup-competition\/\" class='more-link1'>Tout lire<\/a>\t\t<\/div>\n\t\t\t\t<\/div>\n\t\t\t\t<\/div>\n\t\t\t<\/div>\n\t\t\t<div class=\"h10 clear\"><\/div><div class=\"boc_spacing \" style=\"height: 20px\"><\/div><a\thref=\"\/category\/video\/video-corporate-social-responsibility\/\" \n\t\t\t\tclass=\"button btn_medium btn_theme_color btn_rounded btn_normal_style    \"  target='_self'><span>VEDI TUTTI<\/span><\/a>[\/vc_column][\/vc_row]<\/p>\n<\/div>","protected":false},"excerpt":{"rendered":"<p>[vc_row content_placement=\u00a0\u00bbmiddle\u00a0\u00bb css=\u00a0\u00bb.vc_custom_1580460085137{margin-top: 60px !important;}\u00a0\u00bb][vc_column][\/vc_column][\/vc_row][vc_row content_placement=\u00a0\u00bbmiddle\u00a0\u00bb css=\u00a0\u00bb.vc_custom_1580459919844{margin-top: 110px !important;}\u00a0\u00bb][vc_column][\/vc_column][\/vc_row][vc_row content_placement=\u00a0\u00bbmiddle\u00a0\u00bb disable_element=\u00a0\u00bbyes\u00a0\u00bb css=\u00a0\u00bb.vc_custom_1610477351656{margin-top: 110px !important;}\u00a0\u00bb][vc_column][\/vc_column][\/vc_row][vc_row content_placement=\u00a0\u00bbmiddle\u00a0\u00bb disable_element=\u00a0\u00bbyes\u00a0\u00bb css=\u00a0\u00bb.vc_custom_1610477357545{margin-top: 110px !important;}\u00a0\u00bb][vc_column][\/vc_column][\/vc_row][vc_row content_placement=\u00a0\u00bbmiddle\u00a0\u00bb<\/p>\n<div class=\"h10\"><\/div>\n<p><a class=\"more-link1\" href=\"https:\/\/www.ufifilters.com\/fr\/video-fr\/ufi-cup-competition\/\">Tout lire<\/a><\/p>\n","protected":false},"author":6,"featured_media":0,"parent":0,"menu_order":0,"comment_status":"closed","ping_status":"closed","template":"","meta":{"_acf_changed":false,"footnotes":""},"class_list":["post-15122","page","type-page","status-publish","hentry"],"acf":[],"aioseo_notices":[],"_links":{"self":[{"href":"https:\/\/www.ufifilters.com\/fr\/wp-json\/wp\/v2\/pages\/15122","targetHints":{"allow":["GET"]}}],"collection":[{"href":"https:\/\/www.ufifilters.com\/fr\/wp-json\/wp\/v2\/pages"}],"about":[{"href":"https:\/\/www.ufifilters.com\/fr\/wp-json\/wp\/v2\/types\/page"}],"author":[{"embeddable":true,"href":"https:\/\/www.ufifilters.com\/fr\/wp-json\/wp\/v2\/users\/6"}],"replies":[{"embeddable":true,"href":"https:\/\/www.ufifilters.com\/fr\/wp-json\/wp\/v2\/comments?post=15122"}],"version-history":[{"count":3,"href":"https:\/\/www.ufifilters.com\/fr\/wp-json\/wp\/v2\/pages\/15122\/revisions"}],"predecessor-version":[{"id":17064,"href":"https:\/\/www.ufifilters.com\/fr\/wp-json\/wp\/v2\/pages\/15122\/revisions\/17064"}],"wp:attachment":[{"href":"https:\/\/www.ufifilters.com\/fr\/wp-json\/wp\/v2\/media?parent=15122"}],"curies":[{"name":"wp","href":"https:\/\/api.w.org\/{rel}","templated":true}]}}