{"id":15113,"date":"2018-05-04T10:56:15","date_gmt":"2018-05-04T10:56:15","guid":{"rendered":"https:\/\/www.ufifilters.com\/privacy-lavora-con-noi\/"},"modified":"2021-01-12T19:42:13","modified_gmt":"2021-01-12T18:42:13","slug":"confidentialite-travaillez-avec-nous","status":"publish","type":"page","link":"https:\/\/www.ufifilters.com\/fr\/confidentialite-travaillez-avec-nous\/","title":{"rendered":"Confidentialit\u00e9: Travaillez avec nous"},"content":{"rendered":"<p><strong>INFORMATION CONFORM\u00c9MENT \u00c0 L&rsquo;ARTICLE 13 DU R\u00c8GLEMENT (UE) 2016\/679 (RGPD)<\/strong><\/p>\n<p>Conform\u00e9ment \u00e0 l&rsquo;article 13 du r\u00e8glement (UE) 2016\/679, r\u00e8glement g\u00e9n\u00e9ral sur la protection des donn\u00e9es (\u201cRGPD\u201d), en ce qui concerne les donn\u00e9es \u00e0 caract\u00e8re personnel que vous fourni via l&rsquo;application \u00ab\u00a0travailler avec nous\u00a0\u00bb sur le site web <a href=\"https:\/\/www.ufifilters.com\/\">www.ufifilters.com<\/a> indiqu\u00e9 par la suite comme le \u201csite web\u201d) et dont la soci\u00e9t\u00e9 UFI Filters S.p.A. sera en possession, nous vous informons de ce qui suit:<\/p>\n<ol>\n<li><strong>Pourquoi et comment traitons-nous vos donn\u00e9es \u00e0 caract\u00e8re personnel<\/strong><\/li>\n<\/ol>\n<p>Les donn\u00e9es seront trait\u00e9es conform\u00e9ment aux lois et r\u00e8glements en vigueur et applicables, avec et sans l&rsquo;aide de syst\u00e8mes informatis\u00e9s, uniquement et exclusivement pour:<\/p>\n<p>(i)\u00a0\u00a0\u00a0\u00a0 permettre la gestion de la proc\u00e9dure de \u201cSign In\u201d mentionn\u00e9e dans l&rsquo;application \u00abTravaillez avec nous\u00bb du site;<\/p>\n<p>(ii)\u00a0\u00a0\u00a0 gestion des demandes d\u2019information des utilisateurs du site web;<\/p>\n<p>(iii)\u00a0\u00a0 le respect de toute obligation l\u00e9gale.<\/p>\n<ol start=\"2\">\n<li><strong>Base l\u00e9gale du traitement.<\/strong><\/li>\n<\/ol>\n<p>Le traitement des donn\u00e9es \u00e0 caract\u00e8re personnel est licite lorsque (i) il est n\u00e9cessaire \u00e0 l&rsquo;ex\u00e9cution d&rsquo;un contrat auquel vous \u00eates partie, (ii) il est n\u00e9cessaire pour remplir une obligation l\u00e9gale ou (iii) il est fond\u00e9 sur un consentement.<\/p>\n<ol start=\"3\">\n<li><strong>Fourniture des donn\u00e9es et refus \u00e9ventuel.<\/strong><\/li>\n<\/ol>\n<p>La fourniture de donn\u00e9es personnelles est strictement n\u00e9cessaire \u00e0 l&rsquo;utilisation de l&rsquo;application \u00ab\u00a0travailler avec nous\u00a0\u00bb sur le site Web. Tout refus de la part de l&rsquo;int\u00e9ress\u00e9 de fournir des donn\u00e9es personnelles rend impossible l&rsquo;utilisation du \u00ab\u00a0travail avec nous\u00a0\u00bb.<\/p>\n<ol start=\"4\">\n<li><strong>Communication des donn\u00e9es<\/strong><\/li>\n<\/ol>\n<p>Les donn\u00e9es personnelles peuvent \u00eatre divulgu\u00e9es \u00e0 des tiers si la loi l&rsquo;exige ou si les autorit\u00e9s publiques le demandent.<\/p>\n<ol start=\"5\">\n<li><strong>Responsable du traitement<\/strong><\/li>\n<\/ol>\n<p>Le responsable du traitement des donn\u00e9es est la soci\u00e9t\u00e9 UFI Filters S.p.A., dont le si\u00e8ge est situ\u00e9 \u00e0 Porto Mantovano (MN), via Europa n. 26, Tel. +39 045 6339911, Fax +39 045 6395011, email ammin@ufi.it.<\/p>\n<ol start=\"6\">\n<li><strong>Les droits de la personne int\u00e9ress\u00e9e<\/strong><\/li>\n<\/ol>\n<p>Nous vous informons que vous avez le droit de r\u00e9voquer votre consentement au traitement des donn\u00e9es \u00e0 caract\u00e8re personnel \u00e0 tout moment, sans pr\u00e9judice de la lic\u00e9it\u00e9 du traitement pour la p\u00e9riode pr\u00e9c\u00e9dant votre r\u00e9vocation.<\/p>\n<p>Vous pouvez, en outre, \u00e0 tout moment exercer les droits pr\u00e9vus par les articles de 15 \u00e0 22 du RGPD.<\/p>\n<p>Notamment:<\/p>\n<ul>\n<li>Vous avez le droit de demander l&rsquo;acc\u00e8s aux donn\u00e9es \u00e0 caract\u00e8re personnel et la rectification ou l&rsquo;effacement de ces donn\u00e9es ou la limitation du traitement des donn\u00e9es \u00e0 caract\u00e8re personnel vous concernant et de vous opposer au traitement de ces donn\u00e9es;<\/li>\n<li>Vous avez le droit de recevoir les donn\u00e9es \u00e0 caract\u00e8re personnel vous concernant dans un format structur\u00e9, couramment utilis\u00e9 et lisible par machine et vous avez le droit de transmettre sans entrave ces donn\u00e9es \u00e0 un autre responsable du traitement;<\/li>\n<\/ul>\n<ol start=\"7\">\n<li><strong>Profilage et diffusion des donn\u00e9es<\/strong><\/li>\n<\/ol>\n<p>Les donn\u00e9es personnelles ne font l&rsquo;objet d&rsquo;aucune diffusion ni d&rsquo;aucun processus d\u00e9cisionnel automatis\u00e9, y compris le profilage.<\/p>\n<ol start=\"8\">\n<li><strong>P\u00e9riode de conservation<\/strong><\/li>\n<\/ol>\n<p>La p\u00e9riode pendant laquelle les donn\u00e9es personnelles seront conserv\u00e9es est la p\u00e9riode n\u00e9cessaire \u00e0 la poursuite des objectifs \u00e9nonc\u00e9s dans le pr\u00e9sent document et \u00e0 l&rsquo;accomplissement des obligations de conservation \u00e0 des fins comptables et fiscales pr\u00e9vues par la loi.<\/p>\n<ol start=\"9\">\n<li><strong>Autorit\u00e9 de contr\u00f4le<\/strong><\/li>\n<\/ol>\n<p>Nous vous informons qu&rsquo;en cas de violations li\u00e9es au traitement de donn\u00e9es \u00e0 caract\u00e8re personnel, vous avez le droit de d\u00e9poser une plainte aupr\u00e8s du Contr\u00f4leur de la protection des donn\u00e9es \u00e0 caract\u00e8re personnel.<\/p>\n<p><u>Contr\u00f4leur de la protection des donn\u00e9es \u00e0 caract\u00e8re personnel<\/u><\/p>\n<p>Piazza di Monte Citorio n. 121 00186 ROME<\/p>\n<p>Tel. (+39) 06.696771, Fax: (+39) 06.69677.3785,<\/p>\n<p><a href=\"http:\/\/www.garanteprivacy.it\">www.garanteprivacy.it<\/a>.<\/p>\n<p>Pour des informations \u00e0 caract\u00e8re g\u00e9n\u00e9ral il est possible d\u2019adresser un courriel \u00e0: <a href=\"mailto:garante@gpdp.it\">garante@gpdp.it<\/a>.<\/p>\n<p>&nbsp;<\/p>\n<p>&nbsp;<\/p>\n","protected":false},"excerpt":{"rendered":"<p>INFORMATION CONFORM\u00c9MENT \u00c0 L&rsquo;ARTICLE 13 DU R\u00c8GLEMENT (UE) 2016\/679 (RGPD) Conform\u00e9ment \u00e0 l&rsquo;article 13 du r\u00e8glement (UE) 2016\/679, r\u00e8glement g\u00e9n\u00e9ral<\/p>\n<div class=\"h10\"><\/div>\n<p><a class=\"more-link1\" href=\"https:\/\/www.ufifilters.com\/fr\/confidentialite-travaillez-avec-nous\/\">Tout lire<\/a><\/p>\n","protected":false},"author":6,"featured_media":0,"parent":0,"menu_order":0,"comment_status":"closed","ping_status":"closed","template":"","meta":{"_acf_changed":false,"footnotes":""},"class_list":["post-15113","page","type-page","status-publish","hentry"],"acf":[],"aioseo_notices":[],"_links":{"self":[{"href":"https:\/\/www.ufifilters.com\/fr\/wp-json\/wp\/v2\/pages\/15113","targetHints":{"allow":["GET"]}}],"collection":[{"href":"https:\/\/www.ufifilters.com\/fr\/wp-json\/wp\/v2\/pages"}],"about":[{"href":"https:\/\/www.ufifilters.com\/fr\/wp-json\/wp\/v2\/types\/page"}],"author":[{"embeddable":true,"href":"https:\/\/www.ufifilters.com\/fr\/wp-json\/wp\/v2\/users\/6"}],"replies":[{"embeddable":true,"href":"https:\/\/www.ufifilters.com\/fr\/wp-json\/wp\/v2\/comments?post=15113"}],"version-history":[{"count":2,"href":"https:\/\/www.ufifilters.com\/fr\/wp-json\/wp\/v2\/pages\/15113\/revisions"}],"predecessor-version":[{"id":15115,"href":"https:\/\/www.ufifilters.com\/fr\/wp-json\/wp\/v2\/pages\/15113\/revisions\/15115"}],"wp:attachment":[{"href":"https:\/\/www.ufifilters.com\/fr\/wp-json\/wp\/v2\/media?parent=15113"}],"curies":[{"name":"wp","href":"https:\/\/api.w.org\/{rel}","templated":true}]}}