{"id":3686,"date":"2018-11-08T12:19:46","date_gmt":"2018-11-08T10:19:46","guid":{"rendered":"https:\/\/www.ufifilters.com\/video\/"},"modified":"2020-03-04T15:33:12","modified_gmt":"2020-03-04T14:33:12","slug":"video","status":"publish","type":"page","link":"https:\/\/www.ufifilters.com\/de\/video\/","title":{"rendered":"Video"},"content":{"rendered":"<div class=\"wpb-content-wrapper\"><p>[vc_row content_placement=&#8220;middle&#8220; css=&#8220;.vc_custom_1580460085137{margin-top: 60px !important;}&#8220;][vc_column]<h2 class=\"boc_heading title-section center  \"  style=\"margin-bottom: 40px;margin-top: 0px;color: #333333;\"><span>Unternehmensvideos<\/span><\/h2><div class=\"boc_spacing \" style=\"height: 20px\"><\/div><div id = \"post_grid_5438e6fbe4cda548e8ca6bfe49dbf91c\" class=\"grid_holder \"><div class=\"col span_1_of_3 info_item isotope_element\">\n\t\t\t\t\t\t\t<div class=\"post_item_block  boxed\"><div class=\"pic \"><a href=\"https:\/\/www.ufifilters.com\/de\/video-de\/dream-of-peace-2024\/\"><img decoding=\"async\" src=\"https:\/\/www.ufifilters.com\/wp-content\/uploads\/2024\/12\/UFI_2024_NEWS_Natale.jpg\"\/><div class=\"img_overlay\"><span class=\"hover_icon icon_plus\"><\/span><\/div><\/a><\/div><div class=\"post_item_desc dark_links\"><h4><a href=\"https:\/\/www.ufifilters.com\/de\/video-de\/dream-of-peace-2024\/\">Dream of Peace 2024<\/a><\/h4><p>[vc_row][vc_column][vc_column_text]Kann ein Lied zu Frieden und Einhei ...<\/p><a href=\"https:\/\/www.ufifilters.com\/de\/video-de\/dream-of-peace-2024\/\" class='more-link1'>Lies mehr<\/a>\t\t<\/div>\n\t\t\t\t<\/div>\n\t\t\t\t<\/div><div class=\"col span_1_of_3 info_item isotope_element\">\n\t\t\t\t\t\t\t<div class=\"post_item_block  boxed\"><div class=\"pic \"><a href=\"https:\/\/www.ufifilters.com\/de\/video-de\/die-ufi-gruppe-eroeffnet-ufi-green-ihr-7-chinesisches-werk-das-vollstaendig-auf-gruene-technologien-ausgerichtet-ist\/\"><img decoding=\"async\" src=\"https:\/\/www.ufifilters.com\/wp-content\/uploads\/2024\/05\/UFI_Green_Jiaxing_May_2024.jpg\"\/><div class=\"img_overlay\"><span class=\"hover_icon icon_plus\"><\/span><\/div><\/a><\/div><div class=\"post_item_desc dark_links\"><h4><a href=\"https:\/\/www.ufifilters.com\/de\/video-de\/die-ufi-gruppe-eroeffnet-ufi-green-ihr-7-chinesisches-werk-das-vollstaendig-auf-gruene-technologien-ausgerichtet-ist\/\">Die UFI-Gruppe er\u00f6ffnet UFI GREEN, ihr 7. chinesisches Werk, das vollst\u00e4ndig auf gr\u00fcne Technologien ausgerichtet ist<\/a><\/h4><p>[vc_row][vc_column][vc_column_text]Die UFI Filters Group er\u00f6ffnete UFI ...<\/p><a href=\"https:\/\/www.ufifilters.com\/de\/video-de\/die-ufi-gruppe-eroeffnet-ufi-green-ihr-7-chinesisches-werk-das-vollstaendig-auf-gruene-technologien-ausgerichtet-ist\/\" class='more-link1'>Lies mehr<\/a>\t\t<\/div>\n\t\t\t\t<\/div>\n\t\t\t\t<\/div><div class=\"col span_1_of_3 info_item isotope_element\">\n\t\t\t\t\t\t\t<div class=\"post_item_block  boxed\"><div class=\"pic \"><a href=\"https:\/\/www.ufifilters.com\/de\/video-de\/die-hinterbuehne-der-weihnachtsgruesse-video-2023\/\"><img decoding=\"async\" src=\"https:\/\/www.ufifilters.com\/wp-content\/uploads\/2024\/01\/UFI_Filters_video_Natale2023_backstage.jpg\"\/><div class=\"img_overlay\"><span class=\"hover_icon icon_plus\"><\/span><\/div><\/a><\/div><div class=\"post_item_desc dark_links\"><h4><a href=\"https:\/\/www.ufifilters.com\/de\/video-de\/die-hinterbuehne-der-weihnachtsgruesse-video-2023\/\">Die Hinterb\u00fchne der Weihnachtsgr\u00fc\u00dfe Video 2023<\/a><\/h4><p>[vc_row][vc_column][vc_column_text]Der Soundtrack zu dieser Zeit? Offe ...<\/p><a href=\"https:\/\/www.ufifilters.com\/de\/video-de\/die-hinterbuehne-der-weihnachtsgruesse-video-2023\/\" class='more-link1'>Lies mehr<\/a>\t\t<\/div>\n\t\t\t\t<\/div>\n\t\t\t\t<\/div>\n\t\t\t<\/div>\n\t\t\t<div class=\"h10 clear\"><\/div><div class=\"boc_spacing \" style=\"height: 20px\"><\/div><a\thref=\"\/de\/category\/video-de\/unternehmensvideos\/\" \n\t\t\t\tclass=\"button btn_medium btn_theme_color btn_rounded btn_normal_style    \"  target='_self'><span>ALLE ANZEIGEN<\/span><\/a>[\/vc_column][\/vc_row][vc_row content_placement=&#8220;middle&#8220; css=&#8220;.vc_custom_1580459919844{margin-top: 110px !important;}&#8220;][vc_column]<h2 class=\"boc_heading title-section center  \"  style=\"margin-bottom: 40px;margin-top: 0px;color: #333333;\"><span>Produktvideos<\/span><\/h2><div class=\"boc_spacing \" style=\"height: 20px\"><\/div><div id = \"post_grid_98d9265f76eba21066393f24f6117f7a\" class=\"grid_holder \"><div class=\"col span_1_of_3 info_item isotope_element\">\n\t\t\t\t\t\t\t<div class=\"post_item_block  boxed\"><div class=\"pic \"><a href=\"https:\/\/www.ufifilters.com\/de\/video-de\/multitube-die-revolution-in-der-motorluftfiltration-jetzt-in-den-katalogen-des-ersatzteilmarktes\/\"><img decoding=\"async\" src=\"https:\/\/www.ufifilters.com\/wp-content\/uploads\/2024\/05\/UFI-SOFIMA-MULTITUBE.jpg\"\/><div class=\"img_overlay\"><span class=\"hover_icon icon_plus\"><\/span><\/div><\/a><\/div><div class=\"post_item_desc dark_links\"><h4><a href=\"https:\/\/www.ufifilters.com\/de\/video-de\/multitube-die-revolution-in-der-motorluftfiltration-jetzt-in-den-katalogen-des-ersatzteilmarktes\/\">MULTITUBE, die Revolution in der Motorluftfiltration, jetzt in den Katalogen des Ersatzteilmarktes<\/a><\/h4><p>[vc_row][vc_column][vc_column_text]MULTITUBE, unsere revolution\u00e4re Mot ...<\/p><a href=\"https:\/\/www.ufifilters.com\/de\/video-de\/multitube-die-revolution-in-der-motorluftfiltration-jetzt-in-den-katalogen-des-ersatzteilmarktes\/\" class='more-link1'>Lies mehr<\/a>\t\t<\/div>\n\t\t\t\t<\/div>\n\t\t\t\t<\/div><div class=\"col span_1_of_3 info_item isotope_element\">\n\t\t\t\t\t\t\t<div class=\"post_item_block  boxed\"><div class=\"pic \"><a href=\"https:\/\/www.ufifilters.com\/de\/video-de\/ufi-filters-waermemanagementsysteme-fuer-alfa-romeo-tonale\/\"><img decoding=\"async\" src=\"https:\/\/www.ufifilters.com\/wp-content\/uploads\/2023\/02\/A01_UFI_Alfa_Romeo_Tonale_Moment-1.jpg\"\/><div class=\"img_overlay\"><span class=\"hover_icon icon_plus\"><\/span><\/div><\/a><\/div><div class=\"post_item_desc dark_links\"><h4><a href=\"https:\/\/www.ufifilters.com\/de\/video-de\/ufi-filters-waermemanagementsysteme-fuer-alfa-romeo-tonale\/\">UFI Filters W\u00e4rmemanagementsysteme f\u00fcr Alfa Romeo Tonale<\/a><\/h4><p>[vc_row][vc_column][vc_column_text]Alfa Romeo Tonale w\u00e4hlt auch das Be ...<\/p><a href=\"https:\/\/www.ufifilters.com\/de\/video-de\/ufi-filters-waermemanagementsysteme-fuer-alfa-romeo-tonale\/\" class='more-link1'>Lies mehr<\/a>\t\t<\/div>\n\t\t\t\t<\/div>\n\t\t\t\t<\/div><div class=\"col span_1_of_3 info_item isotope_element\">\n\t\t\t\t\t\t\t<div class=\"post_item_block  boxed\"><div class=\"pic \"><a href=\"https:\/\/www.ufifilters.com\/de\/video-de\/oe-ausgeruestete-waermetauscher-von-ufi-filters-fuer-e-motoren-von-renault-und-nissan\/\"><img decoding=\"async\" src=\"https:\/\/www.ufifilters.com\/wp-content\/uploads\/2022\/11\/UFI_Filters_original_equipment_thermal_management_for_Renault_Nissan_applications.jpg\"\/><div class=\"img_overlay\"><span class=\"hover_icon icon_plus\"><\/span><\/div><\/a><\/div><div class=\"post_item_desc dark_links\"><h4><a href=\"https:\/\/www.ufifilters.com\/de\/video-de\/oe-ausgeruestete-waermetauscher-von-ufi-filters-fuer-e-motoren-von-renault-und-nissan\/\">OE-ausger\u00fcstete W\u00e4rmetauscher von UFI Filters f\u00fcr E-Motoren von Renault und Nissan<\/a><\/h4><p>[vc_row][vc_column][vc_column_text]Die Zusammenarbeit mit der Renault- ...<\/p><a href=\"https:\/\/www.ufifilters.com\/de\/video-de\/oe-ausgeruestete-waermetauscher-von-ufi-filters-fuer-e-motoren-von-renault-und-nissan\/\" class='more-link1'>Lies mehr<\/a>\t\t<\/div>\n\t\t\t\t<\/div>\n\t\t\t\t<\/div>\n\t\t\t<\/div>\n\t\t\t<div class=\"h10 clear\"><\/div><div class=\"boc_spacing \" style=\"height: 20px\"><\/div><a\thref=\"\/de\/category\/video-de\/produktvideos\/\" \n\t\t\t\tclass=\"button btn_medium btn_theme_color btn_rounded btn_normal_style    \"  target='_self'><span>ALLE ANZEIGEN<\/span><\/a>[\/vc_column][\/vc_row][vc_row content_placement=&#8220;middle&#8220; css=&#8220;.vc_custom_1580822062941{margin-top: 110px !important;}&#8220;][vc_column]<h2 class=\"boc_heading title-section center  \"  style=\"margin-bottom: 40px;margin-top: 0px;color: #333333;\"><span>Video-Interviews<\/span><\/h2><div class=\"boc_spacing \" style=\"height: 20px\"><\/div><div id = \"post_grid_33ffd8923764a45ed28b972ecd87496f\" class=\"grid_holder \"><div class=\"col span_1_of_3 info_item isotope_element\">\n\t\t\t\t\t\t\t<div class=\"post_item_block  boxed\"><div class=\"pic \"><a href=\"https:\/\/www.ufifilters.com\/de\/video-de\/videointerviews\/giorgio-girondi-praesident-von-ufi-filters-an-den-mikrofonen-von-pole-position-auf-business24-von-sky\/\"><img decoding=\"async\" src=\"https:\/\/www.ufifilters.com\/wp-content\/uploads\/2020\/03\/UFIF_YT_Pole-Position.jpg\"\/><div class=\"img_overlay\"><span class=\"hover_icon icon_plus\"><\/span><\/div><\/a><\/div><div class=\"post_item_desc dark_links\"><h4><a href=\"https:\/\/www.ufifilters.com\/de\/video-de\/videointerviews\/giorgio-girondi-praesident-von-ufi-filters-an-den-mikrofonen-von-pole-position-auf-business24-von-sky\/\">Giorgio Girondi, Pr\u00e4sident von UFI Filters an den Mikrofonen von Pole Position, auf Business24 von Sky.<\/a><\/h4><p>[vc_row][vc_column][vc_column_text]Giorgio Girondi, Pr\u00e4sident von UFI  ...<\/p><a href=\"https:\/\/www.ufifilters.com\/de\/video-de\/videointerviews\/giorgio-girondi-praesident-von-ufi-filters-an-den-mikrofonen-von-pole-position-auf-business24-von-sky\/\" class='more-link1'>Lies mehr<\/a>\t\t<\/div>\n\t\t\t\t<\/div>\n\t\t\t\t<\/div>\n\t\t\t<\/div>\n\t\t\t<div class=\"h10 clear\"><\/div><div class=\"boc_spacing \" style=\"height: 20px\"><\/div><a\thref=\"\/de\/category\/video-de\/video-interviews\/\" \n\t\t\t\tclass=\"button btn_medium btn_theme_color btn_rounded btn_normal_style    \"  target='_self'><span>ALLE ANZEIGEN<\/span><\/a>[\/vc_column][\/vc_row][vc_row content_placement=&#8220;middle&#8220; css=&#8220;.vc_custom_1580822062941{margin-top: 110px !important;}&#8220;][vc_column]<h2 class=\"boc_heading title-section center  \"  style=\"margin-bottom: 40px;margin-top: 0px;color: #333333;\"><span>Messevideos<\/span><\/h2><div class=\"boc_spacing \" style=\"height: 20px\"><\/div><div id = \"post_grid_253397a2eac6c6aa478076a238a4c2cf\" class=\"grid_holder \"><div class=\"col span_1_of_3 info_item isotope_element\">\n\t\t\t\t\t\t\t<div class=\"post_item_block  boxed\"><div class=\"pic \"><a href=\"https:\/\/www.ufifilters.com\/de\/video-de\/messevideos\/ufi-filters-auf-der-automechanika-shanghai-2019\/\"><img decoding=\"async\" src=\"https:\/\/www.ufifilters.com\/wp-content\/uploads\/2020\/03\/UFIF_YT_Automechanika-Shanghai-2019.jpg\"\/><div class=\"img_overlay\"><span class=\"hover_icon icon_plus\"><\/span><\/div><\/a><\/div><div class=\"post_item_desc dark_links\"><h4><a href=\"https:\/\/www.ufifilters.com\/de\/video-de\/messevideos\/ufi-filters-auf-der-automechanika-shanghai-2019\/\">UFI Filters auf der Automechanika Shanghai 2019<\/a><\/h4><p>[vc_row][vc_column][vc_column_text]UFI Filters war im Dezember 2019 zu ...<\/p><a href=\"https:\/\/www.ufifilters.com\/de\/video-de\/messevideos\/ufi-filters-auf-der-automechanika-shanghai-2019\/\" class='more-link1'>Lies mehr<\/a>\t\t<\/div>\n\t\t\t\t<\/div>\n\t\t\t\t<\/div><div class=\"col span_1_of_3 info_item isotope_element\">\n\t\t\t\t\t\t\t<div class=\"post_item_block  boxed\"><div class=\"pic \"><a href=\"https:\/\/www.ufifilters.com\/de\/video-de\/messevideos\/ufi-filters-automec-fair-sao-paulo-brazil-2019\/\"><img decoding=\"async\" src=\"https:\/\/www.ufifilters.com\/wp-content\/uploads\/2020\/03\/UFIF_YT_Automec-Fair-Sao-Paulo.jpg\"\/><div class=\"img_overlay\"><span class=\"hover_icon icon_plus\"><\/span><\/div><\/a><\/div><div class=\"post_item_desc dark_links\"><h4><a href=\"https:\/\/www.ufifilters.com\/de\/video-de\/messevideos\/ufi-filters-automec-fair-sao-paulo-brazil-2019\/\">UFI Filters @Automec Fair S\u00e3o Paulo, Brazil 2019<\/a><\/h4><p>[vc_row][vc_column][vc_column_text]UFI Filters nimmt im April 2019 zum ...<\/p><a href=\"https:\/\/www.ufifilters.com\/de\/video-de\/messevideos\/ufi-filters-automec-fair-sao-paulo-brazil-2019\/\" class='more-link1'>Lies mehr<\/a>\t\t<\/div>\n\t\t\t\t<\/div>\n\t\t\t\t<\/div>\n\t\t\t<\/div>\n\t\t\t<div class=\"h10 clear\"><\/div><div class=\"boc_spacing \" style=\"height: 20px\"><\/div><a\thref=\"\/de\/category\/video-de\/messevideos\/\" \n\t\t\t\tclass=\"button btn_medium btn_theme_color btn_rounded btn_normal_style    \"  target='_self'><span>ALLE ANZEIGEN<\/span><\/a>[\/vc_column][\/vc_row][vc_row content_placement=&#8220;middle&#8220; css=&#8220;.vc_custom_1580822062941{margin-top: 110px !important;}&#8220;][vc_column]<h2 class=\"boc_heading title-section center  \"  style=\"margin-bottom: 40px;margin-top: 0px;color: #333333;\"><span>Unternehmerische Gesellschaftsverantwortung-Videos<\/span><\/h2><div class=\"boc_spacing \" style=\"height: 20px\"><\/div><div id = \"post_grid_f4f4be75ebd64e4723e9f6d3cc111620\" class=\"grid_holder \"><div class=\"col span_1_of_3 info_item isotope_element\">\n\t\t\t\t\t\t\t<div class=\"post_item_block  boxed\"><div class=\"pic \"><a href=\"https:\/\/www.ufifilters.com\/de\/video-de\/unternehmerische-gesellschaftsverantwortung-videos\/ufi-filter-fuer-die-china-international-import-expo-shanghai-2018\/\"><img decoding=\"async\" src=\"https:\/\/www.ufifilters.com\/wp-content\/uploads\/2020\/03\/UFIF_YT_Expo-Shanghai-2018.jpg\"\/><div class=\"img_overlay\"><span class=\"hover_icon icon_plus\"><\/span><\/div><\/a><\/div><div class=\"post_item_desc dark_links\"><h4><a href=\"https:\/\/www.ufifilters.com\/de\/video-de\/unternehmerische-gesellschaftsverantwortung-videos\/ufi-filter-fuer-die-china-international-import-expo-shanghai-2018\/\">UFI Filter f\u00fcr die China International Import Expo, Shanghai 2018<\/a><\/h4><p>[vc_row][vc_column][vc_column_text]Sehen und h\u00f6ren Sie sich die Worte  ...<\/p><a href=\"https:\/\/www.ufifilters.com\/de\/video-de\/unternehmerische-gesellschaftsverantwortung-videos\/ufi-filter-fuer-die-china-international-import-expo-shanghai-2018\/\" class='more-link1'>Lies mehr<\/a>\t\t<\/div>\n\t\t\t\t<\/div>\n\t\t\t\t<\/div><div class=\"col span_1_of_3 info_item isotope_element\">\n\t\t\t\t\t\t\t<div class=\"post_item_block  boxed\"><div class=\"pic \"><a href=\"https:\/\/www.ufifilters.com\/de\/video-de\/unternehmerische-gesellschaftsverantwortung-videos\/ufi-cup-competition\/\"><img decoding=\"async\" src=\"https:\/\/www.ufifilters.com\/wp-content\/uploads\/2020\/03\/UFIF_YT_UFI-CUP-Competition.jpg\"\/><div class=\"img_overlay\"><span class=\"hover_icon icon_plus\"><\/span><\/div><\/a><\/div><div class=\"post_item_desc dark_links\"><h4><a href=\"https:\/\/www.ufifilters.com\/de\/video-de\/unternehmerische-gesellschaftsverantwortung-videos\/ufi-cup-competition\/\">UFI CUP Competition<\/a><\/h4><p>[vc_row][vc_column][vc_column_text]You Zou ist der junge Gewinner des  ...<\/p><a href=\"https:\/\/www.ufifilters.com\/de\/video-de\/unternehmerische-gesellschaftsverantwortung-videos\/ufi-cup-competition\/\" class='more-link1'>Lies mehr<\/a>\t\t<\/div>\n\t\t\t\t<\/div>\n\t\t\t\t<\/div>\n\t\t\t<\/div>\n\t\t\t<div class=\"h10 clear\"><\/div><div class=\"boc_spacing \" style=\"height: 20px\"><\/div><a\thref=\"\/de\/category\/video-de\/unternehmerische-gesellschaftsverantwortung-videos\/\" \n\t\t\t\tclass=\"button btn_medium btn_theme_color btn_rounded btn_normal_style    \"  target='_self'><span>ALLE ANZEIGEN<\/span><\/a>[\/vc_column][\/vc_row]<\/p>\n<\/div>","protected":false},"excerpt":{"rendered":"<p>[vc_row content_placement=&#8220;middle&#8220; css=&#8220;.vc_custom_1580460085137{margin-top: 60px !important;}&#8220;][vc_column][\/vc_column][\/vc_row][vc_row content_placement=&#8220;middle&#8220; css=&#8220;.vc_custom_1580459919844{margin-top: 110px !important;}&#8220;][vc_column][\/vc_column][\/vc_row][vc_row content_placement=&#8220;middle&#8220; css=&#8220;.vc_custom_1580822062941{margin-top: 110px !important;}&#8220;][vc_column][\/vc_column][\/vc_row][vc_row content_placement=&#8220;middle&#8220; css=&#8220;.vc_custom_1580822062941{margin-top: 110px !important;}&#8220;][vc_column][\/vc_column][\/vc_row][vc_row content_placement=&#8220;middle&#8220; css=&#8220;.vc_custom_1580822062941{margin-top: 110px<\/p>\n<div class=\"h10\"><\/div>\n<p><a class=\"more-link1\" href=\"https:\/\/www.ufifilters.com\/de\/video-de\/unternehmerische-gesellschaftsverantwortung-videos\/ufi-cup-competition\/\">Lies mehr<\/a><\/p>\n","protected":false},"author":6,"featured_media":0,"parent":0,"menu_order":0,"comment_status":"closed","ping_status":"closed","template":"","meta":{"_acf_changed":false,"footnotes":""},"class_list":["post-3686","page","type-page","status-publish","hentry"],"acf":[],"aioseo_notices":[],"_links":{"self":[{"href":"https:\/\/www.ufifilters.com\/de\/wp-json\/wp\/v2\/pages\/3686","targetHints":{"allow":["GET"]}}],"collection":[{"href":"https:\/\/www.ufifilters.com\/de\/wp-json\/wp\/v2\/pages"}],"about":[{"href":"https:\/\/www.ufifilters.com\/de\/wp-json\/wp\/v2\/types\/page"}],"author":[{"embeddable":true,"href":"https:\/\/www.ufifilters.com\/de\/wp-json\/wp\/v2\/users\/6"}],"replies":[{"embeddable":true,"href":"https:\/\/www.ufifilters.com\/de\/wp-json\/wp\/v2\/comments?post=3686"}],"version-history":[{"count":3,"href":"https:\/\/www.ufifilters.com\/de\/wp-json\/wp\/v2\/pages\/3686\/revisions"}],"predecessor-version":[{"id":7208,"href":"https:\/\/www.ufifilters.com\/de\/wp-json\/wp\/v2\/pages\/3686\/revisions\/7208"}],"wp:attachment":[{"href":"https:\/\/www.ufifilters.com\/de\/wp-json\/wp\/v2\/media?parent=3686"}],"curies":[{"name":"wp","href":"https:\/\/api.w.org\/{rel}","templated":true}]}}