{"id":3138,"date":"2018-10-04T12:02:51","date_gmt":"2018-10-04T10:02:51","guid":{"rendered":"https:\/\/www.ufifilters.com\/ufi-multitube\/"},"modified":"2018-10-22T13:33:08","modified_gmt":"2018-10-22T11:33:08","slug":"ufi-multitube","status":"publish","type":"page","link":"https:\/\/www.ufifilters.com\/de\/ufi-multitube\/","title":{"rendered":"ENTDECKEN SIE DIE REVOLUTION DER MOTORLUFTFILTERUNG: UFI MULTITUBE"},"content":{"rendered":"<div class=\"wpb-content-wrapper\"><p>[vc_row][vc_column width=&#8220;1\/2&#8243; css=&#8220;.vc_custom_1527069203556{padding-top: 30px !important;}&#8220;][vc_column_text]<b>Geometrische Flexibilit\u00e4t des Einsatzes<\/b>. Im Vergleich zur konventionellen Platte k\u00f6nnen die Rohre dank des <b>UFI MULTITUBE <\/b>Profils nach <b>verschiedenen Geometrien<\/b>, mit unterschiedlichem Durchmesser, Formen und L\u00e4ngen positioniert werden. Die <b>Modularit\u00e4t<\/b> der neuen, von der UFI Gruppe angebotenen Technologie passt sich den Anforderungen der verschiedenen Autohersteller an, je nach Platzerfordernissen im Motorraum der einzelnen Fahrzeugmodelle.<\/p>\n<p><span style=\"font-weight: 400;\">\u00a0<\/span>[\/vc_column_text][\/vc_column][vc_column width=&#8220;1\/2&#8243;][vc_single_image img_size=&#8220;boc_medium&#8220; alignment=&#8220;center&#8220; image=&#8220;3126&#8243;][\/vc_column][\/vc_row][vc_row][vc_column width=&#8220;1\/2&#8243;][vc_column_text css=&#8220;.vc_custom_1540207904283{padding-top: 70px !important;}&#8220;]<b>Downsizing des Filters. Filtrierungsleistung \u2013 \u00fcber 99,5% &#8211; bei geringerem Platzbedarf<\/b>. UFI MULTITUBE ben\u00f6tigt <b>bis zu 50% weniger Platz <\/b>als ein Standardfilter. Das ist f\u00fcr Hybridfahrzeuge mit wenig Platz im Motorraum ein Vorteil.<\/p>\n<p><span style=\"font-weight: 400;\">\u00a0<\/span>[\/vc_column_text][\/vc_column][vc_column width=&#8220;1\/2&#8243;][vc_single_image img_size=&#8220;medium&#8220; alignment=&#8220;center&#8220; image=&#8220;3128&#8243;][\/vc_column][\/vc_row][vc_row][vc_column width=&#8220;1\/2&#8243;][vc_column_text css=&#8220;.vc_custom_1540207921016{padding-top: 80px !important;}&#8220;]<b>Die \u2013 um bis zu 4% \u2013 mehr PS des Motors<\/b> &#8211; werden durch die <b>bessere Flussdynamik <\/b>von UFI MULTITUBE bewirkt, die eine lineare Luftstr\u00f6mung gew\u00e4hrleistet und dadurch Druckverlust und Energieverbrauch verringert. Daraus resultieren eine <b>Verringerung der Schadstoffemissionen und des Kraftstoffverbrauchs<\/b>.<\/p>\n<p><strong>\u00a0<\/strong>[\/vc_column_text][\/vc_column][vc_column width=&#8220;1\/2&#8243;][vc_single_image img_size=&#8220;medium&#8220; alignment=&#8220;center&#8220; image=&#8220;3130&#8243;][\/vc_column][\/vc_row][vc_row][vc_column width=&#8220;1\/2&#8243;][vc_column_text css=&#8220;.vc_custom_1540207955050{padding-top: 80px !important;}&#8220;]<strong>Wasserbest\u00e4ndigkeit.<\/strong> UFI MULTITUBE besteht aus einem <strong>steifen Vlies-Filtermedium<\/strong> <strong>aus wasserabweisenden Kunststofffasern<\/strong>, die nach einem spezifischen Verteilungsgradient des Durchmessers und der Porosit\u00e4t strukturiert sind, wodurch ihre volle Funktionalit\u00e4t w\u00e4hrend des gesamten Lebenszykluses des Produkts konstant beibehalten wird. Der konventionelle Plattenfilter verliert hingegen seine Effizienz im Lauf der Zeit durch die Verformung der feuchtigkeitsaufsaugenden Materialien.<\/p>\n<p><span style=\"font-weight: 400;\">\u00a0<\/span>[\/vc_column_text][\/vc_column][vc_column width=&#8220;1\/2&#8243;][vc_single_image img_size=&#8220;medium&#8220; alignment=&#8220;center&#8220; image=&#8220;3127&#8243;][\/vc_column][\/vc_row][vc_row][vc_column width=&#8220;1\/2&#8243;][vc_column_text css=&#8220;.vc_custom_1540207981054{padding-top: 80px !important;}&#8220;]Die gegen\u00fcber dem konventionellen Plattenfilter h\u00f6here Filtrierungsleistung ist das Ergebnis eines<strong> neuen Tiefenfiltrierungskonzepts<\/strong>: der Luftstrom verl\u00e4uft linear von au\u00dfen nach innen und durchquert dabei das aus einem oder mehreren Rohren bestehende UFI MULTITUBE Profil.<\/p>\n<p><span style=\"font-weight: 400;\">\u00a0<\/span>[\/vc_column_text][\/vc_column][vc_column width=&#8220;1\/2&#8243;][vc_single_image img_size=&#8220;medium&#8220; alignment=&#8220;center&#8220; image=&#8220;3129&#8243;][\/vc_column][\/vc_row]<\/p>\n<\/div>","protected":false},"excerpt":{"rendered":"<p>[vc_row][vc_column width=&#8220;1\/2&#8243; css=&#8220;.vc_custom_1527069203556{padding-top: 30px !important;}&#8220;][vc_column_text]Geometrische Flexibilit\u00e4t des Einsatzes. Im Vergleich zur konventionellen Platte k\u00f6nnen die Rohre dank des UFI MULTITUBE<\/p>\n<div class=\"h10\"><\/div>\n<p><a class=\"more-link1\" href=\"https:\/\/www.ufifilters.com\/de\/ufi-multitube\/\">Lies mehr<\/a><\/p>\n","protected":false},"author":6,"featured_media":0,"parent":0,"menu_order":0,"comment_status":"closed","ping_status":"closed","template":"","meta":{"_acf_changed":false,"footnotes":""},"class_list":["post-3138","page","type-page","status-publish","hentry"],"acf":[],"aioseo_notices":[],"_links":{"self":[{"href":"https:\/\/www.ufifilters.com\/de\/wp-json\/wp\/v2\/pages\/3138","targetHints":{"allow":["GET"]}}],"collection":[{"href":"https:\/\/www.ufifilters.com\/de\/wp-json\/wp\/v2\/pages"}],"about":[{"href":"https:\/\/www.ufifilters.com\/de\/wp-json\/wp\/v2\/types\/page"}],"author":[{"embeddable":true,"href":"https:\/\/www.ufifilters.com\/de\/wp-json\/wp\/v2\/users\/6"}],"replies":[{"embeddable":true,"href":"https:\/\/www.ufifilters.com\/de\/wp-json\/wp\/v2\/comments?post=3138"}],"version-history":[{"count":6,"href":"https:\/\/www.ufifilters.com\/de\/wp-json\/wp\/v2\/pages\/3138\/revisions"}],"predecessor-version":[{"id":3373,"href":"https:\/\/www.ufifilters.com\/de\/wp-json\/wp\/v2\/pages\/3138\/revisions\/3373"}],"wp:attachment":[{"href":"https:\/\/www.ufifilters.com\/de\/wp-json\/wp\/v2\/media?parent=3138"}],"curies":[{"name":"wp","href":"https:\/\/api.w.org\/{rel}","templated":true}]}}