{"id":2368,"date":"2018-05-04T10:56:15","date_gmt":"2018-05-04T10:56:15","guid":{"rendered":"https:\/\/www.ufifilters.com\/privacy-work-with-us\/"},"modified":"2018-10-19T10:42:03","modified_gmt":"2018-10-19T08:42:03","slug":"privacy-work-with-us","status":"publish","type":"page","link":"https:\/\/www.ufifilters.com\/de\/privacy-work-with-us\/","title":{"rendered":"Datenschutz: Arbeiten Sie mit uns zusammen"},"content":{"rendered":"<p><strong>INFORMATIONSSCHREIBEN IM SINNE DES ARTIKEL 13 DER EU-VERORDNUNG 2016\/679 (DSGVO)<\/strong><\/p>\n<p>Im Sinne des Art. 13 der EU-Verordnung 2016\/679, Datenschutz-Grundverordnung (\u201cDSGVO\u201d), informieren wir Sie in Bezug auf die von Ihnen \u00fcber die Applikation &#8222;Karriere&#8220; der Website <a href=\"http:\/\/www.ufifilters.com\">www.ufifilters.com<\/a> (nachstehend die &#8222;Website&#8220;) angegebenen pers\u00f6nlichen Daten, die dadurch in den Besitz der Firma UFI Filters S.p.A. gelangen werden, wie folgt:<\/p>\n<ol>\n<li><strong>Wie und warum verarbeiten wir Ihre Daten.<\/strong><\/li>\n<\/ol>\n<p>Die Daten werden entsprechend den geltenden und einschl\u00e4gigen gesetzlichen Bestimmungen und Verordnungen mit und ohne Verwendung automatisierter Informationssysteme ausschlie\u00dflich f\u00fcr folgende Zwecke verarbeitet:<\/p>\n<p>(i)\u00a0\u00a0\u00a0\u00a0 Erm\u00f6glichung der Verwaltung des Anmeldeverfahrens gem\u00e4\u00df der Applikation \u201cKarriere\u201d der Website\u201d;<\/p>\n<p>(ii)\u00a0\u00a0\u00a0 Verwaltung des <em>Personalauswahlverfahrens<\/em>;<\/p>\n<p>(iii)\u00a0\u00a0 Erf\u00fcllung eventueller gesetzlicher Verpflichtungen.<\/p>\n<ol start=\"2\">\n<li><strong> Rechtsgrundlage f\u00fcr die Verarbeitung.<\/strong><\/li>\n<\/ol>\n<p>Die Verarbeitung von pers\u00f6nlichen Daten ist rechtm\u00e4\u00dfig sofern (i) sie f\u00fcr die Ausf\u00fchrung eines Vertrags mit Ihnen als Vertragspartner erforderlich ist, (ii) zur Erf\u00fcllung einer gesetzlichen Verpflichtung erforderlich ist oder (iii) auf Ihrer Zustimmung beruht.<\/p>\n<ol start=\"3\">\n<li><strong> Erhebung der Daten und eventuelle Verweigerung.<\/strong><\/li>\n<\/ol>\n<p>Die Erhebung der pers\u00f6nlichen Daten ist f\u00fcr die Verwendung der Applikation &#8222;Karriere&#8220; der Website unbedingt erforderlich. Die eventuelle Verweigerung durch den Betroffenen zur Erhebung seiner pers\u00f6nlichen Daten macht die Verwendung der Applikation &#8222;Karriere&#8220; unm\u00f6glich.<\/p>\n<ol start=\"4\">\n<li><strong> Weitergabe der Daten<\/strong><\/li>\n<\/ol>\n<p>Ihre pers\u00f6nlichen Daten k\u00f6nnen an Dritte weitergegeben werden, wenn dies von gesetzeswegen vorgesehen ist oder diese von staatlichen Beh\u00f6rden angefordert werden.<\/p>\n<ol start=\"5\">\n<li><strong> Verantwortlicher der Datenverarbeitung<\/strong><\/li>\n<\/ol>\n<p>Der Verantwortliche f\u00fcr die Verarbeitung Ihrer pers\u00f6nlichen Daten ist die Firma UFI Filters S.p.A., mit Firmensitz in Porto Mantovano (MN), via Europa n. 26, Tel. +39 045 6339911, Fax +39 045 6395011, email ammin@ufi.it.<\/p>\n<ol start=\"6\">\n<li><strong> Rechte des Betroffenen<\/strong><\/li>\n<\/ol>\n<p>Wir teilen Ihnen mit, dass Sie das Recht haben, Ihre Zustimmung zur Verarbeitung Ihrer pers\u00f6nlichen Daten jederzeit zu widerrufen, ohne dass die Rechtm\u00e4\u00dfigkeit der aufgrund der Einwilligung bis zum Widerruf erfolgten Verarbeitung ber\u00fchrt wird.<\/p>\n<p>Zudem sind Sie berechtigt jederzeit Ihre Rechte gem. Art. 15 bis 22 der DSGVO auszu\u00fcben.<\/p>\n<p>Insbesondere:<\/p>\n<ul>\n<li>haben Sie das Recht den Zugriff, die Berichtigung oder L\u00f6schung Ihrer pers\u00f6nlichen Daten oder die Beschr\u00e4nkung der diesbez\u00fcglichen Verarbeitung der pers\u00f6nlichen Daten zu verlangen und Einspruch gegen ihre Verarbeitung zu erheben;<\/li>\n<li>Sie haben das Recht Ihre pers\u00f6nlichen Daten in strukturierter Form f\u00fcr die allgemeine Verwendung und f\u00fcr ein automatisiertes Ger\u00e4t lesbar zu erhalten und Sie haben das Recht diese Daten ungehindert an einen anderen Verantwortlichen f\u00fcr die Datenverarbeitung zu \u00fcbermitteln;<\/li>\n<\/ul>\n<ol start=\"7\">\n<li><strong> Profiling und Verbreitung der Daten<\/strong><\/li>\n<\/ol>\n<p>Die pers\u00f6nlichen Daten werden weder verbreitet noch unterliegen sie einem automatisierten Entscheidungsprozess, einschlie\u00dflich Profiling.<\/p>\n<ol start=\"8\">\n<li><strong> Aufbewahrungsdauer<\/strong><\/li>\n<\/ol>\n<p>Die pers\u00f6nlichen Daten werden solange aufbewahrt wie es n\u00f6tig ist, um die in diesem Dokument erkl\u00e4rten Zwecke zu erreichen und um die f\u00fcr das Rechnungswesen und steuerlichen Zwecke gesetzlich vorgeschriebenen Aufbewahrungsfristen zu wahren.<\/p>\n<ol start=\"9\">\n<li><strong> \u00dcberwachungsbeh\u00f6rde<\/strong><\/li>\n<\/ol>\n<p>Wir teilen Ihnen mit, dass Sie bei Verst\u00f6\u00dfen in Zusammenhang mit der Verarbeitung Ihrer pers\u00f6nlichen Daten das Recht haben, Beschwerde bei der Datenschutzbeh\u00f6rde einzubringen.<\/p>\n<p><u>Datenschutzbeh\u00f6rde<\/u><\/p>\n<p>Piazza di Monte Citorio n. 121 00186 ROMA<\/p>\n<p>Tel. (+39) 06.696771, Fax: (+39) 06.69677.3785,<\/p>\n<p><a href=\"http:\/\/www.garanteprivacy.it\">www.garanteprivacy.it<\/a>.<\/p>\n<p>F\u00fcr Informationen allgemeiner Art k\u00f6nnen Sie eine E-Mail senden an: <a href=\"mailto:garante@gpdp.it\">garante@gpdp.it<\/a>.<\/p>\n<p>&nbsp;<\/p>\n<p>&nbsp;<\/p>\n","protected":false},"excerpt":{"rendered":"<p>INFORMATIONSSCHREIBEN IM SINNE DES ARTIKEL 13 DER EU-VERORDNUNG 2016\/679 (DSGVO) Im Sinne des Art. 13 der EU-Verordnung 2016\/679, Datenschutz-Grundverordnung (\u201cDSGVO\u201d),<\/p>\n<div class=\"h10\"><\/div>\n<p><a class=\"more-link1\" href=\"https:\/\/www.ufifilters.com\/de\/privacy-work-with-us\/\">Lies mehr<\/a><\/p>\n","protected":false},"author":6,"featured_media":0,"parent":0,"menu_order":0,"comment_status":"closed","ping_status":"closed","template":"","meta":{"_acf_changed":false,"footnotes":""},"class_list":["post-2368","page","type-page","status-publish","hentry"],"acf":[],"aioseo_notices":[],"_links":{"self":[{"href":"https:\/\/www.ufifilters.com\/de\/wp-json\/wp\/v2\/pages\/2368","targetHints":{"allow":["GET"]}}],"collection":[{"href":"https:\/\/www.ufifilters.com\/de\/wp-json\/wp\/v2\/pages"}],"about":[{"href":"https:\/\/www.ufifilters.com\/de\/wp-json\/wp\/v2\/types\/page"}],"author":[{"embeddable":true,"href":"https:\/\/www.ufifilters.com\/de\/wp-json\/wp\/v2\/users\/6"}],"replies":[{"embeddable":true,"href":"https:\/\/www.ufifilters.com\/de\/wp-json\/wp\/v2\/comments?post=2368"}],"version-history":[{"count":4,"href":"https:\/\/www.ufifilters.com\/de\/wp-json\/wp\/v2\/pages\/2368\/revisions"}],"predecessor-version":[{"id":3366,"href":"https:\/\/www.ufifilters.com\/de\/wp-json\/wp\/v2\/pages\/2368\/revisions\/3366"}],"wp:attachment":[{"href":"https:\/\/www.ufifilters.com\/de\/wp-json\/wp\/v2\/media?parent=2368"}],"curies":[{"name":"wp","href":"https:\/\/api.w.org\/{rel}","templated":true}]}}