{"id":2295,"date":"2018-05-23T09:19:57","date_gmt":"2018-05-23T09:19:57","guid":{"rendered":"https:\/\/www.ufifilters.com\/filtro-abitacolo\/"},"modified":"2020-03-04T14:39:40","modified_gmt":"2020-03-04T13:39:40","slug":"kabinenfilter","status":"publish","type":"page","link":"https:\/\/www.ufifilters.com\/de\/kabinenfilter\/","title":{"rendered":"KABINENFILTER"},"content":{"rendered":"<div class=\"wpb-content-wrapper\"><p>[vc_row][vc_column width=&#8220;1\/2&#8243; css=&#8220;.vc_custom_1527069203556{padding-top: 30px !important;}&#8220;][vc_column_text]<\/p>\n<h2>ES IST ZEIT, DEN INNENRAUMFILTER ZU WECHSELN<\/h2>\n<p>Wenn der Innenraumfilter fehlt oder nicht im vorgegebenen Intervall ersetzt wird, kommt es zu einer schlechten Luftqualit\u00e4t im Inneren des Fahrzeugs und damit zu:<\/p>\n<ul>\n<li>Ansammlung von Staub, die Allergien, Halsbeschwerden und Niesreiz f\u00f6rdert.<\/li>\n<li>Erm\u00fcdung und Konzentrationsst\u00f6rungen nach l\u00e4ngeren Fahrten.<\/li>\n<li>Schlechte Sicht wegen des Kondenswassers, wodurch Windschutzscheibe und Fenster beschlagen.<\/li>\n<\/ul>\n<p>[\/vc_column_text][\/vc_column][vc_column width=&#8220;1\/2&#8243;][vc_single_image alignment=&#8220;center&#8220; image=&#8220;1306&#8243;][\/vc_column][\/vc_row][vc_row][vc_column width=&#8220;1\/2&#8243;][vc_single_image image=&#8220;1305&#8243;][\/vc_column][vc_column width=&#8220;1\/2&#8243;][vc_column_text css=&#8220;.vc_custom_1530291170158{padding-top: 70px !important;}&#8220;]Das Innenraumfilterprogramm von UFI Filters z\u00e4hlt <strong>418 Artikel<\/strong>, die 98,5 % des europ\u00e4ischen Fahrzeugbestands abdecken. 60 % sind Pollenfilter aus synthetischem Vliesstoff, die \u00fcber 90 % der Partikel, wie z. B. Schmutz oder Pollen, abfangen. 40 % sind Aktivkohlefilter, die auch Gase, Bakterien, Pilze und Ger\u00fcche filtern und f\u00fcr optimalen Komfort, gesunde Bedingungen und Wohlbefinden im Innenraum sorgen.[\/vc_column_text][\/vc_column][\/vc_row][vc_row][vc_column width=&#8220;1\/2&#8243;][vc_column_text css=&#8220;.vc_custom_1530291186465{padding-top: 80px !important;}&#8220;]<span class=\"pro_icon pro_icon01\">Der Innenraumfilter sollte alle 15.000 km ausgetauscht werden. Bei staubiger Umgebung verk\u00fcrzt sich das Intervall.<\/span><\/p>\n<p><span class=\"pro_icon pro_icon02\">Innenraumfilter sollten mindestens alle zw\u00f6lf Monate ausgetauscht werden.<\/span><\/p>\n<p><span class=\"pro_icon pro_icon03\">Bei den meisten Anwendungen nimmt der Austausch des Innenraumfilters 15 Minuten in Anspruch.<\/span>[\/vc_column_text][\/vc_column][vc_column width=&#8220;1\/2&#8243;][vc_single_image alignment=&#8220;center&#8220; image=&#8220;1309&#8243;][\/vc_column][\/vc_row]<\/p>\n<\/div>","protected":false},"excerpt":{"rendered":"<p>[vc_row][vc_column width=&#8220;1\/2&#8243; css=&#8220;.vc_custom_1527069203556{padding-top: 30px !important;}&#8220;][vc_column_text] ES IST ZEIT, DEN INNENRAUMFILTER ZU WECHSELN Wenn der Innenraumfilter fehlt oder nicht im vorgegebenen<\/p>\n<div class=\"h10\"><\/div>\n<p><a class=\"more-link1\" href=\"https:\/\/www.ufifilters.com\/de\/kabinenfilter\/\">Lies mehr<\/a><\/p>\n","protected":false},"author":6,"featured_media":0,"parent":0,"menu_order":0,"comment_status":"closed","ping_status":"closed","template":"","meta":{"_acf_changed":false,"footnotes":""},"class_list":["post-2295","page","type-page","status-publish","hentry"],"acf":[],"aioseo_notices":[],"_links":{"self":[{"href":"https:\/\/www.ufifilters.com\/de\/wp-json\/wp\/v2\/pages\/2295","targetHints":{"allow":["GET"]}}],"collection":[{"href":"https:\/\/www.ufifilters.com\/de\/wp-json\/wp\/v2\/pages"}],"about":[{"href":"https:\/\/www.ufifilters.com\/de\/wp-json\/wp\/v2\/types\/page"}],"author":[{"embeddable":true,"href":"https:\/\/www.ufifilters.com\/de\/wp-json\/wp\/v2\/users\/6"}],"replies":[{"embeddable":true,"href":"https:\/\/www.ufifilters.com\/de\/wp-json\/wp\/v2\/comments?post=2295"}],"version-history":[{"count":2,"href":"https:\/\/www.ufifilters.com\/de\/wp-json\/wp\/v2\/pages\/2295\/revisions"}],"predecessor-version":[{"id":2297,"href":"https:\/\/www.ufifilters.com\/de\/wp-json\/wp\/v2\/pages\/2295\/revisions\/2297"}],"wp:attachment":[{"href":"https:\/\/www.ufifilters.com\/de\/wp-json\/wp\/v2\/media?parent=2295"}],"curies":[{"name":"wp","href":"https:\/\/api.w.org\/{rel}","templated":true}]}}