{"id":2292,"date":"2018-03-29T11:30:55","date_gmt":"2018-03-29T11:30:55","guid":{"rendered":"https:\/\/www.ufifilters.com\/il-gruppo\/"},"modified":"2025-07-11T14:12:03","modified_gmt":"2025-07-11T12:12:03","slug":"die-gruppe","status":"publish","type":"page","link":"https:\/\/www.ufifilters.com\/de\/die-gruppe\/","title":{"rendered":"Die Gruppe"},"content":{"rendered":"<div class=\"wpb-content-wrapper\"><p>[vc_section full_width=&#8220;stretch_row&#8220; css=&#8220;.vc_custom_1523448224671{margin-top: 0px !important;margin-bottom: 60px !important;padding-top: 60px !important;padding-bottom: 60px !important;background: #ffffff url(http:\/\/www.ufifilters.com\/wp-content\/uploads\/2018\/04\/bg-group-1.png?id=276) !important;background-position: center !important;background-repeat: no-repeat !important;background-size: cover !important;}&#8220; el_id=&#8220;section-group-1&#8243;][vc_row css=&#8220;.vc_custom_1524566171976{margin-bottom: 0px !important;}&#8220; el_id=&#8220;profile&#8220;][vc_column]<h2 class=\"boc_heading title-section al_left  \"  style=\"margin-bottom: 20px;margin-top: 0px;color: #222222;font-size: 35px;\"><span>\u00dcBER UNS<\/span><\/h2>[vc_column_text css=&#8220;&#8220;]<img loading=\"lazy\" decoding=\"async\" class=\"alignright wp-image-269 size-full img-shadow\" src=\"http:\/\/www.ufifilters.com\/wp-content\/uploads\/2018\/04\/group1.jpg\" alt=\"\" width=\"569\" height=\"313\" srcset=\"https:\/\/www.ufifilters.com\/wp-content\/uploads\/2018\/04\/group1.jpg 569w, https:\/\/www.ufifilters.com\/wp-content\/uploads\/2018\/04\/group1-300x165.jpg 300w\" sizes=\"auto, (max-width: 569px) 100vw, 569px\" \/><\/p>\n<p><strong>UFI Filters<\/strong>, 1971 gegr\u00fcndet, ist heute ein <strong>Weltmarktf\u00fchrer in der Filtrationstechnik sowie im Thermal Management<\/strong>. Das Unternehmen bedient ein breites Spektrum an Marktsegmenten: <strong>Automobilindustrie, Luftraum und Schifffahrt bis hin zu speziellen industriellen wie kundenspezifischen Hydraulikanwendungen<\/strong>. Innovation zeichnet das Unternehmen von Anfang an aus. UFIs Produkte und Know-how sind \u00fcberall zu finden: bei Ferrari ebenso wie in anderen Spitzenteams der Formel 1 als auch im europ\u00e4ischen ExoMars-Raumschiff.<\/p>\n<div class=\"show_more\"><p class=\"wpsm-show\" style=\"color: #cc0000; font-size: 100%; text-align: left;\"> ENTDECKE<\/p><div class=\"wpsm-content\">\n<p>&nbsp;<\/p>\n<p>UFI liefert ein umfassendes <strong>Sortiment<\/strong> <strong>an Luft-, \u00d6l-, Kraftstoff-, Innenraum-, Hydraulik- und K\u00fchlmittelfiltern sowie Thermomanagement Systeme<\/strong> f\u00fcr die Automobilbranche und erf\u00fcllt die Anforderungen nahezu aller Auto- und Motorradhersteller. Das gilt gleicherma\u00dfen f\u00fcr Nutz- und Schwerlastfahrzeuge wie auch f\u00fcr landwirtschaftliche Fahrzeuge. In der <strong>Erstausr\u00fcstung<\/strong> ist UFI ein f\u00fchrender Hersteller im Bereich der Filtration. <strong>Beide Ersatzteil-Filtermarken, UFI und Sofima<\/strong>, decken in jeder Produktfamilie 98 Prozent des europ\u00e4ischen Fahrzeugbestands ab.<\/p>\n<p>Als eines der ersten Unternehmen in Italien, das Wachstumsm\u00f6glichkeiten in Fernost wahrgenommen hat, verf\u00fcgt UFI heute \u00fcber <strong>21 Industriestandorte<\/strong> und besch\u00e4ftigt <strong>\u00fcber 4.000 Mitarbeiter in 21 L\u00e4ndern<\/strong>. Mehr als <strong>250Ingenieure<\/strong> sind in den <strong>3 Forschungs- und Innovationszentren<\/strong> f\u00fcr das Unternehmen t\u00e4tig, das \u00fcber <strong>280 Patente<\/strong> h\u00e4lt. UFI hat seinen Umsatz in den vergangenen zehn Jahren verdoppelt. Als forschungsorientiertes Unternehmen reinvestiert UFI \u00fcber 5 Prozent seiner Gewinne in Forschung und Entwicklung.<\/p>\n<p>&nbsp;<\/p>\n<p><img loading=\"lazy\" decoding=\"async\" class=\"alignnone wp-image-31813 size-full\" src=\"https:\/\/www.ufifilters.com\/wp-content\/uploads\/2023\/02\/UFI_Filters_DidYouKnow_DE.png\" alt=\"\" width=\"1170\" height=\"446\" srcset=\"https:\/\/www.ufifilters.com\/wp-content\/uploads\/2023\/02\/UFI_Filters_DidYouKnow_DE.png 1170w, https:\/\/www.ufifilters.com\/wp-content\/uploads\/2023\/02\/UFI_Filters_DidYouKnow_DE-300x114.png 300w, https:\/\/www.ufifilters.com\/wp-content\/uploads\/2023\/02\/UFI_Filters_DidYouKnow_DE-1024x390.png 1024w, https:\/\/www.ufifilters.com\/wp-content\/uploads\/2023\/02\/UFI_Filters_DidYouKnow_DE-768x293.png 768w\" sizes=\"auto, (max-width: 1170px) 100vw, 1170px\" \/><br \/>\n <p class=\"wpsm-hide\" style=\"color: #cc0000; font-size: 100%; text-align: left;\"> REDUZIERE<\/p><\/div><\/div>[\/vc_column_text][\/vc_column][\/vc_row][\/vc_section][vc_section full_width=&#8220;stretch_row&#8220; css=&#8220;.vc_custom_1523521973635{margin-top: 0px !important;margin-bottom: 60px !important;padding-top: 60px !important;padding-bottom: 60px !important;background-color: #f8f8f8 !important;background-position: center !important;background-repeat: no-repeat !important;background-size: cover !important;}&#8220; el_id=&#8220;section-group-3&#8243;][vc_row css=&#8220;.vc_custom_1524825048452{margin-bottom: 0px !important;}&#8220; el_id=&#8220;ufi-innovation-center&#8220;][vc_column]<h2 class=\"boc_heading title-section al_left  \"  style=\"margin-bottom: 20px;margin-top: 0px;color: #222222;font-size: 35px;\"><span>FORSCHUNG UND INNOVATION<\/span><\/h2>[vc_column_text]<img loading=\"lazy\" decoding=\"async\" class=\"img-shadow wp-image-341 size-full alignright\" src=\"http:\/\/www.ufifilters.com\/wp-content\/uploads\/2018\/04\/group3.jpg\" alt=\"\" width=\"568\" height=\"312\" srcset=\"https:\/\/www.ufifilters.com\/wp-content\/uploads\/2018\/04\/group3.jpg 568w, https:\/\/www.ufifilters.com\/wp-content\/uploads\/2018\/04\/group3-300x165.jpg 300w\" sizes=\"auto, (max-width: 568px) 100vw, 568px\" \/><\/p>\n<p>Forschung, Planung, Entwicklung und Pr\u00fcfung von neuen Filtermedien. Wir entwickeln kontinuierlich neue Filtrationsl\u00f6sungen in unseren <strong>UFI Innovation Centers in Italien und China<\/strong><b>.<\/b><\/p>\n<ul>\n<li>Fortschrittliche Pr\u00fcfger\u00e4te zur Simulation reeller Einsatzbedingungen.<\/li>\n<li>Spezielle Pilotanlagen f\u00fcr die Produktion.<\/li>\n<li>Anspruchsvolle chemisch-physikalische Untersuchungstechniken.<\/li>\n<li>Wissenschaftliche Zusammenarbeit mit italienischen und ausl\u00e4ndischen Universit\u00e4ten.<\/li>\n<\/ul>\n<p>Auf Basis dieser Kernkompetenzen entwickeln wir auf individuelle Kundenbed\u00fcrfnisse zugeschnittene Filtermedien, welche dem aktuellen Stand der Filtertechnik immer einen Schritt voraus sind.[\/vc_column_text][\/vc_column][\/vc_row][\/vc_section][vc_section full_width=&#8220;stretch_row&#8220; el_id=&#8220;section-group-4&#8243; css=&#8220;.vc_custom_1529403567225{margin-top: 0px !important;margin-bottom: 60px !important;padding-top: 60px !important;padding-bottom: 60px !important;background-image: url(http:\/\/www.ufifilters.com\/wp-content\/uploads\/2018\/04\/bg-group-4.png?id=356) !important;background-position: center !important;background-repeat: no-repeat !important;background-size: cover !important;}&#8220;][vc_row el_class=&#8220;row-1&#8243;][vc_column width=&#8220;1\/2&#8243;][vc_single_image alignment=&#8220;center&#8220; style=&#8220;vc_box_shadow&#8220; image=&#8220;34795&#8243;][\/vc_column][vc_column width=&#8220;1\/2&#8243;]<h2 class=\"boc_heading title-section al_left  \"  style=\"margin-bottom: 20px;margin-top: 0px;color: #222222;font-size: 35px;\"><span>NACHHALTIGKEIT<\/span><\/h2>[vc_column_text]Eines der Hauptziele des UFI Filters Konzerns ist der Erhalt der nat\u00fcrlichen Ressourcen unseres Planeten. Unser Konzern arbeitet unerm\u00fcdlich an der Erforschung und Umsetzung von auf maximalen Umweltschutz setzenden L\u00f6sungen und liefert technologisch fortschrittliche Systeme, die in der Lage sind, den Energieverbrauch und die CO2-Emissionen zu reduzieren. Der Corporate Social Responsibility Report der UFI Filters Group f\u00fcr das Jahr 2024 gibt einen \u00dcberblick \u00fcber die Aktivit\u00e4ten, Verpflichtungen, Ergebnisse und Auswirkungen des Konzerns auf die Umwelt-, Sozial- und Governance-Kontexte, in denen er t\u00e4tig ist. Der Bericht ist in sechs Kapitel gegliedert, die unseren Ansatz f\u00fcr nachhaltiges Wirtschaften beschreiben und sich auf die Auswirkung und den geschaffenen Wert f\u00fcr die Stakeholder von UFI Filters konzentrieren:<\/p>\n<ul>\n<li>UNSER LEITBILD<\/li>\n<li>EINBLICK IN UFI<\/li>\n<li>UNSERE GRUNDLAGEN<\/li>\n<li>UNSER ENGAGEMENT F\u00dcR NACHHALTIGKEIT<\/li>\n<li>UNSERE TEAM<\/li>\n<li>UNSERE VERANTWORTLICHKEIT IN DER INNOVATION<\/li>\n<li>UNSER UMWELTAUSWIRKUNG<\/li>\n<\/ul>\n<p>Der Bericht wurde in \u00dcbereinstimmung mit der Global Reporting Initiative (GRI) erstellt, dem weit verbreitetsten internationalen Standard f\u00fcr die F\u00f6rderung des Ausbaus der freiwilligen Berichterstattung \u00fcber wirtschaftliche, \u00f6kologische und soziale Leistungen.[\/vc_column_text]<a\thref=\"\/de\/die-gruppe\/sustainability\/\" \n\t\t\t\tclass=\"button btn_medium btn_theme_color btn_rounded btn_normal_style    \"  target='_blank'><span>ENTDECKE<\/span><\/a>[\/vc_column][\/vc_row][\/vc_section][vc_section full_width=&#8220;stretch_row&#8220; el_id=&#8220;section-group-5&#8243; css=&#8220;.vc_custom_1529403661779{margin-top: 0px !important;margin-bottom: 60px !important;padding-top: 60px !important;padding-bottom: 60px !important;background-image: url(http:\/\/www.ufifilters.com\/wp-content\/uploads\/2018\/04\/bg-group-1.png?id=276) !important;background-position: center !important;background-repeat: no-repeat !important;background-size: cover !important;}&#8220;][vc_row el_class=&#8220;row-1&#8243; el_id=&#8220;values-mission-and-vision&#8220;][vc_column width=&#8220;1\/2&#8243;]<h2 class=\"boc_heading title-section al_left  \"  style=\"margin-bottom: 20px;margin-top: 0px;color: #222222;font-size: 35px;\"><span>SOZIALE VERANTWORTUNG<\/span><\/h2>[vc_column_text css=&#8220;&#8220;]<\/p>\n<h4><strong>UNSER ZIEL<\/strong><\/h4>\n<p>Wir f\u00f6rdern eine nachhaltige Welt durch innovative L\u00f6sungen f\u00fcr saubere Energieerzeugung und Filtration, um die Gegenwart zu verbessern und die bestm\u00f6gliche Zukunft f\u00fcr alle Lebensformen zu erm\u00f6glichen.<\/p>\n<div class=\"show_more\"><p class=\"wpsm-show\" style=\"color: #cc0000; font-size: 100%; text-align: left;\"> ENTDECKE<\/p><div class=\"wpsm-content\">\n<h4><strong>UNSER ENGAGEMENT<\/strong><\/h4>\n<p>Wir entwickeln fortschrittliche Technologien f\u00fcr saubere Energieerzeugung, Filtration und nachhaltige Mobilit\u00e4t und bieten zuverl\u00e4ssige und ma\u00dfgeschneiderte L\u00f6sungen. Wir arbeiten mit exzellenten Partnern zusammen und investieren in das Wachstum unserer Mitarbeiter, um die Bed\u00fcrfnisse unserer Kunden zu erf\u00fcllen und st\u00e4ndig Innovationen f\u00fcr einen nachhaltigeren Planeten zu entwickeln.<\/p>\n<h4><strong>UNSERE VISION<\/strong><\/h4>\n<p>Power to a green and collective future.<\/p>\n<h4><strong>UNSERE WERTE<\/strong><\/h4>\n<p><strong>BAHNBRECHENDE NACHHALTIGE INNOVATION<\/strong><\/p>\n<p>Wir engagieren uns f\u00fcr die Entwicklung von Spitzentechnologien, die unseren Planeten respektieren und sch\u00fctzen. Unser Ziel ist es, einen echten Einfluss auf die Umwelt und die Gesellschaft zu nehmen, indem wir Neugierde wecken und innovative L\u00f6sungen f\u00fcr eine sauberere, nachhaltigere Welt entwickeln.<\/p>\n<p><strong>F\u00d6RDERER DES UNTERNEHMERGEISTES<\/strong><\/p>\n<p>Wir sch\u00e4tzen Eigeninitiative und Verantwortung und f\u00f6rdern einen dynamischen und ergebnisorientierten Ansatz. Mit Pragmatismus inspirieren wir unsere Teams zu Innovationen und zur Erreichung ehrgeiziger Ziele.<\/p>\n<p><strong>ENGAGEMENT F\u00dcR DIE KUNDEN<\/strong><\/p>\n<p>Wir stellen die Kunden in den Mittelpunkt unseres Handelns und verpflichten uns zu h\u00f6chster Integrit\u00e4t und Transparenz. Wir streben bei jeder Interaktion nach Spitzenleistungen und machen ihre Bed\u00fcrfnisse und Erwartungen zur Richtschnur f\u00fcr unsere Entscheidungen, denn ihr Erfolg ist auch der unsere.<\/p>\n<p><strong>LEIDENSCHAFT F\u00dcR SPITZENLEISTUNGEN<\/strong><\/p>\n<p>Alles, was wir tun, tun wir mit Leidenschaft, streben st\u00e4ndig nach Spitzenleistungen und Qualit\u00e4t und \u00fcbertreffen die Erwartungen mit Enthusiasmus und Hingabe. Wir sind davon \u00fcberzeugt, dass Leidenschaft der Schl\u00fcssel zu au\u00dfergew\u00f6hnlichen Ergebnissen ist, um jeden Tag innovativ zu sein und zu wachsen.<\/p>\n<p><strong>WIR SCH\u00c4TZEN UNSERE MITARBEITER<\/strong><\/p>\n<p>Wir stellen den Menschen in den Mittelpunkt und bieten ma\u00dfgeschneiderte Entwicklungsm\u00f6glichkeiten und Initiativen, die seine berufliche Entfaltung f\u00f6rdern. Wir sind davon \u00fcberzeugt, dass ein positives und anregendes Arbeitsumfeld f\u00fcr den individuellen und kollektiven Erfolg entscheidend ist.<\/p>\n<p><strong>VIELFALT UND INTEGRATION<\/strong><\/p>\n<p>Wir sind alle verschieden. Deshalb sch\u00e4tzen und w\u00fcrdigen wir Unterschiede in der \u00dcberzeugung, dass ein integratives und multikulturelles Umfeld unerl\u00e4sslich ist, um Innovationen zu stimulieren, Kreativit\u00e4t zu f\u00f6rdern und die besten Talente anzuziehen.<\/p>\n<p>&nbsp;<\/p>\n<h3 style=\"color: #222222;text-transform: none\"><b>HERUNTERLADEN SIE UNSEREN <\/b><\/h3>\n<h3><a href=\"\/EU\/wp-content\/uploads\/downloads\/pdfs\/Corporate_Documents\/GPOL-01_Ed2022-11_-_UFI Filters Group Code Ethics [EN].pdf\" target=\"_blank\" rel=\"noopener noreferrer\"><b>ETHIKKODEX HERUNTER<\/b><\/a><\/h3>\n<h3><a href=\"\/EU\/wp-content\/uploads\/downloads\/pdfs\/Corporate_Documents\/GPOL-02_Ed2022-11_-_UFI Filters Group Anti-Bribery [EN].pdf\" target=\"_blank\" rel=\"noopener noreferrer\">ANTI-BESTECHUNGSPOLITIK<\/a><\/h3>\n<h3><a href=\"\/EU\/wp-content\/uploads\/downloads\/pdfs\/Corporate_Documents\/GPOL-12_Ed2023-11_-_UFI Filters Supplier Code of Conduct [EN].pdf\" target=\"_blank\" rel=\"noopener noreferrer\">VERHALTENSKODEX F\u00dcR LIEFERANTEN<\/a><\/h3>\n<h3><\/h3>\n<p> <p class=\"wpsm-hide\" style=\"color: #cc0000; font-size: 100%; text-align: left;\"> REDUZIERE<\/p><\/div><\/div>[\/vc_column_text][\/vc_column][vc_column width=&#8220;1\/2&#8243;][vc_single_image alignment=&#8220;center&#8220; style=&#8220;vc_box_shadow&#8220; image=&#8220;1219&#8243;][\/vc_column][\/vc_row][\/vc_section][vc_section full_width=&#8220;stretch_row&#8220; css=&#8220;.vc_custom_1691049288160{margin-top: 0px !important;margin-bottom: 60px !important;padding-top: 60px !important;padding-bottom: 60px !important;background-image: url(http:\/\/www.ufifilters.com\/wp-content\/uploads\/2018\/04\/bg-group-4.png?id=356) !important;background-position: center !important;background-repeat: no-repeat !important;background-size: cover !important;}&#8220; el_id=&#8220;section-group-6&#8243;][vc_row el_class=&#8220;row-1&#8243; el_id=&#8220;compliance&#8220;][vc_column width=&#8220;1\/2&#8243;][vc_single_image alignment=&#8220;center&#8220; style=&#8220;vc_box_shadow&#8220; image=&#8220;34928&#8243;][\/vc_column][vc_column width=&#8220;1\/2&#8243;]<h2 class=\"boc_heading title-section al_left  \"  style=\"margin-bottom: 20px;margin-top: 0px;color: #222222;font-size: 35px;\"><span>Compliance<\/span><\/h2>[vc_column_text]Die UFI Filters Group setzt sich f\u00fcr die F\u00f6rderung einer Unternehmenskultur ein, die auf ethischem Verhalten und guter Unternehmensf\u00fchrung basiert und dabei den im Ethikkodex und der Antikorruptionsrichtlinie der Gruppe festgelegten Grunds\u00e4tzen folgt.<\/p>\n<p>Um die Einhaltung dieser Grunds\u00e4tze zu gew\u00e4hrleisten, hat die UFI-Gruppe einen internen Meldekanal aktiviert, um potenzielle Verst\u00f6\u00dfe gegen das Gesetz, ihren Ethikkodex sowie Unternehmensrichtlinien und -verfahren zu kommunizieren und dabei der meldenden Partei Vertraulichkeit und Geheimhaltung zu gew\u00e4hrleisten.[\/vc_column_text]<a\thref=\"\/wp-content\/uploads\/2024\/12\/GPOL-03_Ed2024-11_-_UFI_Filters_Group_Whistleblowing-Policy_EN.pdf\" \n\t\t\t\tclass=\"button btn_medium btn_theme_color btn_rounded btn_normal_style    \"  target='_blank'><span>DOWNLOAD<\/span><\/a><a\thref=\"https:\/\/ufifilters.trusty.report\/\" \n\t\t\t\tclass=\"button btn_medium btn_theme_color btn_rounded btn_normal_style    \"  target='_blank'><span>MELDEN<\/span><\/a>[\/vc_column][\/vc_row][\/vc_section]<\/p>\n<\/div>","protected":false},"excerpt":{"rendered":"<p>[vc_section full_width=&#8220;stretch_row&#8220; css=&#8220;.vc_custom_1523448224671{margin-top: 0px !important;margin-bottom: 60px !important;padding-top: 60px !important;padding-bottom: 60px !important;background: #ffffff url(http:\/\/www.ufifilters.com\/wp-content\/uploads\/2018\/04\/bg-group-1.png?id=276) !important;background-position: center !important;background-repeat: no-repeat !important;background-size: cover !important;}&#8220;<\/p>\n<div class=\"h10\"><\/div>\n<p><a class=\"more-link1\" href=\"https:\/\/www.ufifilters.com\/de\/die-gruppe\/\">Lies mehr<\/a><\/p>\n","protected":false},"author":6,"featured_media":0,"parent":0,"menu_order":0,"comment_status":"closed","ping_status":"closed","template":"","meta":{"_acf_changed":false,"footnotes":""},"class_list":["post-2292","page","type-page","status-publish","hentry"],"acf":[],"aioseo_notices":[],"_links":{"self":[{"href":"https:\/\/www.ufifilters.com\/de\/wp-json\/wp\/v2\/pages\/2292","targetHints":{"allow":["GET"]}}],"collection":[{"href":"https:\/\/www.ufifilters.com\/de\/wp-json\/wp\/v2\/pages"}],"about":[{"href":"https:\/\/www.ufifilters.com\/de\/wp-json\/wp\/v2\/types\/page"}],"author":[{"embeddable":true,"href":"https:\/\/www.ufifilters.com\/de\/wp-json\/wp\/v2\/users\/6"}],"replies":[{"embeddable":true,"href":"https:\/\/www.ufifilters.com\/de\/wp-json\/wp\/v2\/comments?post=2292"}],"version-history":[{"count":40,"href":"https:\/\/www.ufifilters.com\/de\/wp-json\/wp\/v2\/pages\/2292\/revisions"}],"predecessor-version":[{"id":41599,"href":"https:\/\/www.ufifilters.com\/de\/wp-json\/wp\/v2\/pages\/2292\/revisions\/41599"}],"wp:attachment":[{"href":"https:\/\/www.ufifilters.com\/de\/wp-json\/wp\/v2\/media?parent=2292"}],"curies":[{"name":"wp","href":"https:\/\/api.w.org\/{rel}","templated":true}]}}