{"id":2284,"date":"2018-04-11T08:57:29","date_gmt":"2018-04-11T08:57:29","guid":{"rendered":"https:\/\/www.ufifilters.com\/geschaeft\/hydraulic\/"},"modified":"2022-07-18T10:44:31","modified_gmt":"2022-07-18T08:44:31","slug":"hydraulic","status":"publish","type":"page","link":"https:\/\/www.ufifilters.com\/de\/geschaeft\/hydraulic\/","title":{"rendered":"\u00d6lhydraulische Filtration"},"content":{"rendered":"<div class=\"wpb-content-wrapper\"><p>[vc_section el_class=&#8220;Section-aftermarket-1&#8243; css=&#8220;.vc_custom_1529571982380{margin-bottom: 80px !important;}&#8220; el_id=&#8220;mobile&#8220;][vc_row][vc_column][vc_column_text]Die seit 1992 f\u00fcr <b>Hydraulikfiltration<\/b> zust\u00e4ndige <b>UFI Hydraulics <\/b>der UFI Gruppe k\u00fcmmert sich um Entwicklung, Herstellung und Vertrieb eines Komplettprogramms von <b>zuverl\u00e4ssigen und hocheffizienten Hydraulikfiltern f\u00fcr die mobile und industrielle Anwendung<\/b>. <b>Im Katalog <\/b><b>von<\/b> UFI Hydraulic <b>sind<\/b><b> \u00fcber 6.000 Artikel<\/b> erh\u00e4ltlich.[\/vc_column_text][\/vc_column][\/vc_row][vc_row el_class=&#8220;row-1&#8243;][vc_column width=&#8220;1\/2&#8243; el_class=&#8220;drawer-left&#8220;]<h2 class=\"boc_heading  al_left  \"  style=\"margin-bottom: 10px;margin-top: 0px;color: #222222;\"><span>Mobile<\/span><\/h2>[vc_single_image alignment=&#8220;center&#8220; image=&#8220;27739&#8243;][\/vc_column][vc_column width=&#8220;1\/2&#8243; el_class=&#8220;drawer-right&#8220;][vc_column_text]<strong>MOBIL &#8211; f\u00fcr <\/strong><strong>den Fahrzeugsektor entwickelte <\/strong><strong>Filterl\u00f6sungen <\/strong><\/p>\n<p>Die Ausstattung von Industrie- und Baumaschinen mit zuverl\u00e4ssiger Hydraulikleistung ist wesentlich f\u00fcr den Fahrzeugbetrieb und die Produktivit\u00e4t, denn so k\u00f6nnen aufwendige, au\u00dferplanm\u00e4\u00dfige Stillstandszeiten sowie Instandhaltungs- und Reparaturarbeiten vermieden werden. Sofern sie ausreichend vor Schmutz gesch\u00fctzt sind, steigern unsere medienf\u00fchrenden Hydraulikkomponenten Leistung und Agilit\u00e4t von Fahrzeugen hinsichtlich einer Vielzahl von Anwendungs- und Betriebsbedingungen in erheblichem Ma\u00dfe.<\/p>\n<p>Die Filterqualit\u00e4t von Hydraulikanlagen ist entscheidend, um maximale Effizienz zu erreichen und zu halten. St\u00f6rungen der Hydraulik sind in der Regel die Folge einer Verschmutzung des Mediums.<\/p>\n<p>Unser Know-how sowie unsere langj\u00e4hrige Facherfahrung spiegeln sich in unserem umfassenden Produktprogramm mit \u00fcber 6000 Artikeln wider. Die <strong>UFI HYDRAULICS <\/strong>liefert ihren Kunden damit ein breites Spektrum an Kompetenz und Technik zur L\u00f6sung von Problemen bei der Filtration im Rahmen von Fahrzeuganwendungen.[\/vc_column_text]<div class=\"boc_spacing \" style=\"height: 20px\"><\/div><a\thref=\"http:\/\/www.ufihyd.com\" \n\t\t\t\tclass=\"button btn_medium btn_theme_color btn_rounded btn_normal_style    botton-logo-blue\"  target='_blank'><span>ENTDECKE<\/span><\/a><a\thref=\"http:\/\/www.sofima-hyd.com\" \n\t\t\t\tclass=\"button btn_medium btn_theme_color btn_rounded btn_normal_style    botton-logo-red\"  target='_blank'><span>ENTDECKE<\/span><\/a>[\/vc_column][\/vc_row][\/vc_section][vc_section el_class=&#8220;Section-aftermarket-2&#8243; css=&#8220;.vc_custom_1529572002218{margin-bottom: 100px !important;}&#8220; el_id=&#8220;stationary&#8220;][vc_row el_class=&#8220;row-1&#8243;][vc_column width=&#8220;1\/2&#8243; el_class=&#8220;drawer-left&#8220;][vc_column_text]<strong>STATIONARY &#8211; Filterl\u00f6sungen <\/strong><strong>f\u00fcr station\u00e4re, hydraulische Anwendungen<\/strong><strong>.<\/strong><\/p>\n<p>In den vergangenen 25 Jahren konnte die Hydraulikabteilung der UFI Gruppe ihren hervorragenden Ruf erfolgreich ausarbeiten &#8211; und zwar nicht nur im Fahrzeugsektor, sondern auch in den Bereichen CNC-Maschinen, Pressen, Windenergie und industrielle Hydrauliksysteme.<\/p>\n<p>Das breite Spektrum an Hydraulikfiltern der <strong>UFI HYDRAULICS <\/strong>(\u00fcber 6000 Artikel) wird den Anforderungen zahlreicher Industriesysteme gerecht und sorgt f\u00fcr h\u00f6chsten Schutz, hohe Effizienz und gleichbleibend hohe Leistung.<\/p>\n<p>Bei Hydraulikkomponenten im Rahmen station\u00e4rer Anwendungssituationen ist die hohe Qualit\u00e4t der verwendeten Medien ma\u00dfgeblich f\u00fcr starke Leistung sowie hohes Speicherverm\u00f6gen. Sie verl\u00e4ngert die Lebensdauer der Bauteile, erfordert weniger Wartung und erf\u00fcllt somit die Anforderungen des Marktes.[\/vc_column_text]<div class=\"boc_spacing \" style=\"height: 20px\"><\/div><a\thref=\"http:\/\/www.ufihyd.com\" \n\t\t\t\tclass=\"button btn_medium btn_theme_color btn_rounded btn_normal_style    botton-logo-blue\"  target='_blank'><span>ENTDECKE<\/span><\/a><a\thref=\"http:\/\/www.sofima-hyd.com\" \n\t\t\t\tclass=\"button btn_medium btn_theme_color btn_rounded btn_normal_style    botton-logo-red\"  target='_blank'><span>ENTDECKE<\/span><\/a>[\/vc_column][vc_column width=&#8220;1\/2&#8243; el_class=&#8220;drawer-right&#8220;]<h2 class=\"boc_heading  al_right  \"  style=\"margin-bottom: 10px;margin-top: 0px;color: #222222;\"><span>Stationary<\/span><\/h2>[vc_single_image alignment=&#8220;center&#8220; image=&#8220;27735&#8243;][\/vc_column][\/vc_row][\/vc_section]<\/p>\n<\/div>","protected":false},"excerpt":{"rendered":"<p>[vc_section el_class=&#8220;Section-aftermarket-1&#8243; css=&#8220;.vc_custom_1529571982380{margin-bottom: 80px !important;}&#8220; el_id=&#8220;mobile&#8220;][vc_row][vc_column][vc_column_text]Die seit 1992 f\u00fcr Hydraulikfiltration zust\u00e4ndige UFI Hydraulics der UFI Gruppe k\u00fcmmert sich um Entwicklung,<\/p>\n<div class=\"h10\"><\/div>\n<p><a class=\"more-link1\" href=\"https:\/\/www.ufifilters.com\/de\/geschaeft\/hydraulic\/\">Lies mehr<\/a><\/p>\n","protected":false},"author":6,"featured_media":0,"parent":2246,"menu_order":0,"comment_status":"closed","ping_status":"closed","template":"","meta":{"_acf_changed":false,"footnotes":""},"class_list":["post-2284","page","type-page","status-publish","hentry"],"acf":[],"aioseo_notices":[],"_links":{"self":[{"href":"https:\/\/www.ufifilters.com\/de\/wp-json\/wp\/v2\/pages\/2284","targetHints":{"allow":["GET"]}}],"collection":[{"href":"https:\/\/www.ufifilters.com\/de\/wp-json\/wp\/v2\/pages"}],"about":[{"href":"https:\/\/www.ufifilters.com\/de\/wp-json\/wp\/v2\/types\/page"}],"author":[{"embeddable":true,"href":"https:\/\/www.ufifilters.com\/de\/wp-json\/wp\/v2\/users\/6"}],"replies":[{"embeddable":true,"href":"https:\/\/www.ufifilters.com\/de\/wp-json\/wp\/v2\/comments?post=2284"}],"version-history":[{"count":8,"href":"https:\/\/www.ufifilters.com\/de\/wp-json\/wp\/v2\/pages\/2284\/revisions"}],"predecessor-version":[{"id":28536,"href":"https:\/\/www.ufifilters.com\/de\/wp-json\/wp\/v2\/pages\/2284\/revisions\/28536"}],"up":[{"embeddable":true,"href":"https:\/\/www.ufifilters.com\/de\/wp-json\/wp\/v2\/pages\/2246"}],"wp:attachment":[{"href":"https:\/\/www.ufifilters.com\/de\/wp-json\/wp\/v2\/media?parent=2284"}],"curies":[{"name":"wp","href":"https:\/\/api.w.org\/{rel}","templated":true}]}}