{"id":2276,"date":"2018-04-11T08:57:59","date_gmt":"2018-04-11T08:57:59","guid":{"rendered":"https:\/\/www.ufifilters.com\/geschaeft\/high-tech\/"},"modified":"2024-05-08T10:37:23","modified_gmt":"2024-05-08T08:37:23","slug":"high-tech","status":"publish","type":"page","link":"https:\/\/www.ufifilters.com\/de\/geschaeft\/high-tech\/","title":{"rendered":"High-Tech"},"content":{"rendered":"<div class=\"wpb-content-wrapper\"><p>[vc_section full_width=&#8220;stretch_row&#8220; el_class=&#8220;section-high-tech-1 section-slider slider-left&#8220; css=&#8220;.vc_custom_1529572204395{padding-top: 75px !important;}&#8220; el_id=&#8220;racing&#8220;][vc_row][vc_column width=&#8220;1\/2&#8243; el_class=&#8220;shadow-slider&#8220;]<h2 class=\"boc_heading  al_left  \"  style=\"margin-bottom: 5px;margin-top: 0px;color: #333333;\"><span>Racing<\/span><\/h2>[vc_single_image image=&#8220;27747&#8243; css=&#8220;.vc_custom_1657526669268{padding-top: 30px !important;padding-right: 30px !important;padding-bottom: 30px !important;padding-left: 30px !important;}&#8220;][\/vc_column][vc_column width=&#8220;1\/2&#8243;][vc_column_text]Starkes Engagement sowie die kontinuierliche Forschung an modernsten Technologien treiben das Team der <strong>High Tech <\/strong><strong>Division <\/strong>von <strong>UFI Filters<\/strong> an. Das Team ist f\u00fcr die Herstellung von Filtrationsl\u00f6sungen f\u00fcr extreme Leistungsanspr\u00fcche zust\u00e4ndig, wie etwa f\u00fcr die Formel 1. <strong>Neun von zehn F1-Rennst\u00e4llen<\/strong> haben sich f\u00fcr unsere Produkte entschieden: <strong>Ferrari, Mercedes und andere<\/strong>. Um optimale Filtertechnologien zu entwickeln, arbeiten unsere Techniker eng mit unseren Kunden zusammen. L\u00f6sungen werden nach dem <strong>Co-Design-Verfahren<\/strong> mit den Projektplanern der Konstrukteure entwickelt. Die Partnerschaft mit dem Rennsport begann schon in den siebziger Jahren:\u00a0Der erste Erfolg war <strong>1978<\/strong>, als UFI Filters mit dem Ferrari 312 T3 von Carlos Reutemann den <strong>ersten Grand Prix in Gro\u00dfbritannien gewann<\/strong>. Im Jahr <strong>1979<\/strong> <strong>gewann<\/strong> UFI Filters dank der Zusammenarbeit von UFI mit dem Ferrari F1 Team <strong>seine erste F1 Weltmeisterschaft<\/strong>. Diese Erfolgsserie h\u00e4lt bis zum heutigen Tag an. Wir beliefern die besten Rennst\u00e4lle j\u00e4hrlich mit ca. 10000 Komponenten (Hydraulikfilter, \u00d6l- und Kraftstofffilter, Last-Chance- und Luftfilter). Wir sind auch in anderen Rennsportarten vertreten, etwa im <strong>Formula2,<\/strong> <strong>MotoGP, Moto2, Moto3, GT2, GT3, GTE, LMP und Superbike<\/strong>.\u00a0 Das Know-how unserer High Tech Division und die im Rennsport gesammelten Erfahrungen spielen auch bei der Produktion f\u00fcr den traditionellen Fahrzeugsektor von UFI Filters eine wichtige Rolle.[\/vc_column_text]<a\thref=\"\" \n\t\t\t\tclass=\"button btn_medium btn_theme_color btn_rounded btn_normal_style    view-more\"  target='_self'><span>ENTDECKE<\/span><\/a>[\/vc_column][\/vc_row][vc_row el_class=&#8220;img-hidden&#8220;][vc_column][vc_single_image alignment=&#8220;center&#8220; onclick=&#8220;img_link_large&#8220; img_link_target=&#8220;_blank&#8220; image=&#8220;27827&#8243;]<a\thref=\"#\" \n\t\t\t\tclass=\"button btn_medium btn_theme_color btn_rounded btn_normal_style    view-less\"  target='_self'><span>REDUZIERE<\/span><\/a>[\/vc_column][\/vc_row][\/vc_section][vc_section full_width=&#8220;stretch_row&#8220; el_class=&#8220;section-high-tech-1 section-slider slider-right&#8220; css=&#8220;.vc_custom_1529572226853{margin-bottom: 75px !important;padding-top: 75px !important;}&#8220; el_id=&#8220;aero-space&#8220;][vc_row][vc_column width=&#8220;1\/2&#8243; el_class=&#8220;shadow-slider&#8220;]<h2 class=\"boc_heading  al_right  \"  style=\"margin-bottom: 20px;margin-top: 0px;color: #333;\"><span>Aero-Space<\/span><\/h2>[vc_single_image image=&#8220;27743&#8243; css=&#8220;.vc_custom_1657526687629{padding-top: 30px !important;padding-right: 30px !important;padding-bottom: 30px !important;padding-left: 30px !important;}&#8220;][\/vc_column][vc_column width=&#8220;1\/2&#8243;][vc_column_text]Die <strong>High Tech Division der Gruppe UFI FILTERS<\/strong> entwickelt und produziert Luft-, \u00d6l- und Krafststoffiltersysteme f\u00fcr die <strong>Luft- und Raumfahrt, f\u00fcr Milit\u00e4rfahrzeuge sowie f\u00fcr die Schifffahrt im Verteidigungssektor<\/strong>. Auf Basis unserer Erfahrung im Rennsport und im Erstausr\u00fcstungsgesch\u00e4ft f\u00fcr den Fahrzeugsektor stellen wir sorgf\u00e4ltig ausgearbeitete Bauteile auf hohem technischen Niveau her, die den hohen Anspr\u00fcchen in Sachen Filterverm\u00f6gen, Leistung und Zuverl\u00e4ssigkeit empfindlicher, komplexer Einrichtungen gen\u00fcgen, wie zum Beispiel Hubschraubergetriebe. Ein Beispiel f\u00fcr unsere Hightech-Produkte ist unser <strong>\u00d6lfilter f\u00fcr den <\/strong><strong>Schmierkreislauf <\/strong><strong>eines Hauptrotors<\/strong>, den UFI Filters f\u00fcr den wichtigsten europ\u00e4ischen <strong>Hubschrauberhersteller<\/strong> fertigt.[\/vc_column_text]<a\thref=\"#\" \n\t\t\t\tclass=\"button btn_medium btn_theme_color btn_rounded btn_normal_style    view-more\"  target='_self'><span>ENTDECKE<\/span><\/a>[\/vc_column][\/vc_row][vc_row el_class=&#8220;img-hidden&#8220;][vc_column][vc_single_image alignment=&#8220;center&#8220; onclick=&#8220;img_link_large&#8220; img_link_target=&#8220;_blank&#8220; image=&#8220;27823&#8243;]<a\thref=\"#\" \n\t\t\t\tclass=\"button btn_medium btn_theme_color btn_rounded btn_normal_style    view-less\"  target='_self'><span>REDUZIERE<\/span><\/a>[\/vc_column][\/vc_row][\/vc_section]<\/p>\n<\/div>","protected":false},"excerpt":{"rendered":"<p>[vc_section full_width=&#8220;stretch_row&#8220; el_class=&#8220;section-high-tech-1 section-slider slider-left&#8220; css=&#8220;.vc_custom_1529572204395{padding-top: 75px !important;}&#8220; el_id=&#8220;racing&#8220;][vc_row][vc_column width=&#8220;1\/2&#8243; el_class=&#8220;shadow-slider&#8220;][vc_single_image image=&#8220;27747&#8243; css=&#8220;.vc_custom_1657526669268{padding-top: 30px !important;padding-right: 30px !important;padding-bottom: 30px !important;padding-left: 30px<\/p>\n<div class=\"h10\"><\/div>\n<p><a class=\"more-link1\" href=\"https:\/\/www.ufifilters.com\/de\/geschaeft\/high-tech\/\">Lies mehr<\/a><\/p>\n","protected":false},"author":6,"featured_media":0,"parent":2246,"menu_order":0,"comment_status":"closed","ping_status":"closed","template":"","meta":{"_acf_changed":false,"footnotes":""},"class_list":["post-2276","page","type-page","status-publish","hentry"],"acf":[],"aioseo_notices":[],"_links":{"self":[{"href":"https:\/\/www.ufifilters.com\/de\/wp-json\/wp\/v2\/pages\/2276","targetHints":{"allow":["GET"]}}],"collection":[{"href":"https:\/\/www.ufifilters.com\/de\/wp-json\/wp\/v2\/pages"}],"about":[{"href":"https:\/\/www.ufifilters.com\/de\/wp-json\/wp\/v2\/types\/page"}],"author":[{"embeddable":true,"href":"https:\/\/www.ufifilters.com\/de\/wp-json\/wp\/v2\/users\/6"}],"replies":[{"embeddable":true,"href":"https:\/\/www.ufifilters.com\/de\/wp-json\/wp\/v2\/comments?post=2276"}],"version-history":[{"count":9,"href":"https:\/\/www.ufifilters.com\/de\/wp-json\/wp\/v2\/pages\/2276\/revisions"}],"predecessor-version":[{"id":39568,"href":"https:\/\/www.ufifilters.com\/de\/wp-json\/wp\/v2\/pages\/2276\/revisions\/39568"}],"up":[{"embeddable":true,"href":"https:\/\/www.ufifilters.com\/de\/wp-json\/wp\/v2\/pages\/2246"}],"wp:attachment":[{"href":"https:\/\/www.ufifilters.com\/de\/wp-json\/wp\/v2\/media?parent=2276"}],"curies":[{"name":"wp","href":"https:\/\/api.w.org\/{rel}","templated":true}]}}