{"id":2273,"date":"2018-04-11T08:57:17","date_gmt":"2018-04-11T08:57:17","guid":{"rendered":"https:\/\/www.ufifilters.com\/geschaeft\/aftermarket\/"},"modified":"2022-07-11T10:26:25","modified_gmt":"2022-07-11T08:26:25","slug":"aftermarket","status":"publish","type":"page","link":"https:\/\/www.ufifilters.com\/de\/geschaeft\/aftermarket\/","title":{"rendered":"Aftermarket"},"content":{"rendered":"<div class=\"wpb-content-wrapper\"><p>[vc_section el_class=&#8220;Section-aftermarket-1&#8243; css=&#8220;.vc_custom_1656088737662{margin-bottom: 80px !important;}&#8220; el_id=&#8220;ufi_aftermarket_light_vehicles&#8220;][vc_row el_class=&#8220;row-1&#8243;][vc_column width=&#8220;1\/2&#8243; el_class=&#8220;drawer-left&#8220;]<h2 class=\"boc_heading  al_left  \"  style=\"margin-bottom: 10px;margin-top: 0px;color: #222222;\"><span>UFI Aftermarket Light Vehicles<\/span><\/h2>[vc_single_image alignment=&#8220;center&#8220; image=&#8220;27699&#8243;][\/vc_column][vc_column width=&#8220;1\/2&#8243; el_class=&#8220;drawer-right&#8220;][vc_column_text]<strong>Der Aftermarket<\/strong> von <strong>UFI Filters<\/strong> befasst sich mit dem Ersatzteilvertriebsgesch\u00e4ft und verfolgt dabei eine weltweite und klare Entwicklungsstrategie. Das Ziel aller Aufgabenbereiche ist es, stets Spitzenleistung zu bieten: von der Produktentwicklung bis zum Marketing, mit st\u00e4ndiger Unterst\u00fctzung des Verkaufspersonals; von der Logistik mit einem aufmerksamen, p\u00fcnktlichen und flexiblen Service bis zur Qualit\u00e4t, so dass die <strong>Standards der Erstausr\u00fcstung identisch sind mit den Aftermarket-Angebot der Marke UFI<\/strong>. Es gibt <strong>19 UFI Aftermarket-Kontore<\/strong>, die eine engmaschige Pr\u00e4senz in Europa, China, Indien, Nord- und S\u00fcdamerika, Afrika, dem Nahen Osten und Ozeanien garantieren. <strong>\u00dcber 70 L\u00e4nder der Welt,<\/strong> in denen UFI-Produkte in Zusammenarbeit mit den wichtigsten Vertriebspartnern vertrieben werden. Das <strong>Katalogangebot von UFI<\/strong> besteht aus mehr als <strong>2.400 Referenzen f\u00fcr Pkw, leichten Nutzfahrzeugen und Motorr\u00e4dern<\/strong> und garantiert in jeder Produktfamilie eine <strong>Abdeckung von \u00fcber 98 % der europ\u00e4ischen Flotte.<\/strong>[\/vc_column_text]<a\thref=\"https:\/\/ufi-aftermarket.com\/de\/\" \n\t\t\t\tclass=\"button btn_medium btn_theme_color btn_rounded btn_normal_style    \"  target='_blank'><span>ENTDECKE<\/span><\/a>[\/vc_column][\/vc_row][\/vc_section][vc_section el_class=&#8220;Section-aftermarket-2&#8243; css=&#8220;.vc_custom_1655816060572{margin-bottom: 80px !important;}&#8220; el_id=&#8220;ufi_aftermarket_heavy_duty&#8220;][vc_row el_class=&#8220;row-1&#8243;][vc_column width=&#8220;1\/2&#8243; el_class=&#8220;drawer-left&#8220;][vc_column_text]Das <strong>Aftermarket-Angebot von UFI Filters f\u00fcr Heavy Duty-Anwendungen<\/strong> w\u00e4chst st\u00e4ndig: Es verf\u00fcgt \u00fcber mehr als 1200 Referenzen f\u00fcr On-Road- (LKW und Bus), Off-Road-Anwendungen (Land- und Erdbewegungsmaschinen) sowie f\u00fcr Hydraulikkreisl\u00e4ufe und bietet technologisch fortschrittliche L\u00f6sungen f\u00fcr besonders anspruchsvolle Motoren, die maximale Zuverl\u00e4ssigkeit und Sicherheit verlangen. UFI Filters bietet drei wesentliche Pluspunkte:<\/p>\n<ul>\n<li><strong>Die Originalqualit\u00e4t der Produkte dank des in der Erstausr\u00fcstung gewonnenen Know-hows<\/strong>. Tats\u00e4chlich werden UFI-Filtersysteme von Herstellern gew\u00e4hlt, die 50 % der weltweiten Produktion von Schwerfahrzeugen repr\u00e4sentieren. UFI-Filter f\u00fcr den Schwerlastbereich sind auch in den letzten 3 Gewinnern des International Truck of the Year verbaut.<\/li>\n<li><strong>Erfahrung in der Untersuchung und internen Produktion innovativer Filtermaterialien<\/strong>, die Teil der Marke FormulaUFI sind \u2013 die sechs exklusiven Formulierungen, die alle Geheimnisse der Filtration in sich vereinen.<\/li>\n<li><strong>Ein Team, das sich dem Heavy-Duty-Bereich verschrieben hat<\/strong>, sowohl bez\u00fcglich des Produkts als auch auf kommerzieller Ebene im Dienste des Kunden.<\/li>\n<\/ul>\n<p>[\/vc_column_text]<a\thref=\"https:\/\/ufi-aftermarket.com\/de\/\" \n\t\t\t\tclass=\"button btn_medium btn_theme_color btn_rounded btn_normal_style    \"  target='_blank'><span>ENTDECKE<\/span><\/a>[\/vc_column][vc_column width=&#8220;1\/2&#8243; el_class=&#8220;drawer-right shadow-slider&#8220;]<h2 class=\"boc_heading  al_left  \"  style=\"margin-bottom: 10px;margin-top: 0px;color: #222222;\"><span>UFI Aftermarket Heavy Duty<\/span><\/h2>[vc_single_image alignment=&#8220;center&#8220; image=&#8220;27695&#8243;][\/vc_column][\/vc_row][\/vc_section][vc_section el_class=&#8220;Section-aftermarket-1&#8243; el_id=&#8220;sofima_aftermarket&#8220;][vc_row el_class=&#8220;row-1&#8243;][vc_column width=&#8220;1\/2&#8243; el_class=&#8220;drawer-left shadow-slider&#8220;]<h2 class=\"boc_heading  al_left  \"  style=\"margin-bottom: 10px;margin-top: 0px;color: #222222;\"><span>SOFIMA Aftermarket<\/span><\/h2>[vc_single_image alignment=&#8220;center&#8220; image=&#8220;27731&#8243;][\/vc_column][vc_column width=&#8220;1\/2&#8243; el_class=&#8220;drawer-right&#8220;][vc_column_text]<strong>SOFIMA<\/strong> ist die Aftermarket-Marke des UFI-Konzerns, die seit den fr\u00fchen 1980er Jahren f\u00fcr das unabh\u00e4ngige Ersatzteilnetz vermarktet wird. Sie garantiert das gleiche Ma\u00df an <strong>Qualit\u00e4t, Innovation und Technologie, das f\u00fcr die Erstausr\u00fcstung gew\u00e4hlt wurde<\/strong>. Das <strong>Katalogangebot<\/strong> von <strong>SOFIMA besteht aus mehr als 3000 Referenzen<\/strong> und garantiert in jeder Produktfamilie <strong>eine Abdeckung von mehr als 98 % der europ\u00e4ischen Fahrzeugflotte<\/strong>. Der Konzern verf\u00fcgt weltweit \u00fcber 17 Aftermarket-Kontore, die eine umfassende Pr\u00e4senz in Europa, China, Indien, Nordamerika, Nordafrika und dem Nahen Osten garantieren.[\/vc_column_text]<a\thref=\"https:\/\/www.sofima-aftermarket.com\/de\/\" \n\t\t\t\tclass=\"button btn_medium btn_theme_color btn_rounded btn_normal_style    \"  target='_blank'><span>ENTDECKE<\/span><\/a>[\/vc_column][\/vc_row][\/vc_section]<\/p>\n<\/div>","protected":false},"excerpt":{"rendered":"<p>[vc_section el_class=&#8220;Section-aftermarket-1&#8243; css=&#8220;.vc_custom_1656088737662{margin-bottom: 80px !important;}&#8220; el_id=&#8220;ufi_aftermarket_light_vehicles&#8220;][vc_row el_class=&#8220;row-1&#8243;][vc_column width=&#8220;1\/2&#8243; el_class=&#8220;drawer-left&#8220;][vc_single_image alignment=&#8220;center&#8220; image=&#8220;27699&#8243;][\/vc_column][vc_column width=&#8220;1\/2&#8243; el_class=&#8220;drawer-right&#8220;][vc_column_text]Der Aftermarket von UFI Filters befasst sich mit<\/p>\n<div class=\"h10\"><\/div>\n<p><a class=\"more-link1\" href=\"https:\/\/www.ufifilters.com\/de\/geschaeft\/aftermarket\/\">Lies mehr<\/a><\/p>\n","protected":false},"author":6,"featured_media":0,"parent":2246,"menu_order":0,"comment_status":"closed","ping_status":"closed","template":"","meta":{"_acf_changed":false,"footnotes":""},"class_list":["post-2273","page","type-page","status-publish","hentry"],"acf":[],"aioseo_notices":[],"_links":{"self":[{"href":"https:\/\/www.ufifilters.com\/de\/wp-json\/wp\/v2\/pages\/2273","targetHints":{"allow":["GET"]}}],"collection":[{"href":"https:\/\/www.ufifilters.com\/de\/wp-json\/wp\/v2\/pages"}],"about":[{"href":"https:\/\/www.ufifilters.com\/de\/wp-json\/wp\/v2\/types\/page"}],"author":[{"embeddable":true,"href":"https:\/\/www.ufifilters.com\/de\/wp-json\/wp\/v2\/users\/6"}],"replies":[{"embeddable":true,"href":"https:\/\/www.ufifilters.com\/de\/wp-json\/wp\/v2\/comments?post=2273"}],"version-history":[{"count":4,"href":"https:\/\/www.ufifilters.com\/de\/wp-json\/wp\/v2\/pages\/2273\/revisions"}],"predecessor-version":[{"id":27846,"href":"https:\/\/www.ufifilters.com\/de\/wp-json\/wp\/v2\/pages\/2273\/revisions\/27846"}],"up":[{"embeddable":true,"href":"https:\/\/www.ufifilters.com\/de\/wp-json\/wp\/v2\/pages\/2246"}],"wp:attachment":[{"href":"https:\/\/www.ufifilters.com\/de\/wp-json\/wp\/v2\/media?parent=2273"}],"curies":[{"name":"wp","href":"https:\/\/api.w.org\/{rel}","templated":true}]}}