{"id":2246,"date":"2018-03-29T11:30:23","date_gmt":"2018-03-29T11:30:23","guid":{"rendered":"https:\/\/www.ufifilters.com\/business\/"},"modified":"2022-07-11T12:34:21","modified_gmt":"2022-07-11T10:34:21","slug":"geschaeft","status":"publish","type":"page","link":"https:\/\/www.ufifilters.com\/de\/geschaeft\/","title":{"rendered":"Gesch\u00e4ft"},"content":{"rendered":"<div class=\"wpb-content-wrapper\"><p>[vc_section el_class=&#8220;zbtabs slider-left&#8220; css=&#8220;.vc_custom_1523612425200{margin-bottom: 80px !important;}&#8220;][vc_row el_class=&#8220;zbnavtab&#8220; css=&#8220;.vc_custom_1523548696548{margin-bottom: 0px !important;}&#8220;][vc_column width=&#8220;1\/2&#8243; css=&#8220;.vc_custom_1523891917976{margin-bottom: 0px !important;}&#8220; el_class=&#8220;tab-header&#8220;][vc_raw_html]JTNDdWwlM0UlMEElMjAlMjAlMjAlMjAlM0NsaSUyMGlkJTNEJTIydGFiMSUyMiUyMGNsYXNzJTNEJTIydGFiLWNhdGVnb3JpZSUyMHRhYi1jYXRlZ29yaWUtMDElMjIlM0VMaWdodCUyMFZlaGljbGVzJTNDJTJGbGklM0UlMEElMjAlMjAlMjAlMjAlM0NsaSUyMGlkJTNEJTIydGFiMiUyMiUyMGNsYXNzJTNEJTIydGFiLWNhdGVnb3JpZSUyMHRhYi1jYXRlZ29yaWUtMDIlMjIlM0VIZWF2eSUyMER1dHklM0MlMkZsaSUzRSUwQSUyMCUyMCUyMCUyMCUzQ2xpJTIwaWQlM0QlMjJ0YWIzJTIyJTIwY2xhc3MlM0QlMjJ0YWItY2F0ZWdvcmllJTIwdGFiLWNhdGVnb3JpZS0wMyUyMiUzRVRoZXJtYWwlMjBTeXN0ZW1zJTNDJTJGbGklM0UlMEElMjAlMjAlMjAlMjAlM0NsaSUyMGlkJTNEJTIydGFiNCUyMiUyMGNsYXNzJTNEJTIydGFiLWNhdGVnb3JpZSUyMHRhYi1jYXRlZ29yaWUtMDQlMjIlM0VGdWVsJTIwQ2VsbCUzQyUyRmxpJTNFJTBBJTNDJTJGdWwlM0U=[\/vc_raw_html][\/vc_column][vc_column width=&#8220;1\/2&#8243; css=&#8220;.vc_custom_1523548709580{margin-bottom: 0px !important;}&#8220;]<h2 class=\"boc_heading  al_left  \"  style=\"margin-bottom: 20px;margin-top: 0px;color: #333;\"><span>Erstausr\u00fcstung<\/span><\/h2>[\/vc_column][\/vc_row][vc_row el_class=&#8220;content-tab-categorie tab1&#8243;][vc_column width=&#8220;1\/2&#8243; el_class=&#8220;shadow-slider&#8220;][vc_single_image image=&#8220;27719&#8243; css=&#8220;.vc_custom_1657535498369{padding-top: 30px !important;padding-right: 30px !important;padding-bottom: 30px !important;padding-left: 30px !important;}&#8220;][\/vc_column][vc_column width=&#8220;1\/2&#8243;]<h2 class=\"boc_heading  al_left  \"  style=\"margin-bottom: 20px;margin-top: 0px;color: #333;\"><span>Light Vehicles<\/span><\/h2>[vc_column_text]Dank des kontinuierlichen technischen Fortschritts und der Investitionen in fortschrittliche Produkte konnte sich UFI Filters als <strong>OEM<\/strong> im Bereich Filtersysteme sowohl f\u00fcr den Fahrzeugsektor als auch f\u00fcr Spezialanwendungen durchsetzen.<\/p>\n<p>Heute beliefert UFI <strong>sechs der <\/strong><strong>sieben <\/strong><strong>weltweit <\/strong><strong>gr\u00f6\u00dften <\/strong><strong>Kraftfahrzeughersteller.<\/strong>[\/vc_column_text]<a\thref=\"\/de\/geschaeft\/original-equipment-light-vehicles\/\" \n\t\t\t\tclass=\"button btn_medium btn_theme_color btn_rounded btn_normal_style    \"  target='_self'><span>ENDECKE<\/span><\/a>[\/vc_column][\/vc_row][vc_row el_class=&#8220;content-tab-categorie tab2&#8243;][vc_column width=&#8220;1\/2&#8243; el_class=&#8220;shadow-slider&#8220;][vc_single_image image=&#8220;27715&#8243; css=&#8220;.vc_custom_1657535507975{padding-top: 30px !important;padding-right: 30px !important;padding-bottom: 30px !important;padding-left: 30px !important;}&#8220;][\/vc_column][vc_column width=&#8220;1\/2&#8243;]<h2 class=\"boc_heading  al_left  \"  style=\"margin-bottom: 20px;margin-top: 0px;color: #333;\"><span>Heavy Duty<\/span><\/h2>[vc_column_text]Die wichtigsten Hersteller, die <strong>48 % der weltweiten Produktion von Lastkraftwagen und Industriefahrzeugen ausmachen<\/strong>, haben sich f\u00fcr Erstausr\u00fcstungsprodukte von UFI Filters entschieden. St\u00e4rken wie das hohe Effizienz- und Sicherheitsniveau, das umfassende Produktprogramm sowie Investitionen in fortschrittliche Technik machen <strong>UFI zum bevorzugten OEM.<\/strong>[\/vc_column_text]<a\thref=\"\/de\/geschaeft\/original-equipment-heavy-duty\/\" \n\t\t\t\tclass=\"button btn_medium btn_theme_color btn_rounded btn_normal_style    \"  target='_self'><span>ENDECKE<\/span><\/a>[\/vc_column][\/vc_row][vc_row el_class=&#8220;content-tab-categorie tab3&#8243;][vc_column width=&#8220;1\/2&#8243; el_class=&#8220;shadow-slider&#8220;][vc_single_image image=&#8220;27723&#8243; css=&#8220;.vc_custom_1657535517426{padding-top: 30px !important;padding-right: 30px !important;padding-bottom: 30px !important;padding-left: 30px !important;}&#8220;][\/vc_column][vc_column width=&#8220;1\/2&#8243;]<h2 class=\"boc_heading  al_left  \"  style=\"margin-bottom: 20px;margin-top: 0px;color: #333;\"><span>Thermal Systems<\/span><\/h2>[vc_column_text]Seit 2010 bietet UFI Filters auch L\u00f6sungen im W\u00e4rmemanagement an und z\u00e4hlt heute zu den globalen Lieferanten von <strong>Komplettl\u00f6sungen im Powertrain<\/strong>. Die UFI Gruppe hat sich auf die Herstellung von <strong>Aluminium-W\u00e4rmetauschern mit Wasserk\u00fchlung<\/strong> spezialisiert, die mittels Vakuumschwei\u00dfen hergestellt werden, einem Verfahren, das die f\u00fcr die \u00d6lk\u00fchlung erforderliche Zuverl\u00e4ssigkeit und Effizienz steigert<strong>.<\/strong>[\/vc_column_text]<a\thref=\"\/de\/geschaeft\/original-equipment-thermal-system\/\" \n\t\t\t\tclass=\"button btn_medium btn_theme_color btn_rounded btn_normal_style    \"  target='_self'><span>ENDECKE<\/span><\/a>[\/vc_column][\/vc_row][vc_row el_class=&#8220;content-tab-categorie tab4&#8243; css=&#8220;.vc_custom_1655132535894{padding-top: 0px !important;}&#8220;][vc_column width=&#8220;1\/2&#8243; el_class=&#8220;shadow-slider&#8220;][vc_single_image image=&#8220;27707&#8243; css=&#8220;.vc_custom_1657535526916{padding-top: 30px !important;padding-right: 30px !important;padding-bottom: 30px !important;padding-left: 30px !important;}&#8220;][\/vc_column][vc_column width=&#8220;1\/2&#8243;]<h2 class=\"boc_heading  al_left  \"  style=\"margin-bottom: 20px;margin-top: 0px;color: #333;\"><span>Fuel Cell<\/span><\/h2>[vc_column_text]UFI Filters ist bereit f\u00fcr die <strong>Wasserstoffmobilit\u00e4t<\/strong>. Bez\u00fcglich Schwerlastfahrzeugen f\u00fcr den Einsatz mit schweren, gro\u00dfen Tonnagen und auf Langstrecken ist die Verwendung von Wasserstoff zum Antrieb von Brennstoffzellen eine der besten L\u00f6sungen f\u00fcr eine ma\u00dfgebliche Verringerung der Luftverschmutzung. UFI Filters, ein f\u00fchrendes Unternehmen in der Filtration und Produktion von W\u00e4rmetauschern f\u00fcr Verbrennungs-, Hybrid- und Elektrofahrzeuge, hat bereits 2017 damit begonnen, <strong>Vorrichtungen im Zusammenhang mit der Verwendung von Wasserstoff in Brennstoffzellen und den Problemen der Filtration zu entwickeln<\/strong>, nicht nur f\u00fcr Anwendungen f\u00fcr Schwerlastfahrzeuge, aber auch f\u00fcr die Zukunft der Pkw- und leichten Nutzfahrzeugmobilit\u00e4t.[\/vc_column_text]<a\thref=\"\/de\/geschaeft\/fuel-cell-systems\/\" \n\t\t\t\tclass=\"button btn_medium btn_theme_color btn_rounded btn_normal_style    \"  target='_self'><span>ENDECKE<\/span><\/a>[\/vc_column][\/vc_row][\/vc_section][vc_section el_class=&#8220;zbtabs slider-right&#8220; css=&#8220;.vc_custom_1523612434629{margin-bottom: 80px !important;}&#8220;][vc_row el_class=&#8220;zbnavtab&#8220; css=&#8220;.vc_custom_1523550121481{margin-bottom: 0px !important;}&#8220;][vc_column width=&#8220;1\/2&#8243; css=&#8220;.vc_custom_1523891932687{margin-bottom: 0px !important;}&#8220; el_class=&#8220;tab-header&#8220;][vc_raw_html]JTNDdWwlM0UlMEElMjAlMjAlMjAlMjAlM0NsaSUyMGlkJTNEJTIydGFiMSUyMiUyMGNsYXNzJTNEJTIydGFiLWNhdGVnb3JpZSUyMHRhYi1jYXRlZ29yaWUtMDElMjIlM0VVRkklMjBMaWdodCUyMFZlaGljbGVzJTNDJTJGbGklM0UlMEElMjAlMjAlMjAlMjAlM0NsaSUyMGlkJTNEJTIydGFiMiUyMiUyMGNsYXNzJTNEJTIydGFiLWNhdGVnb3JpZSUyMHRhYi1jYXRlZ29yaWUtMDIlMjIlM0VVRkklMjBIZWF2eSUyMER1dHklM0MlMkZsaSUzRSUwQSUyMCUyMCUyMCUyMCUzQ2xpJTIwaWQlM0QlMjJ0YWIzJTIyJTIwY2xhc3MlM0QlMjJ0YWItY2F0ZWdvcmllJTIwdGFiLWNhdGVnb3JpZS0wMyUyMiUzRVNvZmltYSUzQyUyRmxpJTNFJTBBJTNDJTJGdWwlM0U=[\/vc_raw_html][\/vc_column][vc_column width=&#8220;1\/2&#8243; css=&#8220;.vc_custom_1523550133247{margin-bottom: 0px !important;}&#8220;]<h2 class=\"boc_heading  al_right  \"  style=\"margin-bottom: 20px;margin-top: 0px;color: #333;\"><span>Aftermarket<\/span><\/h2>[\/vc_column][\/vc_row][vc_row el_class=&#8220;content-tab-categorie tab1&#8243;][vc_column width=&#8220;1\/2&#8243; el_class=&#8220;shadow-slider&#8220;][vc_single_image image=&#8220;27699&#8243; css=&#8220;.vc_custom_1657535537532{padding-top: 30px !important;padding-right: 30px !important;padding-bottom: 30px !important;padding-left: 30px !important;}&#8220;][\/vc_column][vc_column width=&#8220;1\/2&#8243;]<h2 class=\"boc_heading  al_left  \"  style=\"margin-bottom: 20px;margin-top: 0px;color: #333;\"><span>UFI Aftermarket Light Vehicles<\/span><\/h2>[vc_column_text]Das <strong>Business Unit Aftermarket<\/strong> von UFI Filters bedient den freien Ersatzteilmarkt mit einem <strong>Produktprogramm <\/strong><strong>von \u00fcber 2800 Artikeln f\u00fcr PKW, LKW, Landmaschinen und Motorr\u00e4der unter <\/strong><strong>dem Markennamen <\/strong><strong>UFI <\/strong>und deckt damit\u00a0\u00a0 <strong>\u00fcber 96 % des europ\u00e4ischen <\/strong><strong>Fahrzeugmarktes<\/strong> ab. UFI Produkte werden weltweit in \u00fcber <strong>70 <\/strong><strong>L\u00e4ndern<\/strong> durch Partnerschaften mit den wichtigsten Distributoren sowie \u00fcber <strong>zw\u00f6lf Vertriebsb\u00fcros <\/strong>f\u00fcr den Aftermarket in Europa, China, Indien, Nordamerika, Nordafrika sowie im Nahen Osten vertrieben.[\/vc_column_text]<a\thref=\"\/de\/geschaeft\/aftermarket\/#ufi_aftermarket_light_vehicles\" \n\t\t\t\tclass=\"button btn_medium btn_theme_color btn_rounded btn_normal_style    \"  target='_self'><span>ENDECKE<\/span><\/a>[\/vc_column][\/vc_row][vc_row el_class=&#8220;content-tab-categorie tab2&#8243;][vc_column width=&#8220;1\/2&#8243; el_class=&#8220;shadow-slider&#8220;][vc_single_image image=&#8220;27695&#8243; css=&#8220;.vc_custom_1657535548579{padding-top: 30px !important;padding-right: 30px !important;padding-bottom: 30px !important;padding-left: 30px !important;}&#8220;][\/vc_column][vc_column width=&#8220;1\/2&#8243;]<h2 class=\"boc_heading  al_left  \"  style=\"margin-bottom: 20px;margin-top: 0px;color: #333;\"><span>UFI Aftermarket Heavy Duty<\/span><\/h2>[vc_column_text]Das <strong>Aftermarket-Angebot von UFI Filters f\u00fcr Heavy Duty<\/strong>-Anwendungen w\u00e4chst st\u00e4ndig: Es verf\u00fcgt \u00fcber mehr als <strong>1200 Referenzen<\/strong> f\u00fcr On-Road- (LKW und Bus), Off-Road-Anwendungen (Land- und Erdbewegungsmaschinen) sowie f\u00fcr Hydraulikkreisl\u00e4ufe und bietet technologisch fortschrittliche L\u00f6sungen f\u00fcr besonders anspruchsvolle Motoren, die maximale Zuverl\u00e4ssigkeit und Sicherheit verlangen. <strong>Die Originalqualit\u00e4t der Produkte<\/strong>, die Erfahrung in der Untersuchung und <strong>internen Produktion innovativer Filtermaterialien<\/strong>,<strong> die Teil der Marke FormulaUFI sind und ein Team<\/strong>, das sich dem Heavy-Duty-Bereich verschrieben hat, sind die wesentliche Pluspunkte UFI Filteres bietet.[\/vc_column_text]<a\thref=\"\/de\/geschaeft\/aftermarket\/#ufi_aftermarket_heavy_duty\" \n\t\t\t\tclass=\"button btn_medium btn_theme_color btn_rounded btn_normal_style    \"  target='_self'><span>ENDECKE<\/span><\/a>[\/vc_column][\/vc_row][vc_row el_class=&#8220;content-tab-categorie tab3&#8243;][vc_column width=&#8220;1\/2&#8243; el_class=&#8220;shadow-slider&#8220;][vc_single_image image=&#8220;27731&#8243; css=&#8220;.vc_custom_1657535566812{padding-top: 30px !important;padding-right: 30px !important;padding-bottom: 30px !important;padding-left: 30px !important;}&#8220;][\/vc_column][vc_column width=&#8220;1\/2&#8243;]<h2 class=\"boc_heading  al_left  \"  style=\"margin-bottom: 20px;margin-top: 0px;color: #333;\"><span>SOFIMA Aftermarket<\/span><\/h2>[vc_column_text]<strong>SOFIMA<\/strong> ist die Aftermarket-Marke des UFI-Konzerns, die seit den fr\u00fchen 1980er Jahren f\u00fcr das unabh\u00e4ngige Ersatzteilnetz vermarktet wird. Sie garantiert das gleiche Ma\u00df an <strong>Qualit\u00e4t, Innovation und Technologie, das f\u00fcr die Erstausr\u00fcstung gew\u00e4hlt wurde<\/strong>. Das <strong>Katalogangebot<\/strong> von <strong>SOFIMA besteht aus mehr als 3000 Referenzen<\/strong> und garantiert in jeder Produktfamilie <strong>eine Abdeckung von mehr als 98 % der europ\u00e4ischen Fahrzeugflotte<\/strong>.[\/vc_column_text]<a\thref=\"\/de\/geschaeft\/aftermarket\/#sofima_aftermarket\" \n\t\t\t\tclass=\"button btn_medium btn_theme_color btn_rounded btn_normal_style    \"  target='_self'><span>ENDECKE<\/span><\/a>[\/vc_column][\/vc_row][\/vc_section][vc_section el_class=&#8220;zbtabs slider-left&#8220; css=&#8220;.vc_custom_1523612443763{margin-bottom: 80px !important;}&#8220;][vc_row el_class=&#8220;zbnavtab&#8220; css=&#8220;.vc_custom_1523550416161{margin-bottom: 0px !important;}&#8220;][vc_column width=&#8220;1\/2&#8243; css=&#8220;.vc_custom_1523891938746{margin-bottom: 0px !important;}&#8220; el_class=&#8220;tab-header&#8220;][vc_raw_html]JTNDdWwlM0UlMEElMjAlMjAlMjAlMjAlM0NsaSUyMGlkJTNEJTIydGFiMSUyMiUyMGNsYXNzJTNEJTIydGFiLWNhdGVnb3JpZSUyMHRhYi1jYXRlZ29yaWUtMDElMjIlM0VNb2JpbGUlM0MlMkZsaSUzRSUwQSUyMCUyMCUyMCUyMCUzQ2xpJTIwaWQlM0QlMjJ0YWIyJTIyJTIwY2xhc3MlM0QlMjJ0YWItY2F0ZWdvcmllJTIwdGFiLWNhdGVnb3JpZS0wMiUyMiUzRVN0YXRpb25hcnklM0MlMkZsaSUzRSUwQSUzQyUyRnVsJTNF[\/vc_raw_html][\/vc_column][vc_column width=&#8220;1\/2&#8243; css=&#8220;.vc_custom_1523550423527{margin-bottom: 0px !important;}&#8220;]<h2 class=\"boc_heading  al_left  \"  style=\"margin-bottom: 20px;margin-top: 0px;color: #333;\"><span>Hydraulic<\/span><\/h2>[\/vc_column][\/vc_row][vc_row el_class=&#8220;content-tab-categorie tab1&#8243;][vc_column width=&#8220;1\/2&#8243; el_class=&#8220;shadow-slider&#8220;][vc_single_image image=&#8220;27739&#8243; css=&#8220;.vc_custom_1657535576187{padding-top: 30px !important;padding-right: 30px !important;padding-bottom: 30px !important;padding-left: 30px !important;}&#8220;][\/vc_column][vc_column width=&#8220;1\/2&#8243;]<h2 class=\"boc_heading  al_left  \"  style=\"margin-bottom: 20px;margin-top: 0px;color: #333;\"><span>Mobile<\/span><\/h2>[vc_column_text]Die 1992 gegr\u00fcndete <strong>UFI Hydraulik Division<\/strong> bietet Filterl\u00f6sungen f\u00fcr Hydraulikanlagen f\u00fcr den Fahrzeugsektor als auch f\u00fcr station\u00e4re Anwendungen. In Baumaschinen und in anderen Fahrzeuganwendungen sorgt die umfassende Produktpalette von <strong>UFI Hydraulik<\/strong> bei jeder Herausforderung f\u00fcr zuverl\u00e4ssig starke Leistungen und hohe Wendigkeit. Der <strong>Hydraulik-Katalog<\/strong> enth\u00e4lt \u00fcber <strong>6000<\/strong> <strong>Artikel<\/strong>.[\/vc_column_text]<a\thref=\"\/de\/geschaeft\/olhydraulische-filtration\/#mobile\" \n\t\t\t\tclass=\"button btn_medium btn_theme_color btn_rounded btn_normal_style    \"  target='_self'><span>ENDECKE<\/span><\/a>[\/vc_column][\/vc_row][vc_row el_class=&#8220;content-tab-categorie tab2&#8243;][vc_column width=&#8220;1\/2&#8243; el_class=&#8220;shadow-slider&#8220;][vc_single_image image=&#8220;27735&#8243; css=&#8220;.vc_custom_1657535584874{padding-top: 30px !important;padding-right: 30px !important;padding-bottom: 30px !important;padding-left: 30px !important;}&#8220;][\/vc_column][vc_column width=&#8220;1\/2&#8243;]<h2 class=\"boc_heading  al_left  \"  style=\"margin-bottom: 20px;margin-top: 0px;color: #333;\"><span>Stationary<\/span><\/h2>[vc_column_text]<strong>Filterl\u00f6sungen f\u00fcr station\u00e4re Hydraulikanwendungen<\/strong> &#8211; in mehr als 25 Jahren hat sich die <strong>UFI Hydraulik Division<\/strong> in der Branche einen hohe Reputation erarbeitet und liefert das komplette Filterspektrum f\u00fcr die Bereiche CNC-Maschinen, Pressen, Windkraftanlagen und industrielle Hydrauliksysteme. \u00dcber <strong>6000 Artikel im Produktkatalog<\/strong> von UFI Hydraulik bieten maximalen Schutz, hohe Effizienz, konstante Stabilit\u00e4t im Hydrauliksystem sowie l\u00e4ngere Wartungsintervalle.[\/vc_column_text]<a\thref=\"\/de\/geschaeft\/olhydraulische-filtration\/#stationary\" \n\t\t\t\tclass=\"button btn_medium btn_theme_color btn_rounded btn_normal_style    \"  target='_self'><span>ENDECKE<\/span><\/a>[\/vc_column][\/vc_row][\/vc_section][vc_section el_class=&#8220;zbtabs slider-right&#8220; css=&#8220;.vc_custom_1523612453100{margin-bottom: 150px !important;}&#8220;][vc_row el_class=&#8220;zbnavtab&#8220; css=&#8220;.vc_custom_1523550443998{margin-bottom: 0px !important;}&#8220;][vc_column width=&#8220;1\/2&#8243; el_class=&#8220;tab-header&#8220;][vc_raw_html]JTNDdWwlM0UlMEElMjAlMjAlMjAlMjAlM0NsaSUyMGlkJTNEJTIydGFiMSUyMiUyMGNsYXNzJTNEJTIydGFiLWNhdGVnb3JpZSUyMHRhYi1jYXRlZ29yaWUtMDElMjIlM0VSYWNpbmclM0MlMkZsaSUzRSUwQSUyMCUyMCUyMCUyMCUzQ2xpJTIwaWQlM0QlMjJ0YWIyJTIyJTIwY2xhc3MlM0QlMjJ0YWItY2F0ZWdvcmllJTIwdGFiLWNhdGVnb3JpZS0wMiUyMiUzRUFlcm9zcGFjZSUzQyUyRmxpJTNFJTBBJTNDJTJGdWwlM0U=[\/vc_raw_html][\/vc_column][vc_column width=&#8220;1\/2&#8243; css=&#8220;.vc_custom_1523550450807{margin-bottom: 0px !important;}&#8220;]<h2 class=\"boc_heading  al_right  \"  style=\"margin-bottom: 20px;margin-top: 0px;color: #333;\"><span>High-Tech<\/span><\/h2>[\/vc_column][\/vc_row][vc_row el_class=&#8220;content-tab-categorie tab1&#8243;][vc_column width=&#8220;1\/2&#8243; el_class=&#8220;shadow-slider&#8220;][vc_single_image image=&#8220;27747&#8243; css=&#8220;.vc_custom_1657535594067{padding-top: 30px !important;padding-right: 30px !important;padding-bottom: 30px !important;padding-left: 30px !important;}&#8220;][\/vc_column][vc_column width=&#8220;1\/2&#8243;]<h2 class=\"boc_heading  al_left  \"  style=\"margin-bottom: 20px;margin-top: 0px;color: #333;\"><span>Racing<\/span><\/h2>[vc_column_text]Das Team <strong>High Tech Division<\/strong> von UFI Filters hat sich auf die Herstellung von Filterl\u00f6sungen f\u00fcr Hochleistungsanwendungen spezialisiert, wie etwa in der <strong>Formel 1<\/strong> und im <strong>Motorsport<\/strong> allgemein. <strong>Sieben von zehn F1-Rennst\u00e4llen \u2013 unter anderem Ferrari und Mercedes<\/strong> \u2013 haben sich f\u00fcr unsere Produkte entschieden. Die Partnerschaft mit dem Ferrari-Team besteht bereits seit 1976.[\/vc_column_text]<a\thref=\"\/de\/geschaeft\/high-tech\/#racing\" \n\t\t\t\tclass=\"button btn_medium btn_theme_color btn_rounded btn_normal_style    \"  target='_self'><span>ENDECKE<\/span><\/a>[\/vc_column][\/vc_row][vc_row el_class=&#8220;content-tab-categorie tab2&#8243;][vc_column width=&#8220;1\/2&#8243; el_class=&#8220;shadow-slider&#8220;][vc_single_image image=&#8220;27743&#8243; css=&#8220;.vc_custom_1657535606679{padding-top: 30px !important;padding-right: 30px !important;padding-bottom: 30px !important;padding-left: 30px !important;}&#8220;][\/vc_column][vc_column width=&#8220;1\/2&#8243;]<h2 class=\"boc_heading  al_left  \"  style=\"margin-bottom: 20px;margin-top: 0px;color: #333;\"><span>Aerospace<\/span><\/h2>[vc_column_text]Das Team <strong>High Tech Division<\/strong> von UFI Filters hat sich auf die Herstellung von Filterl\u00f6sungen f\u00fcr Hochleistungsanwendungen spezialisiert, wie etwa in der <strong>Formel 1<\/strong> und im <strong>Motorsport<\/strong> allgemein. <strong>Sieben von zehn F1-Rennst\u00e4llen \u2013 unter anderem Ferrari und Mercedes<\/strong> \u2013 haben sich f\u00fcr unsere Produkte entschieden. Die Partnerschaft mit dem Ferrari-Team besteht bereits seit 1976.[\/vc_column_text]<a\thref=\"\/de\/geschaeft\/high-tech\/#aero-space\" \n\t\t\t\tclass=\"button btn_medium btn_theme_color btn_rounded btn_normal_style    \"  target='_self'><span>ENDECKE<\/span><\/a>[\/vc_column][\/vc_row][\/vc_section]<\/p>\n<\/div>","protected":false},"excerpt":{"rendered":"<p>[vc_section el_class=&#8220;zbtabs slider-left&#8220; css=&#8220;.vc_custom_1523612425200{margin-bottom: 80px !important;}&#8220;][vc_row el_class=&#8220;zbnavtab&#8220; css=&#8220;.vc_custom_1523548696548{margin-bottom: 0px !important;}&#8220;][vc_column width=&#8220;1\/2&#8243; css=&#8220;.vc_custom_1523891917976{margin-bottom: 0px !important;}&#8220; el_class=&#8220;tab-header&#8220;][vc_raw_html]JTNDdWwlM0UlMEElMjAlMjAlMjAlMjAlM0NsaSUyMGlkJTNEJTIydGFiMSUyMiUyMGNsYXNzJTNEJTIydGFiLWNhdGVnb3JpZSUyMHRhYi1jYXRlZ29yaWUtMDElMjIlM0VMaWdodCUyMFZlaGljbGVzJTNDJTJGbGklM0UlMEElMjAlMjAlMjAlMjAlM0NsaSUyMGlkJTNEJTIydGFiMiUyMiUyMGNsYXNzJTNEJTIydGFiLWNhdGVnb3JpZSUyMHRhYi1jYXRlZ29yaWUtMDIlMjIlM0VIZWF2eSUyMER1dHklM0MlMkZsaSUzRSUwQSUyMCUyMCUyMCUyMCUzQ2xpJTIwaWQlM0QlMjJ0YWIzJTIyJTIwY2xhc3MlM0QlMjJ0YWItY2F0ZWdvcmllJTIwdGFiLWNhdGVnb3JpZS0wMyUyMiUzRVRoZXJtYWwlMjBTeXN0ZW1zJTNDJTJGbGklM0UlMEElMjAlMjAlMjAlMjAlM0NsaSUyMGlkJTNEJTIydGFiNCUyMiUyMGNsYXNzJTNEJTIydGFiLWNhdGVnb3JpZSUyMHRhYi1jYXRlZ29yaWUtMDQlMjIlM0VGdWVsJTIwQ2VsbCUzQyUyRmxpJTNFJTBBJTNDJTJGdWwlM0U=[\/vc_raw_html][\/vc_column][vc_column width=&#8220;1\/2&#8243; css=&#8220;.vc_custom_1523548709580{margin-bottom: 0px !important;}&#8220;][\/vc_column][\/vc_row][vc_row el_class=&#8220;content-tab-categorie<\/p>\n<div class=\"h10\"><\/div>\n<p><a class=\"more-link1\" href=\"https:\/\/www.ufifilters.com\/de\/geschaeft\/\">Lies mehr<\/a><\/p>\n","protected":false},"author":6,"featured_media":0,"parent":0,"menu_order":0,"comment_status":"closed","ping_status":"closed","template":"","meta":{"_acf_changed":false,"footnotes":""},"class_list":["post-2246","page","type-page","status-publish","hentry"],"acf":[],"aioseo_notices":[],"_links":{"self":[{"href":"https:\/\/www.ufifilters.com\/de\/wp-json\/wp\/v2\/pages\/2246","targetHints":{"allow":["GET"]}}],"collection":[{"href":"https:\/\/www.ufifilters.com\/de\/wp-json\/wp\/v2\/pages"}],"about":[{"href":"https:\/\/www.ufifilters.com\/de\/wp-json\/wp\/v2\/types\/page"}],"author":[{"embeddable":true,"href":"https:\/\/www.ufifilters.com\/de\/wp-json\/wp\/v2\/users\/6"}],"replies":[{"embeddable":true,"href":"https:\/\/www.ufifilters.com\/de\/wp-json\/wp\/v2\/comments?post=2246"}],"version-history":[{"count":5,"href":"https:\/\/www.ufifilters.com\/de\/wp-json\/wp\/v2\/pages\/2246\/revisions"}],"predecessor-version":[{"id":28387,"href":"https:\/\/www.ufifilters.com\/de\/wp-json\/wp\/v2\/pages\/2246\/revisions\/28387"}],"wp:attachment":[{"href":"https:\/\/www.ufifilters.com\/de\/wp-json\/wp\/v2\/media?parent=2246"}],"curies":[{"name":"wp","href":"https:\/\/api.w.org\/{rel}","templated":true}]}}